{"id":7918,"date":"2022-11-06T21:22:57","date_gmt":"2022-11-06T19:22:57","guid":{"rendered":"https:\/\/vivasem.ro\/?post_type=product&#038;p=7918"},"modified":"2026-03-17T22:52:04","modified_gmt":"2026-03-17T20:52:04","slug":"spanac-de-noua-zeelanda","status":"publish","type":"product","link":"https:\/\/vivasem.ro\/?product=spanac-de-noua-zeelanda","title":{"rendered":"SPANAC DE NOUA ZEELANDA"},"content":{"rendered":"<h6><span style=\"color: #ff0000;\"><strong><u>SPANAC DE NOUA ZEELANDA- Agrosem Tg.Mure\u0219<\/u><\/strong>,<\/span><\/h6>\n<h6><span style=\"color: #0000ff;\">Planta anuala, ce se dezvolt\u0103 viguros, produc\u00e2nd ramifica\u021bii puternice \u0219i frunze suculente, foarte bogate \u00een caroten, fosfor, calciu \u0219i fier, dar \u0219i \u00een vitamina C.<\/span><\/h6>\n<h6><span style=\"color: #0000ff;\">Tulpinile puternic ramificate, lungi de peste 1 m., dupa fiecare recoltere, formeaza l\u0103stari noi.<\/span><\/h6>\n<h6><span style=\"color: #0000ff;\">Fiind foarte rezistent la secet\u0103, culturile de var\u0103 reu\u0219esc bine.<\/span><\/h6>\n<h6>Se cultiva pentru frunzele sale, bogate \u00een fier, din care se prepara diferite m\u00e2ncaruri.<\/h6>\n<h6><span style=\"font-size: 1.1em; font-weight: bold;\">Este un aliment excelent de introdus \u00een dieta zilnic\u0103, av\u00e2nd un efect excelent asupra inimii, previne anemia \u0219i are propriet\u0103\u021bi anti-\u00eemb\u0103tr\u00e2nire.<\/span><\/h6>\n<h6>Semin\u021bele se pot sem\u0103na fie \u00een gr\u0103din\u0103, fie \u00een ghivece, ele av\u00e2nd nevoie \u00een prim\u0103 faz\u0103 de un mediu cald. Pute\u021bi opta \u0219i pentru plantarea \u00een sere sau solarii, asigur\u00e2ndu-i plantei necesarul de umiditate \u0219i lumin\u0103.<\/h6>\n<h6>\u00eensaman\u021bare:<\/h6>\n<h6>&#8211; martie- aprilie<\/h6>\n<h6>&#8211; aprilie &#8211; mai<\/h6>\n<h6>Prefer\u0103 solurile fertile \u0219i bine drenate. Soiul este foarte productiv \u0219i u\u0219or de \u00eentre\u021binut.<\/h6>\n","protected":false},"excerpt":{"rendered":"<h6><span style=\"color: #0000ff;\">4 grame (38 SEMIN\u021aE)<img loading=\"lazy\" decoding=\"async\" class=\"alignnone wp-image-6106\" src=\"https:\/\/vivasem.ro\/wp-content\/uploads\/2021\/12\/NOU3.jpg\" alt=\"\" width=\"76\" height=\"74\" srcset=\"https:\/\/vivasem.ro\/wp-content\/uploads\/2021\/12\/NOU3.jpg 270w, https:\/\/vivasem.ro\/wp-content\/uploads\/2021\/12\/NOU3-248x241.jpg 248w\" sizes=\"auto, (max-width: 76px) 100vw, 76px\" \/><\/span><\/h6>\n","protected":false},"featured_media":7919,"comment_status":"open","ping_status":"closed","template":"","meta":{"site-sidebar-layout":"default","site-content-layout":"default","ast-site-content-layout":"default","site-content-style":"default","site-sidebar-style":"default","ast-global-header-display":"","ast-banner-title-visibility":"","ast-main-header-display":"","ast-hfb-above-header-display":"","ast-hfb-below-header-display":"","ast-hfb-mobile-header-display":"","site-post-title":"","ast-breadcrumbs-content":"","ast-featured-img":"","footer-sml-layout":"","ast-disable-related-posts":"","theme-transparent-header-meta":"default","adv-header-id-meta":"","stick-header-meta":"","header-above-stick-meta":"","header-main-stick-meta":"","header-below-stick-meta":"","astra-migrate-meta-layouts":"set","ast-page-background-enabled":"default","ast-page-background-meta":{"desktop":{"background-color":"var(--ast-global-color-4)","background-image":"","background-repeat":"repeat","background-position":"center center","background-size":"auto","background-attachment":"scroll","background-type":"","background-media":"","overlay-type":"","overlay-color":"","overlay-opacity":"","overlay-gradient":""},"tablet":{"background-color":"","background-image":"","background-repeat":"repeat","background-position":"center center","background-size":"auto","background-attachment":"scroll","background-type":"","background-media":"","overlay-type":"","overlay-color":"","overlay-opacity":"","overlay-gradient":""},"mobile":{"background-color":"","background-image":"","background-repeat":"repeat","background-position":"center center","background-size":"auto","background-attachment":"scroll","background-type":"","background-media":"","overlay-type":"","overlay-color":"","overlay-opacity":"","overlay-gradient":""}},"ast-content-background-meta":{"desktop":{"background-color":"var(--ast-global-color-5)","background-image":"","background-repeat":"repeat","background-position":"center center","background-size":"auto","background-attachment":"scroll","background-type":"","background-media":"","overlay-type":"","overlay-color":"","overlay-opacity":"","overlay-gradient":""},"tablet":{"background-color":"var(--ast-global-color-5)","background-image":"","background-repeat":"repeat","background-position":"center center","background-size":"auto","background-attachment":"scroll","background-type":"","background-media":"","overlay-type":"","overlay-color":"","overlay-opacity":"","overlay-gradient":""},"mobile":{"background-color":"var(--ast-global-color-5)","background-image":"","background-repeat":"repeat","background-position":"center center","background-size":"auto","background-attachment":"scroll","background-type":"","background-media":"","overlay-type":"","overlay-color":"","overlay-opacity":"","overlay-gradient":""}}},"product_brand":[],"product_cat":[114],"product_tag":[],"class_list":{"0":"post-7918","1":"product","2":"type-product","3":"status-publish","4":"has-post-thumbnail","6":"product_cat-spanac","7":"desktop-align-left","8":"tablet-align-left","9":"mobile-align-left","11":"first","12":"instock","13":"taxable","14":"shipping-taxable","15":"purchasable","16":"product-type-simple"},"_links":{"self":[{"href":"https:\/\/vivasem.ro\/index.php?rest_route=\/wp\/v2\/product\/7918","targetHints":{"allow":["GET"]}}],"collection":[{"href":"https:\/\/vivasem.ro\/index.php?rest_route=\/wp\/v2\/product"}],"about":[{"href":"https:\/\/vivasem.ro\/index.php?rest_route=\/wp\/v2\/types\/product"}],"replies":[{"embeddable":true,"href":"https:\/\/vivasem.ro\/index.php?rest_route=%2Fwp%2Fv2%2Fcomments&post=7918"}],"wp:featuredmedia":[{"embeddable":true,"href":"https:\/\/vivasem.ro\/index.php?rest_route=\/wp\/v2\/media\/7919"}],"wp:attachment":[{"href":"https:\/\/vivasem.ro\/index.php?rest_route=%2Fwp%2Fv2%2Fmedia&parent=7918"}],"wp:term":[{"taxonomy":"product_brand","embeddable":true,"href":"https:\/\/vivasem.ro\/index.php?rest_route=%2Fwp%2Fv2%2Fproduct_brand&post=7918"},{"taxonomy":"product_cat","embeddable":true,"href":"https:\/\/vivasem.ro\/index.php?rest_route=%2Fwp%2Fv2%2Fproduct_cat&post=7918"},{"taxonomy":"product_tag","embeddable":true,"href":"https:\/\/vivasem.ro\/index.php?rest_route=%2Fwp%2Fv2%2Fproduct_tag&post=7918"}],"curies":[{"name":"wp","href":"https:\/\/api.w.org\/{rel}","templated":true}]}}