{"id":7897,"date":"2022-11-06T20:22:39","date_gmt":"2022-11-06T18:22:39","guid":{"rendered":"https:\/\/vivasem.ro\/?post_type=product&#038;p=7897"},"modified":"2026-03-02T08:29:14","modified_gmt":"2026-03-02T06:29:14","slug":"salata-creata-rosie-lollo-rossa-2","status":"publish","type":"product","link":"https:\/\/vivasem.ro\/?product=salata-creata-rosie-lollo-rossa-2","title":{"rendered":"Salat\u0103 creat\u0103 rosie LOLLO ROSSA"},"content":{"rendered":"<h6><span style=\"color: #ff0000;\"><strong><u><span style=\"color: #ff0000;\">Salat\u0103 crea\u021b\u0103 ro\u0219ie LOLLO ROSSA -Agrosem Tg. Mure\u0219,<\/span><\/u><\/strong><\/span><\/h6>\n<h6>\u00a0Salata Lollo Rossa este un soi timpuriu de salat\u0103 cu frunze cre\u021be (tip \u201cLOLLO\u201d).<\/h6>\n<h6>Frunzele, au culoare ro\u0219u \u00eenchis la exterior \u0219i verde la interior \u0219i sunt crocante, foarte dulci \u0219i\u00a0 gustoase. Foarte aspectuase, \u00een ornarea diverselor preparate culinare.<br \/>\nGreutatea medie este cuprinsa intre 150 \u2013 300 grame.<\/h6>\n<h6>Soi recomandat pentru cultivarea in c\u00e2mp deschis.<\/h6>\n<h6>De consumat \u00een stare proasp\u0103t\u0103.<br \/>\nRecomandam 110.000 plante\/ha.<\/h6>\n<h6><strong>Distanta de plantare: 30<\/strong> cm. \u00eentre randuri, 25-30 cm \u00eentre plante.<\/h6>\n<h6><strong>Semanat in rasadnite:<\/strong>\u00a0Februarie &#8211; Martie, August &#8211; Septembrie<\/h6>\n<h6><strong>Semanat in camp:\u00a0<\/strong>Martie, August, Septembrie<\/h6>\n<h6><strong>Transplantare:\u00a0<\/strong>45 zile<\/h6>\n<h6><strong>Recoltare:\u00a0<\/strong>Aprilie-Iunie, Septembrie-Noiembrie<\/h6>\n<h6><strong>Semanatul in camp deschis<\/strong><\/h6>\n<h6>Se realizeaz\u0103 in lunile martie-aprilie sau august-septembrie.<\/h6>\n<h6>Temperaturile optime de germinare sunt de 20-25\u00a0grade C.<\/h6>\n<h6><strong>Recoltarea<\/strong><\/h6>\n<h6>Se realizeaza\u00a0in lunile aprilie-iunie respectiv octombrie-noiembrie.<\/h6>\n<h6>Destinat culturilor in spatii protejate si camp<\/h6>\n<h6>SE POATE CONSUMA \u00ceN STARE PROASP\u0102T\u0102\u00a0 SAU G\u0102TIT\u0102.<\/h6>\n<h6>Cele mai bune randamente se pot obtine prin fertilizare cu ingrasaminte pe baza de azot sau gunoi de grajd, dar de asemenea si ingrasamantul organic este foarte benefic.<\/h6>\n<p>&nbsp;<\/p>\n","protected":false},"excerpt":{"rendered":"<h6><span style=\"color: #0000ff;\">1,5 grame(1200 semin\u021be) <img loading=\"lazy\" decoding=\"async\" class=\"alignnone wp-image-6106\" src=\"https:\/\/vivasem.ro\/wp-content\/uploads\/2021\/12\/NOU3.jpg\" alt=\"\" width=\"72\" height=\"69\" srcset=\"https:\/\/vivasem.ro\/wp-content\/uploads\/2021\/12\/NOU3.jpg 270w, https:\/\/vivasem.ro\/wp-content\/uploads\/2021\/12\/NOU3-248x241.jpg 248w\" sizes=\"auto, (max-width: 72px) 100vw, 72px\" \/><\/span><\/h6>\n","protected":false},"featured_media":7898,"comment_status":"open","ping_status":"closed","template":"","meta":{"site-sidebar-layout":"default","site-content-layout":"default","ast-site-content-layout":"default","site-content-style":"default","site-sidebar-style":"default","ast-global-header-display":"","ast-banner-title-visibility":"","ast-main-header-display":"","ast-hfb-above-header-display":"","ast-hfb-below-header-display":"","ast-hfb-mobile-header-display":"","site-post-title":"","ast-breadcrumbs-content":"","ast-featured-img":"","footer-sml-layout":"","ast-disable-related-posts":"","theme-transparent-header-meta":"default","adv-header-id-meta":"","stick-header-meta":"","header-above-stick-meta":"","header-main-stick-meta":"","header-below-stick-meta":"","astra-migrate-meta-layouts":"set","ast-page-background-enabled":"default","ast-page-background-meta":{"desktop":{"background-color":"var(--ast-global-color-4)","background-image":"","background-repeat":"repeat","background-position":"center center","background-size":"auto","background-attachment":"scroll","background-type":"","background-media":"","overlay-type":"","overlay-color":"","overlay-opacity":"","overlay-gradient":""},"tablet":{"background-color":"","background-image":"","background-repeat":"repeat","background-position":"center center","background-size":"auto","background-attachment":"scroll","background-type":"","background-media":"","overlay-type":"","overlay-color":"","overlay-opacity":"","overlay-gradient":""},"mobile":{"background-color":"","background-image":"","background-repeat":"repeat","background-position":"center center","background-size":"auto","background-attachment":"scroll","background-type":"","background-media":"","overlay-type":"","overlay-color":"","overlay-opacity":"","overlay-gradient":""}},"ast-content-background-meta":{"desktop":{"background-color":"var(--ast-global-color-5)","background-image":"","background-repeat":"repeat","background-position":"center center","background-size":"auto","background-attachment":"scroll","background-type":"","background-media":"","overlay-type":"","overlay-color":"","overlay-opacity":"","overlay-gradient":""},"tablet":{"background-color":"var(--ast-global-color-5)","background-image":"","background-repeat":"repeat","background-position":"center center","background-size":"auto","background-attachment":"scroll","background-type":"","background-media":"","overlay-type":"","overlay-color":"","overlay-opacity":"","overlay-gradient":""},"mobile":{"background-color":"var(--ast-global-color-5)","background-image":"","background-repeat":"repeat","background-position":"center center","background-size":"auto","background-attachment":"scroll","background-type":"","background-media":"","overlay-type":"","overlay-color":"","overlay-opacity":"","overlay-gradient":""}}},"product_brand":[],"product_cat":[88],"product_tag":[],"class_list":{"0":"post-7897","1":"product","2":"type-product","3":"status-publish","4":"has-post-thumbnail","6":"product_cat-salata-varza-kale","7":"desktop-align-left","8":"tablet-align-left","9":"mobile-align-left","11":"first","12":"instock","13":"taxable","14":"shipping-taxable","15":"purchasable","16":"product-type-simple"},"_links":{"self":[{"href":"https:\/\/vivasem.ro\/index.php?rest_route=\/wp\/v2\/product\/7897","targetHints":{"allow":["GET"]}}],"collection":[{"href":"https:\/\/vivasem.ro\/index.php?rest_route=\/wp\/v2\/product"}],"about":[{"href":"https:\/\/vivasem.ro\/index.php?rest_route=\/wp\/v2\/types\/product"}],"replies":[{"embeddable":true,"href":"https:\/\/vivasem.ro\/index.php?rest_route=%2Fwp%2Fv2%2Fcomments&post=7897"}],"wp:featuredmedia":[{"embeddable":true,"href":"https:\/\/vivasem.ro\/index.php?rest_route=\/wp\/v2\/media\/7898"}],"wp:attachment":[{"href":"https:\/\/vivasem.ro\/index.php?rest_route=%2Fwp%2Fv2%2Fmedia&parent=7897"}],"wp:term":[{"taxonomy":"product_brand","embeddable":true,"href":"https:\/\/vivasem.ro\/index.php?rest_route=%2Fwp%2Fv2%2Fproduct_brand&post=7897"},{"taxonomy":"product_cat","embeddable":true,"href":"https:\/\/vivasem.ro\/index.php?rest_route=%2Fwp%2Fv2%2Fproduct_cat&post=7897"},{"taxonomy":"product_tag","embeddable":true,"href":"https:\/\/vivasem.ro\/index.php?rest_route=%2Fwp%2Fv2%2Fproduct_tag&post=7897"}],"curies":[{"name":"wp","href":"https:\/\/api.w.org\/{rel}","templated":true}]}}