{"id":788,"date":"2021-11-04T21:51:12","date_gmt":"2021-11-04T19:51:12","guid":{"rendered":"https:\/\/vivasem.ro\/?post_type=product&#038;p=788"},"modified":"2024-12-08T08:14:05","modified_gmt":"2024-12-08T06:14:05","slug":"giant-plum-red-pruna-rosie-uriasa","status":"publish","type":"product","link":"https:\/\/vivasem.ro\/?product=giant-plum-red-pruna-rosie-uriasa","title":{"rendered":".GIANT PLUM RED (PRUNA ROSIE URIAS\u0102)"},"content":{"rendered":"<h6><span style=\"color: #ff0000;\">GIANT PLUM RED\/Slivka Gigant Krasnaa\/PRUNA RO\u0218IE URIA\u0218\u0102,<\/span><\/h6>\n<h6><span style=\"color: #ff0000;\"><span style=\"color: #000000;\"> ESTE UNUL DIN CELE MAI BUNE SOIURI HEIRLOOM DIN UKRAINA.<\/span><\/span><\/h6>\n<h6><span style=\"color: #0000ff;\">FOARTE PRODUCTIV,FORMEAZ\u0102 CIORCHINI BOGA\u021aI DE 3-6\u00a0 FRUCTE MARI, DE 120-300 grame, DE CULOARE RO\u0218U-APRINS, MARI, ALUNGITE,CU O BUN\u0102 REZISTEN\u021a\u0102 LA TRANSPORT, DELICIOASE, CU CON\u021aINUT MARE DE ZAHAR, DE UTILIZAT LA\u00a0 SOSURI ,PASTE DAR \u0218I PENTRUCONSUM PROASP\u0102T.<\/span><\/h6>\n<h6>PULPA ESTE C\u0102RNOAS\u0102,DENS\u0102, FERM\u0102.<\/h6>\n<h6><span style=\"color: #0000ff;\">AM OB\u021aINUT \u0218I 1,5 kilograme\/PLANT\u0102, LA O RECOLTARE\u00a0 (VEZI FOTO).<\/span><\/h6>\n<h6>PLANTELE SUNT VIGUROASE, REZISTENTE LA FRIG,<span style=\"color: #0000ff;\"> DE SEZON LUNG<\/span>, NEDETRMINATE, MEDIU-TIMPURII, CU REZULTATE EXCELENTE \u00ceN GR\u0102DIN\u0102 \u0218I EXCEP\u021aIONALE \u00ceN SOLAR.<\/h6>\n","protected":false},"excerpt":{"rendered":"<h6><span style=\"color: #0000ff;\">25 SEMIN\u021aE<\/span><\/h6>\n<h6><span style=\"color: #ff00ff;\">\u00a0EXTREM DE PRODUCTIV !<\/span><\/h6>\n<h6><span style=\"color: #ff00ff;\">GUST EXCELENT !<\/span><\/h6>\n<h6><span style=\"color: #ff00ff;\">SOI FOARTE REZISTENT !<\/span><\/h6>\n","protected":false},"featured_media":4056,"comment_status":"open","ping_status":"closed","template":"","meta":{"site-sidebar-layout":"default","site-content-layout":"default","ast-site-content-layout":"default","site-content-style":"default","site-sidebar-style":"default","ast-global-header-display":"","ast-banner-title-visibility":"","ast-main-header-display":"","ast-hfb-above-header-display":"","ast-hfb-below-header-display":"","ast-hfb-mobile-header-display":"","site-post-title":"","ast-breadcrumbs-content":"","ast-featured-img":"","footer-sml-layout":"","ast-disable-related-posts":"","theme-transparent-header-meta":"default","adv-header-id-meta":"","stick-header-meta":"","header-above-stick-meta":"","header-main-stick-meta":"","header-below-stick-meta":"","astra-migrate-meta-layouts":"set","ast-page-background-enabled":"default","ast-page-background-meta":{"desktop":{"background-color":"var(--ast-global-color-4)","background-image":"","background-repeat":"repeat","background-position":"center center","background-size":"auto","background-attachment":"scroll","background-type":"","background-media":"","overlay-type":"","overlay-color":"","overlay-opacity":"","overlay-gradient":""},"tablet":{"background-color":"","background-image":"","background-repeat":"repeat","background-position":"center center","background-size":"auto","background-attachment":"scroll","background-type":"","background-media":"","overlay-type":"","overlay-color":"","overlay-opacity":"","overlay-gradient":""},"mobile":{"background-color":"","background-image":"","background-repeat":"repeat","background-position":"center center","background-size":"auto","background-attachment":"scroll","background-type":"","background-media":"","overlay-type":"","overlay-color":"","overlay-opacity":"","overlay-gradient":""}},"ast-content-background-meta":{"desktop":{"background-color":"var(--ast-global-color-5)","background-image":"","background-repeat":"repeat","background-position":"center center","background-size":"auto","background-attachment":"scroll","background-type":"","background-media":"","overlay-type":"","overlay-color":"","overlay-opacity":"","overlay-gradient":""},"tablet":{"background-color":"var(--ast-global-color-5)","background-image":"","background-repeat":"repeat","background-position":"center center","background-size":"auto","background-attachment":"scroll","background-type":"","background-media":"","overlay-type":"","overlay-color":"","overlay-opacity":"","overlay-gradient":""},"mobile":{"background-color":"var(--ast-global-color-5)","background-image":"","background-repeat":"repeat","background-position":"center center","background-size":"auto","background-attachment":"scroll","background-type":"","background-media":"","overlay-type":"","overlay-color":"","overlay-opacity":"","overlay-gradient":""}}},"product_brand":[],"product_cat":[178,141,142,15],"product_tag":[],"class_list":{"0":"post-788","1":"product","2":"type-product","3":"status-publish","4":"has-post-thumbnail","6":"product_cat-soiuri-lungi","7":"product_cat-soi-gigant-urias","8":"product_cat-soiuri-rosii-roz","9":"product_cat-tomate-soi","10":"desktop-align-left","11":"tablet-align-left","12":"mobile-align-left","14":"first","15":"instock","16":"taxable","17":"shipping-taxable","18":"purchasable","19":"product-type-simple"},"_links":{"self":[{"href":"https:\/\/vivasem.ro\/index.php?rest_route=\/wp\/v2\/product\/788","targetHints":{"allow":["GET"]}}],"collection":[{"href":"https:\/\/vivasem.ro\/index.php?rest_route=\/wp\/v2\/product"}],"about":[{"href":"https:\/\/vivasem.ro\/index.php?rest_route=\/wp\/v2\/types\/product"}],"replies":[{"embeddable":true,"href":"https:\/\/vivasem.ro\/index.php?rest_route=%2Fwp%2Fv2%2Fcomments&post=788"}],"wp:featuredmedia":[{"embeddable":true,"href":"https:\/\/vivasem.ro\/index.php?rest_route=\/wp\/v2\/media\/4056"}],"wp:attachment":[{"href":"https:\/\/vivasem.ro\/index.php?rest_route=%2Fwp%2Fv2%2Fmedia&parent=788"}],"wp:term":[{"taxonomy":"product_brand","embeddable":true,"href":"https:\/\/vivasem.ro\/index.php?rest_route=%2Fwp%2Fv2%2Fproduct_brand&post=788"},{"taxonomy":"product_cat","embeddable":true,"href":"https:\/\/vivasem.ro\/index.php?rest_route=%2Fwp%2Fv2%2Fproduct_cat&post=788"},{"taxonomy":"product_tag","embeddable":true,"href":"https:\/\/vivasem.ro\/index.php?rest_route=%2Fwp%2Fv2%2Fproduct_tag&post=788"}],"curies":[{"name":"wp","href":"https:\/\/api.w.org\/{rel}","templated":true}]}}