{"id":787,"date":"2021-11-04T21:40:06","date_gmt":"2021-11-04T19:40:06","guid":{"rendered":"https:\/\/vivasem.ro\/?post_type=product&#038;p=787"},"modified":"2025-01-13T16:17:48","modified_gmt":"2025-01-13T14:17:48","slug":"albenga-pearson","status":"publish","type":"product","link":"https:\/\/vivasem.ro\/?product=albenga-pearson","title":{"rendered":"_ALBENGA PEARSON (INIM\u0102 PEARSON DE ALBENGA -LIGURIA)"},"content":{"rendered":"<h6><span style=\"color: #ff0000;\">ALBENGA PEARSON,<\/span><\/h6>\n<h6><span style=\"color: #0000ff;\">ESTE O VARIETATE MAI MARE SI MAI PRODUCTIV\u0102<\/span> , LA <span style=\"color: #ff0000;\">INIMA DE BOU DE ALBENGA-LIGURE,<\/span> CU PLANTE VIGUROASE, CE AJUNG SI LA 5 METRII.<\/h6>\n<h6>FRUCTELE SUNT C\u0102RNOASE , DULCI \u2013U\u0218OR ACIDE, SUCULENTE, GUST EXCELENT, CLASIC, CU SEMINTE PUTINE , DE CULOARE ROSU-APRINS.<\/h6>\n<h6>M\u0102RIMEA MEDIE ESTE DE 150-250 GRAME,<span style=\"color: #0000ff;\"> DAR UNELE FRUCTE POT DEVENII GIGANT, AJUNG\u00c2ND \u0218I LA 1 kilogram.<\/span><\/h6>\n<h6>SOI VECHI ITALIAN, NEDETERMINAT, SEMITIMPURIU, <span style=\"color: #0000ff;\">DE SEZON LUNG,<\/span> DE GR\u0102DIN\u0102, IAR \u00ceN SOLAR, <span style=\"color: #0000ff;\">RODE\u0218TE P\u00c2N\u0102 LA \u00ceNGHE\u021a.<\/span><\/h6>\n","protected":false},"excerpt":{"rendered":"<h6><span style=\"color: #0000ff;\">25 SEMIN\u021aE<\/span><\/h6>\n<h6><span style=\"color: #ff0000;\">\u00a0PRODUCTIV , GUST EXCELENT !<\/span><\/h6>\n","protected":false},"featured_media":907,"comment_status":"open","ping_status":"closed","template":"","meta":{"site-sidebar-layout":"default","site-content-layout":"default","ast-site-content-layout":"default","site-content-style":"default","site-sidebar-style":"default","ast-global-header-display":"","ast-banner-title-visibility":"","ast-main-header-display":"","ast-hfb-above-header-display":"","ast-hfb-below-header-display":"","ast-hfb-mobile-header-display":"","site-post-title":"","ast-breadcrumbs-content":"","ast-featured-img":"","footer-sml-layout":"","ast-disable-related-posts":"","theme-transparent-header-meta":"default","adv-header-id-meta":"","stick-header-meta":"","header-above-stick-meta":"","header-main-stick-meta":"","header-below-stick-meta":"","astra-migrate-meta-layouts":"set","ast-page-background-enabled":"default","ast-page-background-meta":{"desktop":{"background-color":"var(--ast-global-color-4)","background-image":"","background-repeat":"repeat","background-position":"center center","background-size":"auto","background-attachment":"scroll","background-type":"","background-media":"","overlay-type":"","overlay-color":"","overlay-opacity":"","overlay-gradient":""},"tablet":{"background-color":"","background-image":"","background-repeat":"repeat","background-position":"center center","background-size":"auto","background-attachment":"scroll","background-type":"","background-media":"","overlay-type":"","overlay-color":"","overlay-opacity":"","overlay-gradient":""},"mobile":{"background-color":"","background-image":"","background-repeat":"repeat","background-position":"center center","background-size":"auto","background-attachment":"scroll","background-type":"","background-media":"","overlay-type":"","overlay-color":"","overlay-opacity":"","overlay-gradient":""}},"ast-content-background-meta":{"desktop":{"background-color":"var(--ast-global-color-5)","background-image":"","background-repeat":"repeat","background-position":"center center","background-size":"auto","background-attachment":"scroll","background-type":"","background-media":"","overlay-type":"","overlay-color":"","overlay-opacity":"","overlay-gradient":""},"tablet":{"background-color":"var(--ast-global-color-5)","background-image":"","background-repeat":"repeat","background-position":"center center","background-size":"auto","background-attachment":"scroll","background-type":"","background-media":"","overlay-type":"","overlay-color":"","overlay-opacity":"","overlay-gradient":""},"mobile":{"background-color":"var(--ast-global-color-5)","background-image":"","background-repeat":"repeat","background-position":"center center","background-size":"auto","background-attachment":"scroll","background-type":"","background-media":"","overlay-type":"","overlay-color":"","overlay-opacity":"","overlay-gradient":""}}},"product_brand":[],"product_cat":[151,141,142,144,15],"product_tag":[],"class_list":{"0":"post-787","1":"product","2":"type-product","3":"status-publish","4":"has-post-thumbnail","6":"product_cat-soiuri-italiene","7":"product_cat-soi-gigant-urias","8":"product_cat-soiuri-rosii-roz","9":"product_cat-soiuri-tip-inima-de-bou","10":"product_cat-tomate-soi","11":"desktop-align-left","12":"tablet-align-left","13":"mobile-align-left","15":"first","16":"instock","17":"taxable","18":"shipping-taxable","19":"purchasable","20":"product-type-simple"},"_links":{"self":[{"href":"https:\/\/vivasem.ro\/index.php?rest_route=\/wp\/v2\/product\/787","targetHints":{"allow":["GET"]}}],"collection":[{"href":"https:\/\/vivasem.ro\/index.php?rest_route=\/wp\/v2\/product"}],"about":[{"href":"https:\/\/vivasem.ro\/index.php?rest_route=\/wp\/v2\/types\/product"}],"replies":[{"embeddable":true,"href":"https:\/\/vivasem.ro\/index.php?rest_route=%2Fwp%2Fv2%2Fcomments&post=787"}],"wp:featuredmedia":[{"embeddable":true,"href":"https:\/\/vivasem.ro\/index.php?rest_route=\/wp\/v2\/media\/907"}],"wp:attachment":[{"href":"https:\/\/vivasem.ro\/index.php?rest_route=%2Fwp%2Fv2%2Fmedia&parent=787"}],"wp:term":[{"taxonomy":"product_brand","embeddable":true,"href":"https:\/\/vivasem.ro\/index.php?rest_route=%2Fwp%2Fv2%2Fproduct_brand&post=787"},{"taxonomy":"product_cat","embeddable":true,"href":"https:\/\/vivasem.ro\/index.php?rest_route=%2Fwp%2Fv2%2Fproduct_cat&post=787"},{"taxonomy":"product_tag","embeddable":true,"href":"https:\/\/vivasem.ro\/index.php?rest_route=%2Fwp%2Fv2%2Fproduct_tag&post=787"}],"curies":[{"name":"wp","href":"https:\/\/api.w.org\/{rel}","templated":true}]}}