{"id":785,"date":"2021-11-04T21:18:36","date_gmt":"2021-11-04T19:18:36","guid":{"rendered":"https:\/\/vivasem.ro\/?post_type=product&#038;p=785"},"modified":"2025-11-11T08:50:21","modified_gmt":"2025-11-11T06:50:21","slug":"inima-de-albenga-cuor-di-bue-dalbenga-ligure","status":"publish","type":"product","link":"https:\/\/vivasem.ro\/?product=inima-de-albenga-cuor-di-bue-dalbenga-ligure","title":{"rendered":"INIM\u0102 DE BOU DE ALBENGA (CUOR DI BUE D`ALBENGA \u2013LIGURE)"},"content":{"rendered":"<h6><span style=\"color: #ff0000;\"><strong>INIM\u0102 DE BOU DE ALBENGA-LIGURE \/(CUOR DI BUE D`ALBENGA \u2013LIGURE) ,<\/strong><\/span><\/h6>\n<p>Semin\u021be de la OPAL ZI Bulgaria, ambalate \u00een plic ZIP.<\/p>\n<h6><strong><span style=\"color: #0000ff;\">CEA MAI CELEBR\u0102 INIM\u0102 DE BOU ITALIAN\u0102, CULTIVAT\u0102 \u00ceN TOAT\u0102 LUMEA,<\/span> CU FRUCTELE TIP PAR\u0102 CREA\u021a\u0102, DE CULOARE RO\u0218IE-INTENS\u0102, FOARTE FRUMOASE .<\/strong><\/h6>\n<h6><strong><span style=\"color: #0000ff;\">DEOSEBIT DE GUSTOASE, DULCI,<\/span> NEACIDE<\/strong>, FOARTE C\u0102RNOASE, SUCULENTE .<\/h6>\n<h6><span style=\"color: #0000ff;\">GREUTATEA MEDIE ESTE DE 100-200 grame, DAR S-AU \u00ceNREGISTRAT \u0218I RECORDURI DE 1 kilogram.<\/span><\/h6>\n<h6>SOI REZISTENT LA BOLI, <span style=\"color: #0000ff;\">FOARTE PRODUCTIV,<\/span> CARE D\u0102 REZULTATE FOARTE BUNE\u00a0 \u00a0SI LA CLIMA NOASTR\u0102, \u00ceN GR\u0102DIN\u0102,DAR \u0218I \u00ceN SOLAR.<\/h6>\n<h6>SOI VECHI, HEIRLOOM,NEDETERMINAT, SEMITIMPURIU.<\/h6>\n","protected":false},"excerpt":{"rendered":"<h6><span style=\"color: #0000ff;\">30 SEMIN\u021aE<\/span><\/h6>\n<h6><span style=\"color: #ff00ff;\">SOI PRODUCTIV , <\/span><span style=\"color: #ff00ff;\">DEOSEBIT DE GUSTOS !<\/span><\/h6>\n","protected":false},"featured_media":883,"comment_status":"open","ping_status":"closed","template":"","meta":{"site-sidebar-layout":"default","site-content-layout":"default","ast-site-content-layout":"default","site-content-style":"default","site-sidebar-style":"default","ast-global-header-display":"","ast-banner-title-visibility":"","ast-main-header-display":"","ast-hfb-above-header-display":"","ast-hfb-below-header-display":"","ast-hfb-mobile-header-display":"","site-post-title":"","ast-breadcrumbs-content":"","ast-featured-img":"","footer-sml-layout":"","ast-disable-related-posts":"","theme-transparent-header-meta":"default","adv-header-id-meta":"","stick-header-meta":"","header-above-stick-meta":"","header-main-stick-meta":"","header-below-stick-meta":"","astra-migrate-meta-layouts":"set","ast-page-background-enabled":"default","ast-page-background-meta":{"desktop":{"background-color":"var(--ast-global-color-4)","background-image":"","background-repeat":"repeat","background-position":"center center","background-size":"auto","background-attachment":"scroll","background-type":"","background-media":"","overlay-type":"","overlay-color":"","overlay-opacity":"","overlay-gradient":""},"tablet":{"background-color":"","background-image":"","background-repeat":"repeat","background-position":"center center","background-size":"auto","background-attachment":"scroll","background-type":"","background-media":"","overlay-type":"","overlay-color":"","overlay-opacity":"","overlay-gradient":""},"mobile":{"background-color":"","background-image":"","background-repeat":"repeat","background-position":"center center","background-size":"auto","background-attachment":"scroll","background-type":"","background-media":"","overlay-type":"","overlay-color":"","overlay-opacity":"","overlay-gradient":""}},"ast-content-background-meta":{"desktop":{"background-color":"var(--ast-global-color-5)","background-image":"","background-repeat":"repeat","background-position":"center center","background-size":"auto","background-attachment":"scroll","background-type":"","background-media":"","overlay-type":"","overlay-color":"","overlay-opacity":"","overlay-gradient":""},"tablet":{"background-color":"var(--ast-global-color-5)","background-image":"","background-repeat":"repeat","background-position":"center center","background-size":"auto","background-attachment":"scroll","background-type":"","background-media":"","overlay-type":"","overlay-color":"","overlay-opacity":"","overlay-gradient":""},"mobile":{"background-color":"var(--ast-global-color-5)","background-image":"","background-repeat":"repeat","background-position":"center center","background-size":"auto","background-attachment":"scroll","background-type":"","background-media":"","overlay-type":"","overlay-color":"","overlay-opacity":"","overlay-gradient":""}}},"product_brand":[],"product_cat":[151,141,142,144,15],"product_tag":[],"class_list":{"0":"post-785","1":"product","2":"type-product","3":"status-publish","4":"has-post-thumbnail","6":"product_cat-soiuri-italiene","7":"product_cat-soi-gigant-urias","8":"product_cat-soiuri-rosii-roz","9":"product_cat-soiuri-tip-inima-de-bou","10":"product_cat-tomate-soi","11":"desktop-align-left","12":"tablet-align-left","13":"mobile-align-left","15":"first","16":"instock","17":"taxable","18":"shipping-taxable","19":"purchasable","20":"product-type-simple"},"_links":{"self":[{"href":"https:\/\/vivasem.ro\/index.php?rest_route=\/wp\/v2\/product\/785","targetHints":{"allow":["GET"]}}],"collection":[{"href":"https:\/\/vivasem.ro\/index.php?rest_route=\/wp\/v2\/product"}],"about":[{"href":"https:\/\/vivasem.ro\/index.php?rest_route=\/wp\/v2\/types\/product"}],"replies":[{"embeddable":true,"href":"https:\/\/vivasem.ro\/index.php?rest_route=%2Fwp%2Fv2%2Fcomments&post=785"}],"wp:featuredmedia":[{"embeddable":true,"href":"https:\/\/vivasem.ro\/index.php?rest_route=\/wp\/v2\/media\/883"}],"wp:attachment":[{"href":"https:\/\/vivasem.ro\/index.php?rest_route=%2Fwp%2Fv2%2Fmedia&parent=785"}],"wp:term":[{"taxonomy":"product_brand","embeddable":true,"href":"https:\/\/vivasem.ro\/index.php?rest_route=%2Fwp%2Fv2%2Fproduct_brand&post=785"},{"taxonomy":"product_cat","embeddable":true,"href":"https:\/\/vivasem.ro\/index.php?rest_route=%2Fwp%2Fv2%2Fproduct_cat&post=785"},{"taxonomy":"product_tag","embeddable":true,"href":"https:\/\/vivasem.ro\/index.php?rest_route=%2Fwp%2Fv2%2Fproduct_tag&post=785"}],"curies":[{"name":"wp","href":"https:\/\/api.w.org\/{rel}","templated":true}]}}