{"id":784,"date":"2021-11-04T21:02:40","date_gmt":"2021-11-04T19:02:40","guid":{"rendered":"https:\/\/vivasem.ro\/?post_type=product&#038;p=784"},"modified":"2023-08-12T07:10:53","modified_gmt":"2023-08-12T05:10:53","slug":"mikado-beefsteak","status":"publish","type":"product","link":"https:\/\/vivasem.ro\/?product=mikado-beefsteak","title":{"rendered":"MIKADO BEEFSTEAK"},"content":{"rendered":"<h6><span style=\"color: #ff0000;\"><strong>MIKADO BEEFSTEAK,<\/strong><\/span><\/h6>\n<h6><strong>SOI FOARTE VECHI , ACLIMATIZAT \u00ceN UCRAINA, TIMPURIU, <span style=\"color: #0000ff;\">CE PRODUCE MUL\u021aI CIORCHINI VIGURO\u0218I, COMPUSI DIN 3-6 RO\u0218II MARI<\/span><\/strong><span style=\"color: #0000ff;\">, \u00ceNTRE 100 \u0218I 200 grame, DAR CARE AJUNG FRECVENT LA 300 -400 grame.<\/span><\/h6>\n<h6>FRUCTELE SUNT <span style=\"color: #0000ff;\">FOARTE C\u0102RNOASE, TIP BEEFSTEAK, CU SEMIN\u021aE PU\u021aINE, DE CULOARE RO\u0218IE-PURPURIE, FRUNZELE SUNT\u00a0 TIP CARTOF.<\/span><\/h6>\n<h6><span style=\"color: #0000ff;\">GUSTUL ESTE EXCEP\u021aIONAL, DE TOMAT\u0102 CLASIC\u0102,\u00a0 FOARTE DULCE, U\u0218OR ACID,\u00a0 INTENS AROMAT.<\/span><\/h6>\n<h6>PLANTELE NEDETERMINATE ,MEDIU-TIMPURII, SUNT BINE ADAPTATE LA CLIMA R\u0102COROAS\u0102 \u0218I DAU BUNE REZULTATE \u00ceN GR\u0102DIN\u0102, DAR \u0218I \u00ceN SOLAR.<\/h6>\n<p>&nbsp;<\/p>\n","protected":false},"excerpt":{"rendered":"<h6><span style=\"color: #0000ff;\">50 SEMIN\u021aE<\/span><\/h6>\n<h6><span style=\"color: #ff6600;\">FRUCTE DE CALITATE CU GUST EXCEP\u021aIONAL !<\/span><\/h6>\n<h6>M\u0102RIME: 100-400 gr<\/h6>\n<h5><\/h5>\n","protected":false},"featured_media":4143,"comment_status":"open","ping_status":"closed","template":"","meta":{"site-sidebar-layout":"default","site-content-layout":"default","ast-site-content-layout":"default","site-content-style":"default","site-sidebar-style":"default","ast-global-header-display":"","ast-banner-title-visibility":"","ast-main-header-display":"","ast-hfb-above-header-display":"","ast-hfb-below-header-display":"","ast-hfb-mobile-header-display":"","site-post-title":"","ast-breadcrumbs-content":"","ast-featured-img":"","footer-sml-layout":"","ast-disable-related-posts":"","theme-transparent-header-meta":"default","adv-header-id-meta":"","stick-header-meta":"","header-above-stick-meta":"","header-main-stick-meta":"","header-below-stick-meta":"","astra-migrate-meta-layouts":"default","ast-page-background-enabled":"default","ast-page-background-meta":{"desktop":{"background-color":"var(--ast-global-color-4)","background-image":"","background-repeat":"repeat","background-position":"center center","background-size":"auto","background-attachment":"scroll","background-type":"","background-media":"","overlay-type":"","overlay-color":"","overlay-opacity":"","overlay-gradient":""},"tablet":{"background-color":"","background-image":"","background-repeat":"repeat","background-position":"center center","background-size":"auto","background-attachment":"scroll","background-type":"","background-media":"","overlay-type":"","overlay-color":"","overlay-opacity":"","overlay-gradient":""},"mobile":{"background-color":"","background-image":"","background-repeat":"repeat","background-position":"center center","background-size":"auto","background-attachment":"scroll","background-type":"","background-media":"","overlay-type":"","overlay-color":"","overlay-opacity":"","overlay-gradient":""}},"ast-content-background-meta":{"desktop":{"background-color":"var(--ast-global-color-5)","background-image":"","background-repeat":"repeat","background-position":"center center","background-size":"auto","background-attachment":"scroll","background-type":"","background-media":"","overlay-type":"","overlay-color":"","overlay-opacity":"","overlay-gradient":""},"tablet":{"background-color":"var(--ast-global-color-5)","background-image":"","background-repeat":"repeat","background-position":"center center","background-size":"auto","background-attachment":"scroll","background-type":"","background-media":"","overlay-type":"","overlay-color":"","overlay-opacity":"","overlay-gradient":""},"mobile":{"background-color":"var(--ast-global-color-5)","background-image":"","background-repeat":"repeat","background-position":"center center","background-size":"auto","background-attachment":"scroll","background-type":"","background-media":"","overlay-type":"","overlay-color":"","overlay-opacity":"","overlay-gradient":""}}},"product_brand":[],"product_cat":[149],"product_tag":[],"class_list":{"0":"post-784","1":"product","2":"type-product","3":"status-publish","4":"has-post-thumbnail","6":"product_cat-33-produse-epuizate","7":"desktop-align-left","8":"tablet-align-left","9":"mobile-align-left","11":"first","12":"outofstock","13":"taxable","14":"shipping-taxable","15":"purchasable","16":"product-type-simple"},"_links":{"self":[{"href":"https:\/\/vivasem.ro\/index.php?rest_route=\/wp\/v2\/product\/784","targetHints":{"allow":["GET"]}}],"collection":[{"href":"https:\/\/vivasem.ro\/index.php?rest_route=\/wp\/v2\/product"}],"about":[{"href":"https:\/\/vivasem.ro\/index.php?rest_route=\/wp\/v2\/types\/product"}],"replies":[{"embeddable":true,"href":"https:\/\/vivasem.ro\/index.php?rest_route=%2Fwp%2Fv2%2Fcomments&post=784"}],"wp:featuredmedia":[{"embeddable":true,"href":"https:\/\/vivasem.ro\/index.php?rest_route=\/wp\/v2\/media\/4143"}],"wp:attachment":[{"href":"https:\/\/vivasem.ro\/index.php?rest_route=%2Fwp%2Fv2%2Fmedia&parent=784"}],"wp:term":[{"taxonomy":"product_brand","embeddable":true,"href":"https:\/\/vivasem.ro\/index.php?rest_route=%2Fwp%2Fv2%2Fproduct_brand&post=784"},{"taxonomy":"product_cat","embeddable":true,"href":"https:\/\/vivasem.ro\/index.php?rest_route=%2Fwp%2Fv2%2Fproduct_cat&post=784"},{"taxonomy":"product_tag","embeddable":true,"href":"https:\/\/vivasem.ro\/index.php?rest_route=%2Fwp%2Fv2%2Fproduct_tag&post=784"}],"curies":[{"name":"wp","href":"https:\/\/api.w.org\/{rel}","templated":true}]}}