{"id":7835,"date":"2022-11-06T07:33:04","date_gmt":"2022-11-06T05:33:04","guid":{"rendered":"https:\/\/vivasem.ro\/?post_type=product&#038;p=7835"},"modified":"2026-03-26T10:37:54","modified_gmt":"2026-03-26T08:37:54","slug":"dovleac-atlantic-giant","status":"publish","type":"product","link":"https:\/\/vivasem.ro\/?product=dovleac-atlantic-giant","title":{"rendered":"DOVLEAC PENTRU COPT ATLANTIC GIANT"},"content":{"rendered":"<h6><span style=\"color: #ff0000;\">DOVLEAC ATLANTIC GIANT-Agrosem Tg.Mure\u0219<\/span><\/h6>\n<h6>Acest soi de dovleac este renumit pentru de\u021binerea recordului mondial \u00een ceea ce prive\u0219te dimensiunea \u0219i greutatea fructelor, cu peste 100 kilograme, care ajung frecvent s\u0103 c\u00e2nt\u0103reasc\u0103 aproximativ 40 \u2013 80 kg.<\/h6>\n<h6>Se pot consuma at\u00e2t semin\u021bele c\u00e2t \u0219i pulpa dovleacului, acestea av\u00e2nd o valoare nutri\u021bional\u0103 ridicat\u0103 \u0219i un con\u021binut bogat de vitamina A. Plantare \u0219i \u00eengrijire :Semin\u021bele pot fi plantate fie \u00een gr\u0103din\u0103, fie \u00een solar, ele av\u00e2nd nevoie \u00een prim\u0103 faz\u0103 de un mediu cald.<\/h6>\n<h6>Pute\u021bi opta \u0219i pentru plantarea \u00een sere sau solarii, asigur\u00e2ndu-i plantei necesarul de umiditate \u0219i lumin\u0103.<\/h6>\n<h6>Prefer\u0103 solurile fertile \u0219i bine drenate. Soiul este foarte productiv \u0219i u\u0219or de \u00eentre\u021binut.<\/h6>\n","protected":false},"excerpt":{"rendered":"<h6><span style=\"color: #0000ff;\">2grame\/15 seminte<\/span><\/h6>\n<h6><span style=\"color: #ff00ff;\">RECORD MONDIAL ! SOI URIA\u0218 CE POATE DEP\u0102\u0218I 100\u00a0 kilograme!<\/span><\/h6>\n","protected":false},"featured_media":7837,"comment_status":"open","ping_status":"closed","template":"","meta":{"site-sidebar-layout":"default","site-content-layout":"default","ast-site-content-layout":"default","site-content-style":"default","site-sidebar-style":"default","ast-global-header-display":"","ast-banner-title-visibility":"","ast-main-header-display":"","ast-hfb-above-header-display":"","ast-hfb-below-header-display":"","ast-hfb-mobile-header-display":"","site-post-title":"","ast-breadcrumbs-content":"","ast-featured-img":"","footer-sml-layout":"","ast-disable-related-posts":"","theme-transparent-header-meta":"default","adv-header-id-meta":"","stick-header-meta":"","header-above-stick-meta":"","header-main-stick-meta":"","header-below-stick-meta":"","astra-migrate-meta-layouts":"set","ast-page-background-enabled":"default","ast-page-background-meta":{"desktop":{"background-color":"var(--ast-global-color-4)","background-image":"","background-repeat":"repeat","background-position":"center center","background-size":"auto","background-attachment":"scroll","background-type":"","background-media":"","overlay-type":"","overlay-color":"","overlay-opacity":"","overlay-gradient":""},"tablet":{"background-color":"","background-image":"","background-repeat":"repeat","background-position":"center center","background-size":"auto","background-attachment":"scroll","background-type":"","background-media":"","overlay-type":"","overlay-color":"","overlay-opacity":"","overlay-gradient":""},"mobile":{"background-color":"","background-image":"","background-repeat":"repeat","background-position":"center center","background-size":"auto","background-attachment":"scroll","background-type":"","background-media":"","overlay-type":"","overlay-color":"","overlay-opacity":"","overlay-gradient":""}},"ast-content-background-meta":{"desktop":{"background-color":"var(--ast-global-color-5)","background-image":"","background-repeat":"repeat","background-position":"center center","background-size":"auto","background-attachment":"scroll","background-type":"","background-media":"","overlay-type":"","overlay-color":"","overlay-opacity":"","overlay-gradient":""},"tablet":{"background-color":"var(--ast-global-color-5)","background-image":"","background-repeat":"repeat","background-position":"center center","background-size":"auto","background-attachment":"scroll","background-type":"","background-media":"","overlay-type":"","overlay-color":"","overlay-opacity":"","overlay-gradient":""},"mobile":{"background-color":"var(--ast-global-color-5)","background-image":"","background-repeat":"repeat","background-position":"center center","background-size":"auto","background-attachment":"scroll","background-type":"","background-media":"","overlay-type":"","overlay-color":"","overlay-opacity":"","overlay-gradient":""}}},"product_brand":[],"product_cat":[87],"product_tag":[],"class_list":{"0":"post-7835","1":"product","2":"type-product","3":"status-publish","4":"has-post-thumbnail","6":"product_cat-dovlecei","7":"desktop-align-left","8":"tablet-align-left","9":"mobile-align-left","11":"first","12":"instock","13":"taxable","14":"shipping-taxable","15":"purchasable","16":"product-type-simple"},"_links":{"self":[{"href":"https:\/\/vivasem.ro\/index.php?rest_route=\/wp\/v2\/product\/7835","targetHints":{"allow":["GET"]}}],"collection":[{"href":"https:\/\/vivasem.ro\/index.php?rest_route=\/wp\/v2\/product"}],"about":[{"href":"https:\/\/vivasem.ro\/index.php?rest_route=\/wp\/v2\/types\/product"}],"replies":[{"embeddable":true,"href":"https:\/\/vivasem.ro\/index.php?rest_route=%2Fwp%2Fv2%2Fcomments&post=7835"}],"wp:featuredmedia":[{"embeddable":true,"href":"https:\/\/vivasem.ro\/index.php?rest_route=\/wp\/v2\/media\/7837"}],"wp:attachment":[{"href":"https:\/\/vivasem.ro\/index.php?rest_route=%2Fwp%2Fv2%2Fmedia&parent=7835"}],"wp:term":[{"taxonomy":"product_brand","embeddable":true,"href":"https:\/\/vivasem.ro\/index.php?rest_route=%2Fwp%2Fv2%2Fproduct_brand&post=7835"},{"taxonomy":"product_cat","embeddable":true,"href":"https:\/\/vivasem.ro\/index.php?rest_route=%2Fwp%2Fv2%2Fproduct_cat&post=7835"},{"taxonomy":"product_tag","embeddable":true,"href":"https:\/\/vivasem.ro\/index.php?rest_route=%2Fwp%2Fv2%2Fproduct_tag&post=7835"}],"curies":[{"name":"wp","href":"https:\/\/api.w.org\/{rel}","templated":true}]}}