{"id":783,"date":"2021-11-04T20:50:05","date_gmt":"2021-11-04T18:50:05","guid":{"rendered":"https:\/\/vivasem.ro\/?post_type=product&#038;p=783"},"modified":"2026-01-01T14:49:10","modified_gmt":"2026-01-01T12:49:10","slug":"costoluto-fiorentino","status":"publish","type":"product","link":"https:\/\/vivasem.ro\/?product=costoluto-fiorentino","title":{"rendered":"COSTOLUTO FIORENTINO (Ofert\u0103 pret\/G. 60-70%)"},"content":{"rendered":"<h6><span style=\"color: #ff0000;\"> COSTOLUTO FIORENTINO,<\/span><\/h6>\n<h6><span style=\"color: #000080;\">Produc\u0103tor Green Paradise -Franchi Sementi Italia,<\/span><\/h6>\n<h6><span style=\"color: #ff0000;\">Lot cu germina\u021bie de 60-70%.<\/span><\/h6>\n<h6><span style=\"color: #000080;\">SOI TRADITIONAL ITALIAN, HEIRLOOM, FOARTE CUNOSCUT \u0218I CULTIVAT \u00ceN \u00ceNTREAGA LUME, DE RO\u0218II CRE\u021aE, FOARTE REZISTENT LA C\u0102LDUR\u0102.<\/span><\/h6>\n<h6><span style=\"color: #ff0000;\">FRUCTELE SUNT FOARTE C\u0102RNOASE,F\u0102R\u0102 GOLURI , SUCULENTE, TIP BEEFSTEAK, GUST EXCELENT, CLASIC, FOARTE DULCE, DE CULOARE RO\u0218U-APRINS.<\/span><\/h6>\n<h6><span style=\"color: #000080;\">DE UTILIZAT PROASPETE SAU PENTRU SOSURI,CONSERVE,ETC.<\/span><\/h6>\n<h6><span style=\"color: #ff0000;\">GREUTATEA ESTE DE 150-200 grame,DAR POATE AJUNGE \u0218I LA 400 GRAME.<\/span><\/h6>\n<h6><span style=\"color: #000080;\">PLANTELE SUNT NEDETERMINATE, MEDIU-TIMPURII, FOARTE PRODUCTIVE P\u0102N\u0102 LA SFAR\u0218IT DE SEZON.<\/span><\/h6>\n<h6><span style=\"color: #000080;\">CU REZULTATE FOARTE BUNE, \u00ceN SPECIAL \u00ceN ZONE MAI C\u0102LDUROASE, \u00ceN GR\u0102DIN\u0102 \u0218I SOLAR.<\/span><\/h6>\n","protected":false},"excerpt":{"rendered":"<h6><span style=\"color: #ff00ff;\">SOI FOARTE PRODUCTIV ! <\/span><span style=\"color: #ff00ff;\">GUST EXCELENT ! <\/span><span style=\"color: #ff00ff;\">REZISTENT LA C\u0102LDUR\u0102 !<\/span><\/h6>\n","protected":false},"featured_media":1666,"comment_status":"open","ping_status":"closed","template":"","meta":{"site-sidebar-layout":"default","site-content-layout":"default","ast-site-content-layout":"default","site-content-style":"default","site-sidebar-style":"default","ast-global-header-display":"","ast-banner-title-visibility":"","ast-main-header-display":"","ast-hfb-above-header-display":"","ast-hfb-below-header-display":"","ast-hfb-mobile-header-display":"","site-post-title":"","ast-breadcrumbs-content":"","ast-featured-img":"","footer-sml-layout":"","ast-disable-related-posts":"","theme-transparent-header-meta":"default","adv-header-id-meta":"","stick-header-meta":"","header-above-stick-meta":"","header-main-stick-meta":"","header-below-stick-meta":"","astra-migrate-meta-layouts":"set","ast-page-background-enabled":"default","ast-page-background-meta":{"desktop":{"background-color":"var(--ast-global-color-4)","background-image":"","background-repeat":"repeat","background-position":"center center","background-size":"auto","background-attachment":"scroll","background-type":"","background-media":"","overlay-type":"","overlay-color":"","overlay-opacity":"","overlay-gradient":""},"tablet":{"background-color":"","background-image":"","background-repeat":"repeat","background-position":"center center","background-size":"auto","background-attachment":"scroll","background-type":"","background-media":"","overlay-type":"","overlay-color":"","overlay-opacity":"","overlay-gradient":""},"mobile":{"background-color":"","background-image":"","background-repeat":"repeat","background-position":"center center","background-size":"auto","background-attachment":"scroll","background-type":"","background-media":"","overlay-type":"","overlay-color":"","overlay-opacity":"","overlay-gradient":""}},"ast-content-background-meta":{"desktop":{"background-color":"var(--ast-global-color-5)","background-image":"","background-repeat":"repeat","background-position":"center center","background-size":"auto","background-attachment":"scroll","background-type":"","background-media":"","overlay-type":"","overlay-color":"","overlay-opacity":"","overlay-gradient":""},"tablet":{"background-color":"var(--ast-global-color-5)","background-image":"","background-repeat":"repeat","background-position":"center center","background-size":"auto","background-attachment":"scroll","background-type":"","background-media":"","overlay-type":"","overlay-color":"","overlay-opacity":"","overlay-gradient":""},"mobile":{"background-color":"var(--ast-global-color-5)","background-image":"","background-repeat":"repeat","background-position":"center center","background-size":"auto","background-attachment":"scroll","background-type":"","background-media":"","overlay-type":"","overlay-color":"","overlay-opacity":"","overlay-gradient":""}}},"product_brand":[],"product_cat":[180,151,142,15],"product_tag":[],"class_list":{"0":"post-783","1":"product","2":"type-product","3":"status-publish","4":"has-post-thumbnail","6":"product_cat-oferte-de-pret-cantitate","7":"product_cat-soiuri-italiene","8":"product_cat-soiuri-rosii-roz","9":"product_cat-tomate-soi","10":"pa_numar-30-s-202","11":"pa_numar-30-s-1200-seminte","12":"pa_numar-30-s-150-seminte","13":"pa_numar-30-s-1500-seminte","14":"pa_numar-30-s-180-seminte","15":"pa_numar-30-s-210-seminte","16":"pa_numar-30-s-240-seminte","17":"pa_numar-30-s-270-seminte","18":"pa_numar-30-s-30-seminte","19":"pa_numar-30-s-300-seminte","20":"pa_numar-30-s-60-seminte","21":"pa_numar-30-s-600-seminte","22":"pa_numar-30-s-90-seminte","23":"pa_numar-30-s-900-seminte","24":"desktop-align-left","25":"tablet-align-left","26":"mobile-align-left","28":"first","29":"instock","30":"sale","31":"taxable","32":"shipping-taxable","33":"purchasable","34":"product-type-variable"},"_links":{"self":[{"href":"https:\/\/vivasem.ro\/index.php?rest_route=\/wp\/v2\/product\/783","targetHints":{"allow":["GET"]}}],"collection":[{"href":"https:\/\/vivasem.ro\/index.php?rest_route=\/wp\/v2\/product"}],"about":[{"href":"https:\/\/vivasem.ro\/index.php?rest_route=\/wp\/v2\/types\/product"}],"replies":[{"embeddable":true,"href":"https:\/\/vivasem.ro\/index.php?rest_route=%2Fwp%2Fv2%2Fcomments&post=783"}],"wp:featuredmedia":[{"embeddable":true,"href":"https:\/\/vivasem.ro\/index.php?rest_route=\/wp\/v2\/media\/1666"}],"wp:attachment":[{"href":"https:\/\/vivasem.ro\/index.php?rest_route=%2Fwp%2Fv2%2Fmedia&parent=783"}],"wp:term":[{"taxonomy":"product_brand","embeddable":true,"href":"https:\/\/vivasem.ro\/index.php?rest_route=%2Fwp%2Fv2%2Fproduct_brand&post=783"},{"taxonomy":"product_cat","embeddable":true,"href":"https:\/\/vivasem.ro\/index.php?rest_route=%2Fwp%2Fv2%2Fproduct_cat&post=783"},{"taxonomy":"product_tag","embeddable":true,"href":"https:\/\/vivasem.ro\/index.php?rest_route=%2Fwp%2Fv2%2Fproduct_tag&post=783"}],"curies":[{"name":"wp","href":"https:\/\/api.w.org\/{rel}","templated":true}]}}