{"id":782,"date":"2021-11-04T20:41:59","date_gmt":"2021-11-04T18:41:59","guid":{"rendered":"https:\/\/vivasem.ro\/?post_type=product&#038;p=782"},"modified":"2026-01-20T11:56:26","modified_gmt":"2026-01-20T09:56:26","slug":"scatolone-2-ucraina","status":"publish","type":"product","link":"https:\/\/vivasem.ro\/?product=scatolone-2-ucraina","title":{"rendered":"\u201e\u201eSCATOLONE 2- UCRAINA"},"content":{"rendered":"<h6><span style=\"color: #ff0000;\"><strong>SCATOLONE 2- UCRAINA,<\/strong><\/span><\/h6>\n<h6><span style=\"color: #0000ff;\"><strong>(\u00ceN FOTOGRAFIILE CU TASUL C\u00c2NTARULUI PLIN,SUNT RO\u0218II CULESE DE LA O SINGUR\u0102 PLANT\u0102)<\/strong><\/span><\/h6>\n<h6><strong>O ALT\u0102\u00a0 VARIETATE SCATOLONE, (SAN MARZANO GIGANTE) , <\/strong><\/h6>\n<h6><span style=\"color: #0000ff;\"><strong>ORIGINAR\u0102 DIN ITALIA, DAR ACLIMATIZAT\u0102 \u00ceN UCRAINA \u0218I ADAPTAT\u0102 \u0218I LA CONDI\u021aII CLIMATICE MAI DIFICILE \u0218I LA TEMPERATURI SC\u0102ZUTE.<\/strong><\/span><\/h6>\n<h6><strong>\u00a0<span style=\"color: #ff0000;\">\u00ceNTRE CELE MAI BUNE SOIURI DE G\u0102TIT, DIN LUME,<\/span><\/strong><\/h6>\n<h6>IDEAL PENTRU SOSURI,PASTE DAR \u0218I PENTRU SALATE.<\/h6>\n<h6>FRUCTELE SUNT RO\u0218U-APRINS, ALUNGITE, FOARTE DULCI, NEACIDE, FERME , C\u0102RNOASE, F\u0102R\u0102 GEL,CU SEMIN\u021aE PU\u021aINE, CE SE FELIAZ\u0102 PERFECT.<\/h6>\n<h6>GREUTATEA SE SITUAZ\u0102 \u00ceNTRE 90-150 grame.<\/h6>\n<h6>IDEALE PENTRU SOSURI,PASTE DAR \u0218I SALATE.<\/h6>\n<h6><span style=\"color: #ff0000;\">EXTREM DE PRODUCTIVE, PLANTELE SUNT NEDETERMINATE, MEDIU-TIMPURII, RODESC ABUNDENT,TOT SEZONUL \u0218I SE POATE\u00a0 AJUNGE \u0218I LA 15 KG\/PLANT\u0102\/ AN.<\/span><\/h6>\n<h6>ESTE DE SEZON LUNG, DE UNDE SI NUMELE, CARE \u00ceNSEAMN\u0102 ,,CUTIE DE CARTON\u201d, PENTRU C\u0102, GOGONELELE ADUNATE LA VENIREA FRIGULUI, SE\u00a0 POT \u021aINE , INTR-O CUTIE ,\u00ceN CAS\u0102 ,LA C\u0102LDUR\u0102 \u0218I SE COC ULTERIOR.<\/h6>\n","protected":false},"excerpt":{"rendered":"<h6><span style=\"color: #0000ff;\">30 SEMIN\u021aE<\/span><\/h6>\n<h6><span style=\"color: #ff00ff;\">EXTREM DE PRODUCTIV !<\/span><\/h6>\n","protected":false},"featured_media":4060,"comment_status":"open","ping_status":"closed","template":"","meta":{"site-sidebar-layout":"default","site-content-layout":"default","ast-site-content-layout":"default","site-content-style":"default","site-sidebar-style":"default","ast-global-header-display":"","ast-banner-title-visibility":"","ast-main-header-display":"","ast-hfb-above-header-display":"","ast-hfb-below-header-display":"","ast-hfb-mobile-header-display":"","site-post-title":"","ast-breadcrumbs-content":"","ast-featured-img":"","footer-sml-layout":"","ast-disable-related-posts":"","theme-transparent-header-meta":"default","adv-header-id-meta":"","stick-header-meta":"","header-above-stick-meta":"","header-main-stick-meta":"","header-below-stick-meta":"","astra-migrate-meta-layouts":"set","ast-page-background-enabled":"default","ast-page-background-meta":{"desktop":{"background-color":"var(--ast-global-color-4)","background-image":"","background-repeat":"repeat","background-position":"center center","background-size":"auto","background-attachment":"scroll","background-type":"","background-media":"","overlay-type":"","overlay-color":"","overlay-opacity":"","overlay-gradient":""},"tablet":{"background-color":"","background-image":"","background-repeat":"repeat","background-position":"center center","background-size":"auto","background-attachment":"scroll","background-type":"","background-media":"","overlay-type":"","overlay-color":"","overlay-opacity":"","overlay-gradient":""},"mobile":{"background-color":"","background-image":"","background-repeat":"repeat","background-position":"center center","background-size":"auto","background-attachment":"scroll","background-type":"","background-media":"","overlay-type":"","overlay-color":"","overlay-opacity":"","overlay-gradient":""}},"ast-content-background-meta":{"desktop":{"background-color":"var(--ast-global-color-5)","background-image":"","background-repeat":"repeat","background-position":"center center","background-size":"auto","background-attachment":"scroll","background-type":"","background-media":"","overlay-type":"","overlay-color":"","overlay-opacity":"","overlay-gradient":""},"tablet":{"background-color":"var(--ast-global-color-5)","background-image":"","background-repeat":"repeat","background-position":"center center","background-size":"auto","background-attachment":"scroll","background-type":"","background-media":"","overlay-type":"","overlay-color":"","overlay-opacity":"","overlay-gradient":""},"mobile":{"background-color":"var(--ast-global-color-5)","background-image":"","background-repeat":"repeat","background-position":"center center","background-size":"auto","background-attachment":"scroll","background-type":"","background-media":"","overlay-type":"","overlay-color":"","overlay-opacity":"","overlay-gradient":""}}},"product_brand":[],"product_cat":[151,178,142,15],"product_tag":[],"class_list":{"0":"post-782","1":"product","2":"type-product","3":"status-publish","4":"has-post-thumbnail","6":"product_cat-soiuri-italiene","7":"product_cat-soiuri-lungi","8":"product_cat-soiuri-rosii-roz","9":"product_cat-tomate-soi","10":"desktop-align-left","11":"tablet-align-left","12":"mobile-align-left","14":"first","15":"outofstock","16":"taxable","17":"shipping-taxable","18":"purchasable","19":"product-type-simple"},"_links":{"self":[{"href":"https:\/\/vivasem.ro\/index.php?rest_route=\/wp\/v2\/product\/782","targetHints":{"allow":["GET"]}}],"collection":[{"href":"https:\/\/vivasem.ro\/index.php?rest_route=\/wp\/v2\/product"}],"about":[{"href":"https:\/\/vivasem.ro\/index.php?rest_route=\/wp\/v2\/types\/product"}],"replies":[{"embeddable":true,"href":"https:\/\/vivasem.ro\/index.php?rest_route=%2Fwp%2Fv2%2Fcomments&post=782"}],"wp:featuredmedia":[{"embeddable":true,"href":"https:\/\/vivasem.ro\/index.php?rest_route=\/wp\/v2\/media\/4060"}],"wp:attachment":[{"href":"https:\/\/vivasem.ro\/index.php?rest_route=%2Fwp%2Fv2%2Fmedia&parent=782"}],"wp:term":[{"taxonomy":"product_brand","embeddable":true,"href":"https:\/\/vivasem.ro\/index.php?rest_route=%2Fwp%2Fv2%2Fproduct_brand&post=782"},{"taxonomy":"product_cat","embeddable":true,"href":"https:\/\/vivasem.ro\/index.php?rest_route=%2Fwp%2Fv2%2Fproduct_cat&post=782"},{"taxonomy":"product_tag","embeddable":true,"href":"https:\/\/vivasem.ro\/index.php?rest_route=%2Fwp%2Fv2%2Fproduct_tag&post=782"}],"curies":[{"name":"wp","href":"https:\/\/api.w.org\/{rel}","templated":true}]}}