{"id":779,"date":"2021-11-04T20:00:17","date_gmt":"2021-11-04T18:00:17","guid":{"rendered":"https:\/\/vivasem.ro\/?post_type=product&#038;p=779"},"modified":"2026-02-13T09:33:44","modified_gmt":"2026-02-13T07:33:44","slug":"pisanello-da-bruschetta","status":"publish","type":"product","link":"https:\/\/vivasem.ro\/?product=pisanello-da-bruschetta","title":{"rendered":"\u201e\u201ePISANELLO DA BRUSCHETTA 40s"},"content":{"rendered":"<h6><strong><span style=\"color: #ff0000;\">PISANELLO DA BRUSCHETTA<\/span>,<\/strong><\/h6>\n<h6><strong>SOI TRADI\u021aIONAL ITALIAN, HEIRLOOM, DE RO\u0218II CRE\u021aE, <span style=\"color: #0000ff;\">MULT FOLOSIT IN BUC\u0102T\u0102RIA DIN PENINSUL\u0102, \u00ceN SPECIAL \u00ceN STARE PROASP\u0102T\u0102, DUP\u0102 CUM \u00ceI SPUNE \u0218I NUMELE ,,RO\u0218IA PENTRU BRUSCHETE DIN PISA ,, .<\/span><\/strong><\/h6>\n<h6><strong>\u0218I-A C\u00c2\u0218TIGAT FAIMA, DATORIT\u0102 <span style=\"color: #0000ff;\">GUSTULUI EXCELENT<\/span><\/strong><span style=\"color: #0000ff;\">, DULCE ,CU AROM\u0102 PUTERNIC\u0102 DE RO\u0218IE \u021a\u0102R\u0102NEASC\u0102, CU FRUCTE C\u0102RNOASE, SEMIN\u021aE PU\u021aINE ,CULOARE INTENS\u0102 RO\u0218IE, \u00ceN CONCLUZIE ESTE O TOMAT\u0102 FRUMOAS\u0102.<\/span><\/h6>\n<h6>GREUTATEA MEDIE ESTE DE 100-150 grame,DAR AJUNG P\u00c2N\u0102 LA 350 grame.<\/h6>\n<h6>PLANTELE NEDETERMINATE, <span style=\"color: #0000ff;\">SUNT EXTRAORDINAR DE PRODUCTIVE,<\/span> P\u0102NA LA SFAR\u0218ITUL SEZONULUI\u00a0 ,RECOLTELE FIIND TIMPURII.<\/h6>\n<h6>G100%<\/h6>\n","protected":false},"excerpt":{"rendered":"<h6><span style=\"color: #0000ff;\">40 SEMIN\u021aE<\/span><\/h6>\n<h6><span style=\"color: #ff00ff;\">EXTREM DE PRODUCTIV, GUST EXCELENT !<\/span><\/h6>\n","protected":false},"featured_media":4223,"comment_status":"open","ping_status":"closed","template":"","meta":{"site-sidebar-layout":"default","site-content-layout":"default","ast-site-content-layout":"default","site-content-style":"default","site-sidebar-style":"default","ast-global-header-display":"","ast-banner-title-visibility":"","ast-main-header-display":"","ast-hfb-above-header-display":"","ast-hfb-below-header-display":"","ast-hfb-mobile-header-display":"","site-post-title":"","ast-breadcrumbs-content":"","ast-featured-img":"","footer-sml-layout":"","ast-disable-related-posts":"","theme-transparent-header-meta":"default","adv-header-id-meta":"","stick-header-meta":"","header-above-stick-meta":"","header-main-stick-meta":"","header-below-stick-meta":"","astra-migrate-meta-layouts":"set","ast-page-background-enabled":"default","ast-page-background-meta":{"desktop":{"background-color":"var(--ast-global-color-4)","background-image":"","background-repeat":"repeat","background-position":"center center","background-size":"auto","background-attachment":"scroll","background-type":"","background-media":"","overlay-type":"","overlay-color":"","overlay-opacity":"","overlay-gradient":""},"tablet":{"background-color":"","background-image":"","background-repeat":"repeat","background-position":"center center","background-size":"auto","background-attachment":"scroll","background-type":"","background-media":"","overlay-type":"","overlay-color":"","overlay-opacity":"","overlay-gradient":""},"mobile":{"background-color":"","background-image":"","background-repeat":"repeat","background-position":"center center","background-size":"auto","background-attachment":"scroll","background-type":"","background-media":"","overlay-type":"","overlay-color":"","overlay-opacity":"","overlay-gradient":""}},"ast-content-background-meta":{"desktop":{"background-color":"var(--ast-global-color-5)","background-image":"","background-repeat":"repeat","background-position":"center center","background-size":"auto","background-attachment":"scroll","background-type":"","background-media":"","overlay-type":"","overlay-color":"","overlay-opacity":"","overlay-gradient":""},"tablet":{"background-color":"var(--ast-global-color-5)","background-image":"","background-repeat":"repeat","background-position":"center center","background-size":"auto","background-attachment":"scroll","background-type":"","background-media":"","overlay-type":"","overlay-color":"","overlay-opacity":"","overlay-gradient":""},"mobile":{"background-color":"var(--ast-global-color-5)","background-image":"","background-repeat":"repeat","background-position":"center center","background-size":"auto","background-attachment":"scroll","background-type":"","background-media":"","overlay-type":"","overlay-color":"","overlay-opacity":"","overlay-gradient":""}}},"product_brand":[],"product_cat":[180,151,142,15],"product_tag":[],"class_list":{"0":"post-779","1":"product","2":"type-product","3":"status-publish","4":"has-post-thumbnail","6":"product_cat-oferte-de-pret-cantitate","7":"product_cat-soiuri-italiene","8":"product_cat-soiuri-rosii-roz","9":"product_cat-tomate-soi","10":"desktop-align-left","11":"tablet-align-left","12":"mobile-align-left","14":"first","15":"outofstock","16":"taxable","17":"shipping-taxable","18":"purchasable","19":"product-type-simple"},"_links":{"self":[{"href":"https:\/\/vivasem.ro\/index.php?rest_route=\/wp\/v2\/product\/779","targetHints":{"allow":["GET"]}}],"collection":[{"href":"https:\/\/vivasem.ro\/index.php?rest_route=\/wp\/v2\/product"}],"about":[{"href":"https:\/\/vivasem.ro\/index.php?rest_route=\/wp\/v2\/types\/product"}],"replies":[{"embeddable":true,"href":"https:\/\/vivasem.ro\/index.php?rest_route=%2Fwp%2Fv2%2Fcomments&post=779"}],"wp:featuredmedia":[{"embeddable":true,"href":"https:\/\/vivasem.ro\/index.php?rest_route=\/wp\/v2\/media\/4223"}],"wp:attachment":[{"href":"https:\/\/vivasem.ro\/index.php?rest_route=%2Fwp%2Fv2%2Fmedia&parent=779"}],"wp:term":[{"taxonomy":"product_brand","embeddable":true,"href":"https:\/\/vivasem.ro\/index.php?rest_route=%2Fwp%2Fv2%2Fproduct_brand&post=779"},{"taxonomy":"product_cat","embeddable":true,"href":"https:\/\/vivasem.ro\/index.php?rest_route=%2Fwp%2Fv2%2Fproduct_cat&post=779"},{"taxonomy":"product_tag","embeddable":true,"href":"https:\/\/vivasem.ro\/index.php?rest_route=%2Fwp%2Fv2%2Fproduct_tag&post=779"}],"curies":[{"name":"wp","href":"https:\/\/api.w.org\/{rel}","templated":true}]}}