{"id":7747,"date":"2022-11-04T09:31:27","date_gmt":"2022-11-04T07:31:27","guid":{"rendered":"https:\/\/vivasem.ro\/?post_type=product&#038;p=7747"},"modified":"2024-01-21T09:13:39","modified_gmt":"2024-01-21T07:13:39","slug":"black-ghost-bhut-jolokia-black","status":"publish","type":"product","link":"https:\/\/vivasem.ro\/?product=black-ghost-bhut-jolokia-black","title":{"rendered":"\u201eARDEI IUTE BLACK BHUT JOLOKIA (NEYDE BLACK GHOST )"},"content":{"rendered":"<h6><span style=\"color: #ff0000;\"><strong><u>BLACK BHUT JOLOKA \/<\/u><\/strong><\/span><span style=\"color: #ff0000;\"><strong><u>NEYDE BLACK GHOST ,<\/u><\/strong><\/span><\/h6>\n<h6><strong>ACEST SOI ITALIAN, ESTE \u00ceNTRE CELE MAI IU\u021aI,<\/strong><strong> CU CIRCA 800.000 GRADE SCOVILLE, .<\/strong><\/h6>\n<h6><span style=\"color: #0000ff;\">ASPECTUL FRUCTELOR ESTE SPECTACULOS, ACESTEA \u00ce\u0218I MODIFIC\u0102 MULT CULORILE PE M\u0102SUR\u0102 CE SE COC, UNELE DEVENIND COMPLET NEGRE, IAR ALTELE , COMBINATE \u00ceN NEGRU \u0218I RO\u0218U.<\/span><\/h6>\n<h6><strong>ARE O AROM\u0102 FRUCTAT\u0102, DULCE. <\/strong><\/h6>\n<h6><strong><span style=\"color: #0000ff;\">PLANTELE\u00a0 SUNT DE ASEMENI SPECTACULOASE,\u00a0 FRUNZELE FIIND\u00a0 VERZI ,COMBINATE CU NUAN\u021aE DE INDIGO ,IAR TULPINILE \u0218I PE\u021aIOLUL FIIND INDIGO<\/span><\/strong><strong><span style=\"color: #0000ff;\">. <\/span>SUNT \u00ceNALTE, DE CIRCA 60 centimetrii, \u0218I POT FI CULTIVATE CU SUCCES, IN GHIVECE, \u00ceN INTERIORUL LOCUIN\u021aEI,\u00a0 TOT TIMPUL ANULUI, AVAND \u0218I UN ASPECT DECORATIV DEOSEBIT.<\/strong><\/h6>\n<h6><strong>A FOST OB\u021aINUT CA O \u00ceNCRUCI\u0218ARE \u00ceNTRE\u00a0 GHOST CHILE \u0218I Pimenta De Neyde<\/strong><\/h6>\n<h6><\/h6>\n<h6><span style=\"color: #000080;\">PENTRU VARIANTELE DE CANTITATE MAI MARE, DE MAI JOS, SPECIFICA\u021aI \u00ceN FORMULARUL DE COMAND\u0102, <\/span><\/h6>\n<h6><span style=\"color: #000080;\">LA RUBRICA *NOT\u0102 DE COMAND\u0102*, CANTITATEA DORIT\u0102:<\/span><\/h6>\n<h6><\/h6>\n<h6><\/h6>\n<h6><span style=\"color: #333399;\">Pentru cantit\u0103\u021bi mai mari, contacta\u021bi-ne telefonic sau prin e-mail.<\/span><\/h6>\n<p>&nbsp;<\/p>\n<p>&nbsp;<\/p>\n<p>&nbsp;<\/p>\n","protected":false},"excerpt":{"rendered":"<h6><span style=\"color: #0000ff;\">9 SEMIN\u021aE\/9 LEI<\/span><\/h6>\n<h6><span style=\"color: #ff0000;\">SOI SPECTACULOS !<\/span><\/h6>\n<h6><span style=\"color: #ff0000;\">DEOSEBIT DE IUTE !<\/span><\/h6>\n<h6><\/h6>\n","protected":false},"featured_media":8405,"comment_status":"open","ping_status":"closed","template":"","meta":{"site-sidebar-layout":"default","site-content-layout":"default","ast-site-content-layout":"default","site-content-style":"default","site-sidebar-style":"default","ast-global-header-display":"","ast-banner-title-visibility":"","ast-main-header-display":"","ast-hfb-above-header-display":"","ast-hfb-below-header-display":"","ast-hfb-mobile-header-display":"","site-post-title":"","ast-breadcrumbs-content":"","ast-featured-img":"","footer-sml-layout":"","ast-disable-related-posts":"","theme-transparent-header-meta":"default","adv-header-id-meta":"","stick-header-meta":"","header-above-stick-meta":"","header-main-stick-meta":"","header-below-stick-meta":"","astra-migrate-meta-layouts":"set","ast-page-background-enabled":"default","ast-page-background-meta":{"desktop":{"background-color":"var(--ast-global-color-4)","background-image":"","background-repeat":"repeat","background-position":"center center","background-size":"auto","background-attachment":"scroll","background-type":"","background-media":"","overlay-type":"","overlay-color":"","overlay-opacity":"","overlay-gradient":""},"tablet":{"background-color":"","background-image":"","background-repeat":"repeat","background-position":"center center","background-size":"auto","background-attachment":"scroll","background-type":"","background-media":"","overlay-type":"","overlay-color":"","overlay-opacity":"","overlay-gradient":""},"mobile":{"background-color":"","background-image":"","background-repeat":"repeat","background-position":"center center","background-size":"auto","background-attachment":"scroll","background-type":"","background-media":"","overlay-type":"","overlay-color":"","overlay-opacity":"","overlay-gradient":""}},"ast-content-background-meta":{"desktop":{"background-color":"var(--ast-global-color-5)","background-image":"","background-repeat":"repeat","background-position":"center center","background-size":"auto","background-attachment":"scroll","background-type":"","background-media":"","overlay-type":"","overlay-color":"","overlay-opacity":"","overlay-gradient":""},"tablet":{"background-color":"var(--ast-global-color-5)","background-image":"","background-repeat":"repeat","background-position":"center center","background-size":"auto","background-attachment":"scroll","background-type":"","background-media":"","overlay-type":"","overlay-color":"","overlay-opacity":"","overlay-gradient":""},"mobile":{"background-color":"var(--ast-global-color-5)","background-image":"","background-repeat":"repeat","background-position":"center center","background-size":"auto","background-attachment":"scroll","background-type":"","background-media":"","overlay-type":"","overlay-color":"","overlay-opacity":"","overlay-gradient":""}}},"product_brand":[],"product_cat":[111],"product_tag":[],"class_list":{"0":"post-7747","1":"product","2":"type-product","3":"status-publish","4":"has-post-thumbnail","6":"product_cat-ardei-iute","7":"desktop-align-left","8":"tablet-align-left","9":"mobile-align-left","11":"first","12":"outofstock","13":"taxable","14":"shipping-taxable","15":"purchasable","16":"product-type-simple"},"_links":{"self":[{"href":"https:\/\/vivasem.ro\/index.php?rest_route=\/wp\/v2\/product\/7747","targetHints":{"allow":["GET"]}}],"collection":[{"href":"https:\/\/vivasem.ro\/index.php?rest_route=\/wp\/v2\/product"}],"about":[{"href":"https:\/\/vivasem.ro\/index.php?rest_route=\/wp\/v2\/types\/product"}],"replies":[{"embeddable":true,"href":"https:\/\/vivasem.ro\/index.php?rest_route=%2Fwp%2Fv2%2Fcomments&post=7747"}],"wp:featuredmedia":[{"embeddable":true,"href":"https:\/\/vivasem.ro\/index.php?rest_route=\/wp\/v2\/media\/8405"}],"wp:attachment":[{"href":"https:\/\/vivasem.ro\/index.php?rest_route=%2Fwp%2Fv2%2Fmedia&parent=7747"}],"wp:term":[{"taxonomy":"product_brand","embeddable":true,"href":"https:\/\/vivasem.ro\/index.php?rest_route=%2Fwp%2Fv2%2Fproduct_brand&post=7747"},{"taxonomy":"product_cat","embeddable":true,"href":"https:\/\/vivasem.ro\/index.php?rest_route=%2Fwp%2Fv2%2Fproduct_cat&post=7747"},{"taxonomy":"product_tag","embeddable":true,"href":"https:\/\/vivasem.ro\/index.php?rest_route=%2Fwp%2Fv2%2Fproduct_tag&post=7747"}],"curies":[{"name":"wp","href":"https:\/\/api.w.org\/{rel}","templated":true}]}}