{"id":7734,"date":"2022-11-04T08:20:46","date_gmt":"2022-11-04T06:20:46","guid":{"rendered":"https:\/\/vivasem.ro\/?post_type=product&#038;p=7734"},"modified":"2024-10-12T13:41:52","modified_gmt":"2024-10-12T11:41:52","slug":"hallows-eve","status":"publish","type":"product","link":"https:\/\/vivasem.ro\/?product=hallows-eve","title":{"rendered":"\u201eARDEI IUTE HALLOWS EVE"},"content":{"rendered":"<h6><span style=\"color: #ff0000;\"><strong><u>HALLOWS EVE -SUA,<\/u><\/strong><\/span><\/h6>\n<h6><strong>ACEST SOI ESTE \u00ceNTRE CELE MAI IU\u021aI,<\/strong><strong> CU CIRCA 1.000.000 GRADE SCOVILLE, FIIND MAI IUTE DEC\u00c2T\u00a0 SOIURILE GHOST.<\/strong><\/h6>\n<h6><span style=\"color: #0000ff;\">ASPECTUL FRUCTELOR ESTE SPECTACULOS, INI\u021aIAL FIIND COMPLET NEGRE, IAR \u00ceN TIMP CE SE COC, CULOAREA SE SCHIMB\u0102, C\u0102P\u0102T\u00c2ND NUAN\u021aE DE PORTOCALIU \u0218I RO\u0218U, ASPECTUL FINAL FIIND DE LAV\u0102 VULCANIC\u0102 CURG\u00c2ND.<\/span><\/h6>\n<h6><strong>ARE O AROM\u0102 FRUCTAT\u0102, DULCE. <\/strong><\/h6>\n<h6><strong><span style=\"color: #0000ff;\">PLANTELE\u00a0 SUNT SPECTACULOASE, CU FRUNZE \u00ceN NUAN\u021aE DE INDIGO , P\u00c2N\u0102 LA NEGRU,<\/span> \u00ceNALTE, CIRCA 50 centimetrii, \u0218I POT FI CULTIVATE CU SUCCES, IN GHIVECE, \u00ceN INTERIORUL LOCUIN\u021aEI,\u00a0 TOT TIMPUL ANULUI, AVAND \u0218I UN ASPECT DECORATIV DEOSEBIT.<\/strong><\/h6>\n<h6><strong>A FOST OB\u021aINUT CA O \u00ceNCRUCI\u0218ARE \u00ceNTRE \u00a0Bhut Joloka \u0218I Pimenta De Neyde<\/strong><\/h6>\n<h6><\/h6>\n<h6><\/h6>\n<h6><span style=\"color: #333399;\">Pentru cantit\u0103\u021bi mai mari, contacta\u021bi-ne telefonic sau prin e-mail.<\/span><\/h6>\n<p>&nbsp;<\/p>\n<p>&nbsp;<\/p>\n<p>&nbsp;<\/p>\n","protected":false},"excerpt":{"rendered":"<h6><span style=\"color: #0000ff;\">4 SEMIN\u021aE\/5 LEI<\/span><\/h6>\n<h6><span style=\"color: #ff0000;\">PLANTE \u0218I FRUCTE SPECTACULOASE !<\/span><\/h6>\n<h6><\/h6>\n","protected":false},"featured_media":7736,"comment_status":"open","ping_status":"closed","template":"","meta":{"site-sidebar-layout":"default","site-content-layout":"default","ast-site-content-layout":"default","site-content-style":"default","site-sidebar-style":"default","ast-global-header-display":"","ast-banner-title-visibility":"","ast-main-header-display":"","ast-hfb-above-header-display":"","ast-hfb-below-header-display":"","ast-hfb-mobile-header-display":"","site-post-title":"","ast-breadcrumbs-content":"","ast-featured-img":"","footer-sml-layout":"","ast-disable-related-posts":"","theme-transparent-header-meta":"default","adv-header-id-meta":"","stick-header-meta":"","header-above-stick-meta":"","header-main-stick-meta":"","header-below-stick-meta":"","astra-migrate-meta-layouts":"set","ast-page-background-enabled":"default","ast-page-background-meta":{"desktop":{"background-color":"var(--ast-global-color-4)","background-image":"","background-repeat":"repeat","background-position":"center center","background-size":"auto","background-attachment":"scroll","background-type":"","background-media":"","overlay-type":"","overlay-color":"","overlay-opacity":"","overlay-gradient":""},"tablet":{"background-color":"","background-image":"","background-repeat":"repeat","background-position":"center center","background-size":"auto","background-attachment":"scroll","background-type":"","background-media":"","overlay-type":"","overlay-color":"","overlay-opacity":"","overlay-gradient":""},"mobile":{"background-color":"","background-image":"","background-repeat":"repeat","background-position":"center center","background-size":"auto","background-attachment":"scroll","background-type":"","background-media":"","overlay-type":"","overlay-color":"","overlay-opacity":"","overlay-gradient":""}},"ast-content-background-meta":{"desktop":{"background-color":"var(--ast-global-color-5)","background-image":"","background-repeat":"repeat","background-position":"center center","background-size":"auto","background-attachment":"scroll","background-type":"","background-media":"","overlay-type":"","overlay-color":"","overlay-opacity":"","overlay-gradient":""},"tablet":{"background-color":"var(--ast-global-color-5)","background-image":"","background-repeat":"repeat","background-position":"center center","background-size":"auto","background-attachment":"scroll","background-type":"","background-media":"","overlay-type":"","overlay-color":"","overlay-opacity":"","overlay-gradient":""},"mobile":{"background-color":"var(--ast-global-color-5)","background-image":"","background-repeat":"repeat","background-position":"center center","background-size":"auto","background-attachment":"scroll","background-type":"","background-media":"","overlay-type":"","overlay-color":"","overlay-opacity":"","overlay-gradient":""}}},"product_brand":[],"product_cat":[111],"product_tag":[],"class_list":{"0":"post-7734","1":"product","2":"type-product","3":"status-publish","4":"has-post-thumbnail","6":"product_cat-ardei-iute","7":"desktop-align-left","8":"tablet-align-left","9":"mobile-align-left","11":"first","12":"outofstock","13":"taxable","14":"shipping-taxable","15":"purchasable","16":"product-type-simple"},"_links":{"self":[{"href":"https:\/\/vivasem.ro\/index.php?rest_route=\/wp\/v2\/product\/7734","targetHints":{"allow":["GET"]}}],"collection":[{"href":"https:\/\/vivasem.ro\/index.php?rest_route=\/wp\/v2\/product"}],"about":[{"href":"https:\/\/vivasem.ro\/index.php?rest_route=\/wp\/v2\/types\/product"}],"replies":[{"embeddable":true,"href":"https:\/\/vivasem.ro\/index.php?rest_route=%2Fwp%2Fv2%2Fcomments&post=7734"}],"wp:featuredmedia":[{"embeddable":true,"href":"https:\/\/vivasem.ro\/index.php?rest_route=\/wp\/v2\/media\/7736"}],"wp:attachment":[{"href":"https:\/\/vivasem.ro\/index.php?rest_route=%2Fwp%2Fv2%2Fmedia&parent=7734"}],"wp:term":[{"taxonomy":"product_brand","embeddable":true,"href":"https:\/\/vivasem.ro\/index.php?rest_route=%2Fwp%2Fv2%2Fproduct_brand&post=7734"},{"taxonomy":"product_cat","embeddable":true,"href":"https:\/\/vivasem.ro\/index.php?rest_route=%2Fwp%2Fv2%2Fproduct_cat&post=7734"},{"taxonomy":"product_tag","embeddable":true,"href":"https:\/\/vivasem.ro\/index.php?rest_route=%2Fwp%2Fv2%2Fproduct_tag&post=7734"}],"curies":[{"name":"wp","href":"https:\/\/api.w.org\/{rel}","templated":true}]}}