{"id":7727,"date":"2022-11-01T23:28:44","date_gmt":"2022-11-01T21:28:44","guid":{"rendered":"https:\/\/vivasem.ro\/?post_type=product&#038;p=7727"},"modified":"2026-01-06T09:47:09","modified_gmt":"2026-01-06T07:47:09","slug":"gregoris-altai-tomato","status":"publish","type":"product","link":"https:\/\/vivasem.ro\/?product=gregoris-altai-tomato","title":{"rendered":"\u201eGregori&#8217;s Altai Tomato  (Ofert\u0103 de pret\/G.50-60%)"},"content":{"rendered":"<h5><span style=\"color: #ff0000;\"><strong>Gregori&#8217;s Altai Tomato ,<\/strong><\/span><\/h5>\n<h5>(LOT CU GERMINA\u021aIE DE 50-60%),<\/h5>\n<h6><span style=\"color: #000080;\">PLANTELE POT FI CULTIVATE \u00ceN GR\u0102DIN\u0102 DAR \u0218I \u00ceN SOLAR , SUNT DEOSEBIT DE REZISTENTE LA TEMPERATURI SC\u0102ZUTE \u0218I PRODUC P\u00c2N\u0102 LA \u00ceNGHE\u021a .<\/span><\/h6>\n<h6><span style=\"color: #000080;\">FRUCTELE,\u00ceN GREUTATE DE 70-200 gr., SE COC LA C\u0102LDUR\u0102 \u0218I DUP\u0102 CE AU FOST CULESE VERZI.<\/span><\/h6>\n<h6><span style=\"color: #000080;\">ARE RANDAMENT \u00ceNALT SI IN ZONELE C\u0102LDUROASE DAR \u0218I LA FRIG, FIIND DEZVOLTAT \u0218I ACLIMATIZAT IN RUSIA<\/span><\/h6>\n","protected":false},"excerpt":{"rendered":"<h6><span style=\"color: #0000ff;\">30 SEMIN\u021aE<\/span><\/h6>\n<h6><span style=\"color: #ff00ff;\">SOI FOARTE REZISTENT !<\/span><\/h6>\n","protected":false},"featured_media":0,"comment_status":"open","ping_status":"closed","template":"","meta":{"site-sidebar-layout":"default","site-content-layout":"default","ast-site-content-layout":"default","site-content-style":"default","site-sidebar-style":"default","ast-global-header-display":"","ast-banner-title-visibility":"","ast-main-header-display":"","ast-hfb-above-header-display":"","ast-hfb-below-header-display":"","ast-hfb-mobile-header-display":"","site-post-title":"","ast-breadcrumbs-content":"","ast-featured-img":"","footer-sml-layout":"","ast-disable-related-posts":"","theme-transparent-header-meta":"default","adv-header-id-meta":"","stick-header-meta":"","header-above-stick-meta":"","header-main-stick-meta":"","header-below-stick-meta":"","astra-migrate-meta-layouts":"set","ast-page-background-enabled":"default","ast-page-background-meta":{"desktop":{"background-color":"var(--ast-global-color-4)","background-image":"","background-repeat":"repeat","background-position":"center center","background-size":"auto","background-attachment":"scroll","background-type":"","background-media":"","overlay-type":"","overlay-color":"","overlay-opacity":"","overlay-gradient":""},"tablet":{"background-color":"","background-image":"","background-repeat":"repeat","background-position":"center center","background-size":"auto","background-attachment":"scroll","background-type":"","background-media":"","overlay-type":"","overlay-color":"","overlay-opacity":"","overlay-gradient":""},"mobile":{"background-color":"","background-image":"","background-repeat":"repeat","background-position":"center center","background-size":"auto","background-attachment":"scroll","background-type":"","background-media":"","overlay-type":"","overlay-color":"","overlay-opacity":"","overlay-gradient":""}},"ast-content-background-meta":{"desktop":{"background-color":"var(--ast-global-color-5)","background-image":"","background-repeat":"repeat","background-position":"center center","background-size":"auto","background-attachment":"scroll","background-type":"","background-media":"","overlay-type":"","overlay-color":"","overlay-opacity":"","overlay-gradient":""},"tablet":{"background-color":"var(--ast-global-color-5)","background-image":"","background-repeat":"repeat","background-position":"center center","background-size":"auto","background-attachment":"scroll","background-type":"","background-media":"","overlay-type":"","overlay-color":"","overlay-opacity":"","overlay-gradient":""},"mobile":{"background-color":"var(--ast-global-color-5)","background-image":"","background-repeat":"repeat","background-position":"center center","background-size":"auto","background-attachment":"scroll","background-type":"","background-media":"","overlay-type":"","overlay-color":"","overlay-opacity":"","overlay-gradient":""}}},"product_brand":[],"product_cat":[143,142,15],"product_tag":[],"class_list":{"0":"post-7727","1":"product","2":"type-product","3":"status-publish","5":"product_cat-soiuri-timpurii-cherry","6":"product_cat-soiuri-rosii-roz","7":"product_cat-tomate-soi","8":"desktop-align-left","9":"tablet-align-left","10":"mobile-align-left","12":"first","13":"outofstock","14":"taxable","15":"shipping-taxable","16":"purchasable","17":"product-type-simple"},"_links":{"self":[{"href":"https:\/\/vivasem.ro\/index.php?rest_route=\/wp\/v2\/product\/7727","targetHints":{"allow":["GET"]}}],"collection":[{"href":"https:\/\/vivasem.ro\/index.php?rest_route=\/wp\/v2\/product"}],"about":[{"href":"https:\/\/vivasem.ro\/index.php?rest_route=\/wp\/v2\/types\/product"}],"replies":[{"embeddable":true,"href":"https:\/\/vivasem.ro\/index.php?rest_route=%2Fwp%2Fv2%2Fcomments&post=7727"}],"wp:attachment":[{"href":"https:\/\/vivasem.ro\/index.php?rest_route=%2Fwp%2Fv2%2Fmedia&parent=7727"}],"wp:term":[{"taxonomy":"product_brand","embeddable":true,"href":"https:\/\/vivasem.ro\/index.php?rest_route=%2Fwp%2Fv2%2Fproduct_brand&post=7727"},{"taxonomy":"product_cat","embeddable":true,"href":"https:\/\/vivasem.ro\/index.php?rest_route=%2Fwp%2Fv2%2Fproduct_cat&post=7727"},{"taxonomy":"product_tag","embeddable":true,"href":"https:\/\/vivasem.ro\/index.php?rest_route=%2Fwp%2Fv2%2Fproduct_tag&post=7727"}],"curies":[{"name":"wp","href":"https:\/\/api.w.org\/{rel}","templated":true}]}}