{"id":7726,"date":"2022-11-01T23:23:01","date_gmt":"2022-11-01T21:23:01","guid":{"rendered":"https:\/\/vivasem.ro\/?post_type=product&#038;p=7726"},"modified":"2025-11-11T08:33:20","modified_gmt":"2025-11-11T06:33:20","slug":"ananas-verde-green-pineapple","status":"publish","type":"product","link":"https:\/\/vivasem.ro\/?product=ananas-verde-green-pineapple","title":{"rendered":"ANANAS VERDE\/ GREEN PINEAPPLE."},"content":{"rendered":"<h6><span style=\"color: #ff0000;\"> ANANAS VERDE\/ GREEN PINEAPLE-Reimeer Seeds USA,<\/span><\/h6>\n<h6><span style=\"color: #000080;\">SOI DEOSEBIT, <\/span>CARACTERIZAT DE\u00a0 FRUCTE MARI , \u00ceN MEDIE DE 200-300 grame,\u00a0 <span style=\"color: #0000ff;\">IAR UNELE AJUNG \u0218I PESTE\u00a0 500 grame.<\/span><\/h6>\n<h6>TOMATELE SUNT DE CULOARE VERDE \u00ceN ZONA SUPERIOAR\u0102, IAR LA COACERE ZONA INFERIOAR\u0102 SE COLOREAZ\u0102 \u00ceN GALBEN \u0218I CRESC \u00ceN CIORCHINI DE 2-3 .<\/h6>\n<h6><span style=\"color: #0000ff;\">GUST EXCEP\u021aIONAL, FOARTE DULCE, NEACID,\u00a0 CU O AROM\u0102\u00a0 FOARTE INTENS\u0102\u00a0 .<\/span><\/h6>\n<h6>PULPA ESTE\u00a0 FERM\u0102, C\u0102RNOAS\u0102, SUCULENT\u0102, PERFECT\u0102 PENTRU SALATE, DAR \u0218I DE CONSERVAT, G\u0102TIT, ETC.<\/h6>\n<h6>PLANTELE NEDETERMINATE,\u00a0 SUNT FOARTE PRODUCTIVE\u00a0 , CU FOARTE BUNE REZULTATE \u00ceN GR\u0102DIN\u0102, DAR \u0218I \u00ceN SOLAR.<\/h6>\n<h6><\/h6>\n<h6>TIMPURIETATE MEDIE,\u00a0 85\u00a0 ZILE DE LA TRANSPLANT.<\/h6>\n<h6>SOI HEIRLOOM, DIN<\/h6>\n","protected":false},"excerpt":{"rendered":"<h6><span style=\"color: #0000ff;\">20 SEMIN\u021aE<\/span><img loading=\"lazy\" decoding=\"async\" class=\"alignnone wp-image-5567\" src=\"https:\/\/vivasem.ro\/wp-content\/uploads\/2021\/11\/NOU3.jpg\" alt=\"\" width=\"57\" height=\"55\" srcset=\"https:\/\/vivasem.ro\/wp-content\/uploads\/2021\/11\/NOU3.jpg 270w, https:\/\/vivasem.ro\/wp-content\/uploads\/2021\/11\/NOU3-248x241.jpg 248w\" sizes=\"auto, (max-width: 57px) 100vw, 57px\" \/><\/h6>\n<h6>GUST EXCEP\u021aIONAL !<\/h6>\n<h6>SOI DEOSEBIT !<\/h6>\n","protected":false},"featured_media":9072,"comment_status":"open","ping_status":"closed","template":"","meta":{"site-sidebar-layout":"default","site-content-layout":"default","ast-site-content-layout":"default","site-content-style":"default","site-sidebar-style":"default","ast-global-header-display":"","ast-banner-title-visibility":"","ast-main-header-display":"","ast-hfb-above-header-display":"","ast-hfb-below-header-display":"","ast-hfb-mobile-header-display":"","site-post-title":"","ast-breadcrumbs-content":"","ast-featured-img":"","footer-sml-layout":"","ast-disable-related-posts":"","theme-transparent-header-meta":"default","adv-header-id-meta":"","stick-header-meta":"","header-above-stick-meta":"","header-main-stick-meta":"","header-below-stick-meta":"","astra-migrate-meta-layouts":"set","ast-page-background-enabled":"default","ast-page-background-meta":{"desktop":{"background-color":"var(--ast-global-color-4)","background-image":"","background-repeat":"repeat","background-position":"center center","background-size":"auto","background-attachment":"scroll","background-type":"","background-media":"","overlay-type":"","overlay-color":"","overlay-opacity":"","overlay-gradient":""},"tablet":{"background-color":"","background-image":"","background-repeat":"repeat","background-position":"center center","background-size":"auto","background-attachment":"scroll","background-type":"","background-media":"","overlay-type":"","overlay-color":"","overlay-opacity":"","overlay-gradient":""},"mobile":{"background-color":"","background-image":"","background-repeat":"repeat","background-position":"center center","background-size":"auto","background-attachment":"scroll","background-type":"","background-media":"","overlay-type":"","overlay-color":"","overlay-opacity":"","overlay-gradient":""}},"ast-content-background-meta":{"desktop":{"background-color":"var(--ast-global-color-5)","background-image":"","background-repeat":"repeat","background-position":"center center","background-size":"auto","background-attachment":"scroll","background-type":"","background-media":"","overlay-type":"","overlay-color":"","overlay-opacity":"","overlay-gradient":""},"tablet":{"background-color":"var(--ast-global-color-5)","background-image":"","background-repeat":"repeat","background-position":"center center","background-size":"auto","background-attachment":"scroll","background-type":"","background-media":"","overlay-type":"","overlay-color":"","overlay-opacity":"","overlay-gradient":""},"mobile":{"background-color":"var(--ast-global-color-5)","background-image":"","background-repeat":"repeat","background-position":"center center","background-size":"auto","background-attachment":"scroll","background-type":"","background-media":"","overlay-type":"","overlay-color":"","overlay-opacity":"","overlay-gradient":""}}},"product_brand":[],"product_cat":[139,141,15],"product_tag":[],"class_list":{"0":"post-7726","1":"product","2":"type-product","3":"status-publish","4":"has-post-thumbnail","6":"product_cat-tomate-galbene-orange-bicolore-verzi","7":"product_cat-soi-gigant-urias","8":"product_cat-tomate-soi","9":"desktop-align-left","10":"tablet-align-left","11":"mobile-align-left","13":"first","14":"instock","15":"taxable","16":"shipping-taxable","17":"purchasable","18":"product-type-simple"},"_links":{"self":[{"href":"https:\/\/vivasem.ro\/index.php?rest_route=\/wp\/v2\/product\/7726","targetHints":{"allow":["GET"]}}],"collection":[{"href":"https:\/\/vivasem.ro\/index.php?rest_route=\/wp\/v2\/product"}],"about":[{"href":"https:\/\/vivasem.ro\/index.php?rest_route=\/wp\/v2\/types\/product"}],"replies":[{"embeddable":true,"href":"https:\/\/vivasem.ro\/index.php?rest_route=%2Fwp%2Fv2%2Fcomments&post=7726"}],"wp:featuredmedia":[{"embeddable":true,"href":"https:\/\/vivasem.ro\/index.php?rest_route=\/wp\/v2\/media\/9072"}],"wp:attachment":[{"href":"https:\/\/vivasem.ro\/index.php?rest_route=%2Fwp%2Fv2%2Fmedia&parent=7726"}],"wp:term":[{"taxonomy":"product_brand","embeddable":true,"href":"https:\/\/vivasem.ro\/index.php?rest_route=%2Fwp%2Fv2%2Fproduct_brand&post=7726"},{"taxonomy":"product_cat","embeddable":true,"href":"https:\/\/vivasem.ro\/index.php?rest_route=%2Fwp%2Fv2%2Fproduct_cat&post=7726"},{"taxonomy":"product_tag","embeddable":true,"href":"https:\/\/vivasem.ro\/index.php?rest_route=%2Fwp%2Fv2%2Fproduct_tag&post=7726"}],"curies":[{"name":"wp","href":"https:\/\/api.w.org\/{rel}","templated":true}]}}