{"id":771,"date":"2021-11-04T16:01:22","date_gmt":"2021-11-04T14:01:22","guid":{"rendered":"https:\/\/vivasem.ro\/?post_type=product&#038;p=771"},"modified":"2025-12-28T11:56:55","modified_gmt":"2025-12-28T09:56:55","slug":"hillbilly","status":"publish","type":"product","link":"https:\/\/vivasem.ro\/?product=hillbilly","title":{"rendered":"HILLBILLY (30s)"},"content":{"rendered":"<h6><span style=\"color: #ff0000;\"><strong>HILLBILLY,<\/strong><\/span><\/h6>\n<h6><span style=\"color: #0000ff;\"><strong>SOI BICOLOR ,RO\u0218U-GALBEN, SPECTACULOS \u00ceN\u00a0 SEC\u021aIUNE<\/strong>, CU PULP\u0102 <strong>TIP BEEFSTEAK<\/strong>, C\u0102RNOAS\u0102, CE PERMITE FELIEREA PERFECT\u0102,F\u0102R\u0102 A SE SF\u0102R\u00c2MA.<\/span><\/h6>\n<h6>FRUCTELE, SUNT IN GREUTATE MEDIE DE 180-300 grame, IAR UNELE POT AJUNGE URIA\u0218E \u0218I PESTE 800 grame.<\/h6>\n<h6>FOARTE DULCI, NEACIDE, <span style=\"color: #0000ff;\">GUSTUL\u00a0 \u0218I AROMA SUNT PERFECTE,<\/span><\/h6>\n<h6>PLANTE NEDETERMINATE, <span style=\"color: #0000ff;\">DE SEZON LUNG,FOARTE EZISTENTE LA C\u0102LDUR\u0102, SECET\u0102 \u0218I FRIG,<\/span> CE POT FI CULTIVATE \u0218I \u00ceN GR\u0102DIN\u0102 \u0218I \u00ceN SOLAR.<\/h6>\n<h6>VARIETATE DIN UCRAINA A\u00a0 SOIULUI HEIRLOOM AMERICAN, ORIGINAR DIN WEST VIRGINIA-SUA.<\/h6>\n","protected":false},"excerpt":{"rendered":"<h6><span style=\"color: #0000ff;\">30 SEMIN\u021aE<\/span><\/h6>\n<h6>GUST EXCEP\u021aIONAL !<\/h6>\n<h6>SOI REZISTENT DE SEZON LUNG !<\/h6>\n","protected":false},"featured_media":4249,"comment_status":"open","ping_status":"closed","template":"","meta":{"site-sidebar-layout":"default","site-content-layout":"default","ast-site-content-layout":"default","site-content-style":"default","site-sidebar-style":"default","ast-global-header-display":"","ast-banner-title-visibility":"","ast-main-header-display":"","ast-hfb-above-header-display":"","ast-hfb-below-header-display":"","ast-hfb-mobile-header-display":"","site-post-title":"","ast-breadcrumbs-content":"","ast-featured-img":"","footer-sml-layout":"","ast-disable-related-posts":"","theme-transparent-header-meta":"default","adv-header-id-meta":"","stick-header-meta":"","header-above-stick-meta":"","header-main-stick-meta":"","header-below-stick-meta":"","astra-migrate-meta-layouts":"set","ast-page-background-enabled":"default","ast-page-background-meta":{"desktop":{"background-color":"var(--ast-global-color-4)","background-image":"","background-repeat":"repeat","background-position":"center center","background-size":"auto","background-attachment":"scroll","background-type":"","background-media":"","overlay-type":"","overlay-color":"","overlay-opacity":"","overlay-gradient":""},"tablet":{"background-color":"","background-image":"","background-repeat":"repeat","background-position":"center center","background-size":"auto","background-attachment":"scroll","background-type":"","background-media":"","overlay-type":"","overlay-color":"","overlay-opacity":"","overlay-gradient":""},"mobile":{"background-color":"","background-image":"","background-repeat":"repeat","background-position":"center center","background-size":"auto","background-attachment":"scroll","background-type":"","background-media":"","overlay-type":"","overlay-color":"","overlay-opacity":"","overlay-gradient":""}},"ast-content-background-meta":{"desktop":{"background-color":"var(--ast-global-color-5)","background-image":"","background-repeat":"repeat","background-position":"center center","background-size":"auto","background-attachment":"scroll","background-type":"","background-media":"","overlay-type":"","overlay-color":"","overlay-opacity":"","overlay-gradient":""},"tablet":{"background-color":"var(--ast-global-color-5)","background-image":"","background-repeat":"repeat","background-position":"center center","background-size":"auto","background-attachment":"scroll","background-type":"","background-media":"","overlay-type":"","overlay-color":"","overlay-opacity":"","overlay-gradient":""},"mobile":{"background-color":"var(--ast-global-color-5)","background-image":"","background-repeat":"repeat","background-position":"center center","background-size":"auto","background-attachment":"scroll","background-type":"","background-media":"","overlay-type":"","overlay-color":"","overlay-opacity":"","overlay-gradient":""}}},"product_brand":[],"product_cat":[139,141,15],"product_tag":[],"class_list":{"0":"post-771","1":"product","2":"type-product","3":"status-publish","4":"has-post-thumbnail","6":"product_cat-tomate-galbene-orange-bicolore-verzi","7":"product_cat-soi-gigant-urias","8":"product_cat-tomate-soi","9":"desktop-align-left","10":"tablet-align-left","11":"mobile-align-left","13":"first","14":"instock","15":"taxable","16":"shipping-taxable","17":"purchasable","18":"product-type-simple"},"_links":{"self":[{"href":"https:\/\/vivasem.ro\/index.php?rest_route=\/wp\/v2\/product\/771","targetHints":{"allow":["GET"]}}],"collection":[{"href":"https:\/\/vivasem.ro\/index.php?rest_route=\/wp\/v2\/product"}],"about":[{"href":"https:\/\/vivasem.ro\/index.php?rest_route=\/wp\/v2\/types\/product"}],"replies":[{"embeddable":true,"href":"https:\/\/vivasem.ro\/index.php?rest_route=%2Fwp%2Fv2%2Fcomments&post=771"}],"wp:featuredmedia":[{"embeddable":true,"href":"https:\/\/vivasem.ro\/index.php?rest_route=\/wp\/v2\/media\/4249"}],"wp:attachment":[{"href":"https:\/\/vivasem.ro\/index.php?rest_route=%2Fwp%2Fv2%2Fmedia&parent=771"}],"wp:term":[{"taxonomy":"product_brand","embeddable":true,"href":"https:\/\/vivasem.ro\/index.php?rest_route=%2Fwp%2Fv2%2Fproduct_brand&post=771"},{"taxonomy":"product_cat","embeddable":true,"href":"https:\/\/vivasem.ro\/index.php?rest_route=%2Fwp%2Fv2%2Fproduct_cat&post=771"},{"taxonomy":"product_tag","embeddable":true,"href":"https:\/\/vivasem.ro\/index.php?rest_route=%2Fwp%2Fv2%2Fproduct_tag&post=771"}],"curies":[{"name":"wp","href":"https:\/\/api.w.org\/{rel}","templated":true}]}}