{"id":7705,"date":"2022-10-20T21:54:30","date_gmt":"2022-10-20T19:54:30","guid":{"rendered":"https:\/\/vivasem.ro\/?post_type=product&#038;p=7705"},"modified":"2025-12-30T11:01:26","modified_gmt":"2025-12-30T09:01:26","slug":"kalmans-hungarian-pink","status":"publish","type":"product","link":"https:\/\/vivasem.ro\/?product=kalmans-hungarian-pink","title":{"rendered":"KALMAN&#8217;S HUNGARIAN PINK (Ofert\u0103 pret\/G. 80-95%)"},"content":{"rendered":"<h6><span style=\"color: #ff0000;\"><strong><u>KALMAN&#8217;S HUNGARIAN PINK-Reimer Seeds ,\u00a0<\/u><\/strong><\/span>\u00a0 \u00a0 \u00a0 \u00a0 \u00a0 \u00a0 \u00a0 \u00a0 \u00a0 \u00a0 \u00a0 \u00a0 \u00a0 \u00a0 \u00a0 \u00a0 \u00a0 \u00a0 \u00a0 \u00a0 \u00a0 \u00a0 \u00a0 \u00a0 \u00a0<span style=\"color: #ff0000;\"><strong><u><a href=\"https:\/\/vivasem.ro\/wp-content\/uploads\/2022\/12\/REIMER-LOGO.jpg\"><img loading=\"lazy\" decoding=\"async\" class=\"alignnone wp-image-8415\" src=\"https:\/\/vivasem.ro\/wp-content\/uploads\/2022\/12\/REIMER-LOGO-300x278.jpg\" alt=\"\" width=\"128\" height=\"119\" srcset=\"https:\/\/vivasem.ro\/wp-content\/uploads\/2022\/12\/REIMER-LOGO-300x278.jpg 300w, https:\/\/vivasem.ro\/wp-content\/uploads\/2022\/12\/REIMER-LOGO-248x230.jpg 248w, https:\/\/vivasem.ro\/wp-content\/uploads\/2022\/12\/REIMER-LOGO.jpg 408w\" sizes=\"auto, (max-width: 128px) 100vw, 128px\" \/><\/a><\/u><\/strong><\/span><\/h6>\n<h5><span style=\"color: #003300;\">Lot cu germina\u021bie de 75-95%.<\/span><\/h5>\n<h5><span style=\"color: #000080;\">Soi cu fructe \u00a0frumoase,netede,\u00a0 roz , lungi de 8-12 centimetrii , mari, \u00een greutate de 100-230 grame.<\/span><\/h5>\n<h5><span style=\"color: #000080;\">Sunt foarte c\u0103rnoase,cu pu\u021bine semin\u021be \u0219i pu\u021bin gel.<\/span><\/h5>\n<h5><span style=\"color: #ff0000;\">Gustul este excelent, foarte dulce, pu\u021bin acid,intens aromat.<\/span><\/h5>\n<h5><span style=\"color: #000080;\">Foarte indicate \u00een salate, dar \u0219i pentru g\u0103tit, \u00een sosuri.<\/span><\/h5>\n<h5><span style=\"color: #000080;\">Plantele\u00a0 productive, formeaz\u0103 ciorchini de 3-5 fructe, sunt nedeterminate, viguroase, semitimpurii, 75 zile. <\/span><\/h5>\n<h5><span style=\"color: #ff0000;\">Foarte rezistente la varia\u021bii termice, la temperaturi ridicate, secet\u0103, dar \u0219i la frig, rezist\u00e2nd bine p\u00e2n\u0103 la \u00eenghe\u021b.<\/span><\/h5>\n","protected":false},"excerpt":{"rendered":"<h6><span style=\"color: #ff00ff;\">SOI\u00a0 PRODUCTIV !<\/span><\/h6>\n<h6><span style=\"color: #ff00ff;\">GUST EXCELENT !<\/span><\/h6>\n","protected":false},"featured_media":8476,"comment_status":"open","ping_status":"closed","template":"","meta":{"site-sidebar-layout":"default","site-content-layout":"default","ast-site-content-layout":"default","site-content-style":"default","site-sidebar-style":"default","ast-global-header-display":"","ast-banner-title-visibility":"","ast-main-header-display":"","ast-hfb-above-header-display":"","ast-hfb-below-header-display":"","ast-hfb-mobile-header-display":"","site-post-title":"","ast-breadcrumbs-content":"","ast-featured-img":"","footer-sml-layout":"","ast-disable-related-posts":"","theme-transparent-header-meta":"default","adv-header-id-meta":"","stick-header-meta":"","header-above-stick-meta":"","header-main-stick-meta":"","header-below-stick-meta":"","astra-migrate-meta-layouts":"set","ast-page-background-enabled":"default","ast-page-background-meta":{"desktop":{"background-color":"var(--ast-global-color-4)","background-image":"","background-repeat":"repeat","background-position":"center center","background-size":"auto","background-attachment":"scroll","background-type":"","background-media":"","overlay-type":"","overlay-color":"","overlay-opacity":"","overlay-gradient":""},"tablet":{"background-color":"","background-image":"","background-repeat":"repeat","background-position":"center center","background-size":"auto","background-attachment":"scroll","background-type":"","background-media":"","overlay-type":"","overlay-color":"","overlay-opacity":"","overlay-gradient":""},"mobile":{"background-color":"","background-image":"","background-repeat":"repeat","background-position":"center center","background-size":"auto","background-attachment":"scroll","background-type":"","background-media":"","overlay-type":"","overlay-color":"","overlay-opacity":"","overlay-gradient":""}},"ast-content-background-meta":{"desktop":{"background-color":"var(--ast-global-color-5)","background-image":"","background-repeat":"repeat","background-position":"center center","background-size":"auto","background-attachment":"scroll","background-type":"","background-media":"","overlay-type":"","overlay-color":"","overlay-opacity":"","overlay-gradient":""},"tablet":{"background-color":"var(--ast-global-color-5)","background-image":"","background-repeat":"repeat","background-position":"center center","background-size":"auto","background-attachment":"scroll","background-type":"","background-media":"","overlay-type":"","overlay-color":"","overlay-opacity":"","overlay-gradient":""},"mobile":{"background-color":"var(--ast-global-color-5)","background-image":"","background-repeat":"repeat","background-position":"center center","background-size":"auto","background-attachment":"scroll","background-type":"","background-media":"","overlay-type":"","overlay-color":"","overlay-opacity":"","overlay-gradient":""}}},"product_brand":[],"product_cat":[178,142,15],"product_tag":[],"class_list":{"0":"post-7705","1":"product","2":"type-product","3":"status-publish","4":"has-post-thumbnail","6":"product_cat-soiuri-lungi","7":"product_cat-soiuri-rosii-roz","8":"product_cat-tomate-soi","9":"pa_cantitate-10-seminte","10":"pa_cantitate-100-seminte","11":"pa_cantitate-200-seminte","12":"pa_cantitate-25-seminte","13":"pa_cantitate-250-seminte","14":"pa_cantitate-5-seminte","15":"pa_cantitate-50-seminte","16":"pa_cantitate-500-seminte","17":"desktop-align-left","18":"tablet-align-left","19":"mobile-align-left","21":"first","22":"instock","23":"sale","24":"taxable","25":"shipping-taxable","26":"purchasable","27":"product-type-variable"},"_links":{"self":[{"href":"https:\/\/vivasem.ro\/index.php?rest_route=\/wp\/v2\/product\/7705","targetHints":{"allow":["GET"]}}],"collection":[{"href":"https:\/\/vivasem.ro\/index.php?rest_route=\/wp\/v2\/product"}],"about":[{"href":"https:\/\/vivasem.ro\/index.php?rest_route=\/wp\/v2\/types\/product"}],"replies":[{"embeddable":true,"href":"https:\/\/vivasem.ro\/index.php?rest_route=%2Fwp%2Fv2%2Fcomments&post=7705"}],"wp:featuredmedia":[{"embeddable":true,"href":"https:\/\/vivasem.ro\/index.php?rest_route=\/wp\/v2\/media\/8476"}],"wp:attachment":[{"href":"https:\/\/vivasem.ro\/index.php?rest_route=%2Fwp%2Fv2%2Fmedia&parent=7705"}],"wp:term":[{"taxonomy":"product_brand","embeddable":true,"href":"https:\/\/vivasem.ro\/index.php?rest_route=%2Fwp%2Fv2%2Fproduct_brand&post=7705"},{"taxonomy":"product_cat","embeddable":true,"href":"https:\/\/vivasem.ro\/index.php?rest_route=%2Fwp%2Fv2%2Fproduct_cat&post=7705"},{"taxonomy":"product_tag","embeddable":true,"href":"https:\/\/vivasem.ro\/index.php?rest_route=%2Fwp%2Fv2%2Fproduct_tag&post=7705"}],"curies":[{"name":"wp","href":"https:\/\/api.w.org\/{rel}","templated":true}]}}