{"id":7700,"date":"2022-10-20T21:45:37","date_gmt":"2022-10-20T19:45:37","guid":{"rendered":"https:\/\/vivasem.ro\/?post_type=product&#038;p=7700"},"modified":"2025-11-11T09:56:32","modified_gmt":"2025-11-11T07:56:32","slug":"rosu-de-arad","status":"publish","type":"product","link":"https:\/\/vivasem.ro\/?product=rosu-de-arad","title":{"rendered":"ROSU DE ARAD"},"content":{"rendered":"<h6><span style=\"color: #ff0000;\"><strong><u>RO\u0218U DE ARAD,<\/u><\/strong><\/span><\/h6>\n<h6><span style=\"color: #0000ff;\">SOI B\u0102N\u0102\u021aEAN, CU FRUCTE\u00a0 \u00a0MARI , \u00ceN MEDIE DE 100-200 grame, DAR MULTE POT AJUNGE \u0218I LA 500\u00a0 grame. <\/span><\/h6>\n<h6>CULOAREA ESTE RO\u0218IE SPRE ROZ .<\/h6>\n<h6>FORMA TIP BEEFSTEAK,SFERIC-TURTIT\u0102.CU UMERI U\u0218OR ONDULA\u021aI,<\/h6>\n<h6><span style=\"color: #0000ff;\">TOMATELE AU GUST EXCELENT, DULCE,\u00a0 BINE ECHILIBRAT CU ACID, CU AROM\u0102 INTENS\u0102,DE RO\u0218IE TRADI\u021aIONAL\u0102.<\/span><\/h6>\n<h6>\u00a0SUNT FOARTE SUCULENTE, CU PULP\u0102 FERM\u0102, C\u0102RNOAS\u0102, CU MIEZ MARE.<\/h6>\n<h6>DE CONSUMAT PROASPETE, IN SALATE.<\/h6>\n<h6><span style=\"color: #0000ff;\">PLANTELE SUNT NEDETERMINATE, VIGUROASE,\u00a0 MEDIU PRODUCTIVE, SEMITIMPURII<\/span><\/h6>\n<h6>Frunza este normal\u0103, rezisten\u021ba la boli si mediu in limitele normale.<\/h6>\n","protected":false},"excerpt":{"rendered":"<h6><span style=\"color: #0000ff;\">25 SEMIN\u021aE<\/span><\/h6>\n<p><a href=\"https:\/\/vivasem.ro\/wp-content\/uploads\/2021\/11\/RO-1.jpg\"><img loading=\"lazy\" decoding=\"async\" class=\"alignnone size-medium wp-image-7098\" src=\"https:\/\/vivasem.ro\/wp-content\/uploads\/2021\/11\/RO-1-300x107.jpg\" alt=\"\" width=\"300\" height=\"107\" \/><\/a><\/p>\n<h6><span style=\"color: #ff6600;\">GUST EXEP\u021aIONAL !<\/span><\/h6>\n<h6><span style=\"color: #ff6600;\">SOI FOARTE PRODUCTIV !<\/span><\/h6>\n","protected":false},"featured_media":9741,"comment_status":"open","ping_status":"closed","template":"","meta":{"site-sidebar-layout":"default","site-content-layout":"default","ast-site-content-layout":"default","site-content-style":"default","site-sidebar-style":"default","ast-global-header-display":"","ast-banner-title-visibility":"","ast-main-header-display":"","ast-hfb-above-header-display":"","ast-hfb-below-header-display":"","ast-hfb-mobile-header-display":"","site-post-title":"","ast-breadcrumbs-content":"","ast-featured-img":"","footer-sml-layout":"","ast-disable-related-posts":"","theme-transparent-header-meta":"default","adv-header-id-meta":"","stick-header-meta":"","header-above-stick-meta":"","header-main-stick-meta":"","header-below-stick-meta":"","astra-migrate-meta-layouts":"set","ast-page-background-enabled":"default","ast-page-background-meta":{"desktop":{"background-color":"var(--ast-global-color-4)","background-image":"","background-repeat":"repeat","background-position":"center center","background-size":"auto","background-attachment":"scroll","background-type":"","background-media":"","overlay-type":"","overlay-color":"","overlay-opacity":"","overlay-gradient":""},"tablet":{"background-color":"","background-image":"","background-repeat":"repeat","background-position":"center center","background-size":"auto","background-attachment":"scroll","background-type":"","background-media":"","overlay-type":"","overlay-color":"","overlay-opacity":"","overlay-gradient":""},"mobile":{"background-color":"","background-image":"","background-repeat":"repeat","background-position":"center center","background-size":"auto","background-attachment":"scroll","background-type":"","background-media":"","overlay-type":"","overlay-color":"","overlay-opacity":"","overlay-gradient":""}},"ast-content-background-meta":{"desktop":{"background-color":"var(--ast-global-color-5)","background-image":"","background-repeat":"repeat","background-position":"center center","background-size":"auto","background-attachment":"scroll","background-type":"","background-media":"","overlay-type":"","overlay-color":"","overlay-opacity":"","overlay-gradient":""},"tablet":{"background-color":"var(--ast-global-color-5)","background-image":"","background-repeat":"repeat","background-position":"center center","background-size":"auto","background-attachment":"scroll","background-type":"","background-media":"","overlay-type":"","overlay-color":"","overlay-opacity":"","overlay-gradient":""},"mobile":{"background-color":"var(--ast-global-color-5)","background-image":"","background-repeat":"repeat","background-position":"center center","background-size":"auto","background-attachment":"scroll","background-type":"","background-media":"","overlay-type":"","overlay-color":"","overlay-opacity":"","overlay-gradient":""}}},"product_brand":[],"product_cat":[141,140,142,15],"product_tag":[],"class_list":{"0":"post-7700","1":"product","2":"type-product","3":"status-publish","4":"has-post-thumbnail","6":"product_cat-soi-gigant-urias","7":"product_cat-soiuri-romanesti","8":"product_cat-soiuri-rosii-roz","9":"product_cat-tomate-soi","10":"desktop-align-left","11":"tablet-align-left","12":"mobile-align-left","14":"first","15":"instock","16":"taxable","17":"shipping-taxable","18":"purchasable","19":"product-type-simple"},"_links":{"self":[{"href":"https:\/\/vivasem.ro\/index.php?rest_route=\/wp\/v2\/product\/7700","targetHints":{"allow":["GET"]}}],"collection":[{"href":"https:\/\/vivasem.ro\/index.php?rest_route=\/wp\/v2\/product"}],"about":[{"href":"https:\/\/vivasem.ro\/index.php?rest_route=\/wp\/v2\/types\/product"}],"replies":[{"embeddable":true,"href":"https:\/\/vivasem.ro\/index.php?rest_route=%2Fwp%2Fv2%2Fcomments&post=7700"}],"wp:featuredmedia":[{"embeddable":true,"href":"https:\/\/vivasem.ro\/index.php?rest_route=\/wp\/v2\/media\/9741"}],"wp:attachment":[{"href":"https:\/\/vivasem.ro\/index.php?rest_route=%2Fwp%2Fv2%2Fmedia&parent=7700"}],"wp:term":[{"taxonomy":"product_brand","embeddable":true,"href":"https:\/\/vivasem.ro\/index.php?rest_route=%2Fwp%2Fv2%2Fproduct_brand&post=7700"},{"taxonomy":"product_cat","embeddable":true,"href":"https:\/\/vivasem.ro\/index.php?rest_route=%2Fwp%2Fv2%2Fproduct_cat&post=7700"},{"taxonomy":"product_tag","embeddable":true,"href":"https:\/\/vivasem.ro\/index.php?rest_route=%2Fwp%2Fv2%2Fproduct_tag&post=7700"}],"curies":[{"name":"wp","href":"https:\/\/api.w.org\/{rel}","templated":true}]}}