{"id":7677,"date":"2022-10-07T08:41:04","date_gmt":"2022-10-07T06:41:04","guid":{"rendered":"https:\/\/vivasem.ro\/?post_type=product&#038;p=7677"},"modified":"2026-01-13T12:46:05","modified_gmt":"2026-01-13T10:46:05","slug":"uriase-sasesti","status":"publish","type":"product","link":"https:\/\/vivasem.ro\/?product=uriase-sasesti","title":{"rendered":"URIASE S\u0102SESTI  (G.25-45%) 150s"},"content":{"rendered":"<h6><span style=\"color: #ff0000;\"><strong><u>URIA\u0218E S\u0102SE\u0218TI-RIESEN TOMATE ROT (WILLY<\/u>), <\/strong><\/span><\/h6>\n<h6><strong>Lot cu germina\u021bie determinat\u0103 de 25-45%.<\/strong><\/h6>\n<h6><span style=\"color: #800000;\"><strong>UN MINUNAT SOI \u021a\u0102R\u0102NESC AL SA\u0218ILOR DIN ZONA\u00a0 BRA\u0218OVULUI,( PREJMER) CARE \u00ce\u0218I ARE ORIGINEA \u00ceN GERMANIA \u0218I SE DISTINGE PRIN CALITATE \u00ceNALT\u0102, A\u0218A CUM SUNTEM OBI\u0218NUIT CU PRODUSELE GERMANE.<\/strong><\/span><\/h6>\n<h6><span style=\"color: #ff0000;\"><strong><span style=\"color: #000080;\">PRODUCE TOMATE FOARTE MARI, DE VAR\u0102, CU GUST EXCELENT, CLASIC, PERFECT ECHILIBRAT DULCE \u2013ACRI\u0218OR.<\/span><\/strong><\/span><\/h6>\n<h6><strong><span style=\"color: #000080;\">FRUCTE SUNT MARI, \u0218I AU \u00ceN MEDIE 150-300 grame , DAR POT DEP\u0102\u0218II \u0219i 500 grame.<\/span><\/strong><\/h6>\n<h6><span style=\"color: #ff0000;\"><strong> <span style=\"color: #800000;\">PULPA ESTE GROAS\u0102, C\u0102RNOAS\u0102 DAR SI POTRIVIT DE\u00a0 ZEMOAS\u0102.<\/span><\/strong><\/span><\/h6>\n<h6><span style=\"color: #ff0000;\"><strong>PRODUCTIVITATEA ESTE \u00ceNALT\u0102, AM OB\u021aINUT \u0218I 1,5KG \/PLANT\u0102 LA O RECOLTARE .\u00a0<\/strong><\/span><\/h6>\n<h6><span style=\"color: #800000;\"><strong>PLANTELE SUNT VIGUROASE \u0218I NECESIT\u0102 ARAC SOLID PRECUM \u0218I SUS\u021aINEREA\u00a0 FRUCTELOR\u00a0 .SEMITIMPURII, NEDETERMINATE.<\/strong><\/span><\/h6>\n<h6><strong>\u00a0\u00a0<\/strong><\/h6>\n<h6><\/h6>\n","protected":false},"excerpt":{"rendered":"<h6><span style=\"color: #0000ff;\">150\u00a0 SEMIN\u021aE<\/span><\/h6>\n<h6><span style=\"color: #ff00ff;\">FOARTE GUSTOS, FOARTE PRODUCTIV!<\/span><\/h6>\n<h6><span style=\"color: #0000ff;\"><a href=\"https:\/\/vivasem.ro\/wp-content\/uploads\/2021\/11\/RO-1.jpg\"><img loading=\"lazy\" decoding=\"async\" class=\"alignnone size-medium wp-image-7098\" src=\"https:\/\/vivasem.ro\/wp-content\/uploads\/2021\/11\/RO-1-300x107.jpg\" alt=\"\" width=\"300\" height=\"107\" \/><\/a><\/span><\/h6>\n","protected":false},"featured_media":9069,"comment_status":"open","ping_status":"closed","template":"","meta":{"site-sidebar-layout":"default","site-content-layout":"default","ast-site-content-layout":"default","site-content-style":"default","site-sidebar-style":"default","ast-global-header-display":"","ast-banner-title-visibility":"","ast-main-header-display":"","ast-hfb-above-header-display":"","ast-hfb-below-header-display":"","ast-hfb-mobile-header-display":"","site-post-title":"","ast-breadcrumbs-content":"","ast-featured-img":"","footer-sml-layout":"","ast-disable-related-posts":"","theme-transparent-header-meta":"default","adv-header-id-meta":"","stick-header-meta":"","header-above-stick-meta":"","header-main-stick-meta":"","header-below-stick-meta":"","astra-migrate-meta-layouts":"set","ast-page-background-enabled":"default","ast-page-background-meta":{"desktop":{"background-color":"var(--ast-global-color-4)","background-image":"","background-repeat":"repeat","background-position":"center center","background-size":"auto","background-attachment":"scroll","background-type":"","background-media":"","overlay-type":"","overlay-color":"","overlay-opacity":"","overlay-gradient":""},"tablet":{"background-color":"","background-image":"","background-repeat":"repeat","background-position":"center center","background-size":"auto","background-attachment":"scroll","background-type":"","background-media":"","overlay-type":"","overlay-color":"","overlay-opacity":"","overlay-gradient":""},"mobile":{"background-color":"","background-image":"","background-repeat":"repeat","background-position":"center center","background-size":"auto","background-attachment":"scroll","background-type":"","background-media":"","overlay-type":"","overlay-color":"","overlay-opacity":"","overlay-gradient":""}},"ast-content-background-meta":{"desktop":{"background-color":"var(--ast-global-color-5)","background-image":"","background-repeat":"repeat","background-position":"center center","background-size":"auto","background-attachment":"scroll","background-type":"","background-media":"","overlay-type":"","overlay-color":"","overlay-opacity":"","overlay-gradient":""},"tablet":{"background-color":"var(--ast-global-color-5)","background-image":"","background-repeat":"repeat","background-position":"center center","background-size":"auto","background-attachment":"scroll","background-type":"","background-media":"","overlay-type":"","overlay-color":"","overlay-opacity":"","overlay-gradient":""},"mobile":{"background-color":"var(--ast-global-color-5)","background-image":"","background-repeat":"repeat","background-position":"center center","background-size":"auto","background-attachment":"scroll","background-type":"","background-media":"","overlay-type":"","overlay-color":"","overlay-opacity":"","overlay-gradient":""}}},"product_brand":[],"product_cat":[141,140,142,15],"product_tag":[],"class_list":{"0":"post-7677","1":"product","2":"type-product","3":"status-publish","4":"has-post-thumbnail","6":"product_cat-soi-gigant-urias","7":"product_cat-soiuri-romanesti","8":"product_cat-soiuri-rosii-roz","9":"product_cat-tomate-soi","10":"desktop-align-left","11":"tablet-align-left","12":"mobile-align-left","14":"first","15":"instock","16":"sale","17":"taxable","18":"shipping-taxable","19":"purchasable","20":"product-type-simple"},"_links":{"self":[{"href":"https:\/\/vivasem.ro\/index.php?rest_route=\/wp\/v2\/product\/7677","targetHints":{"allow":["GET"]}}],"collection":[{"href":"https:\/\/vivasem.ro\/index.php?rest_route=\/wp\/v2\/product"}],"about":[{"href":"https:\/\/vivasem.ro\/index.php?rest_route=\/wp\/v2\/types\/product"}],"replies":[{"embeddable":true,"href":"https:\/\/vivasem.ro\/index.php?rest_route=%2Fwp%2Fv2%2Fcomments&post=7677"}],"wp:featuredmedia":[{"embeddable":true,"href":"https:\/\/vivasem.ro\/index.php?rest_route=\/wp\/v2\/media\/9069"}],"wp:attachment":[{"href":"https:\/\/vivasem.ro\/index.php?rest_route=%2Fwp%2Fv2%2Fmedia&parent=7677"}],"wp:term":[{"taxonomy":"product_brand","embeddable":true,"href":"https:\/\/vivasem.ro\/index.php?rest_route=%2Fwp%2Fv2%2Fproduct_brand&post=7677"},{"taxonomy":"product_cat","embeddable":true,"href":"https:\/\/vivasem.ro\/index.php?rest_route=%2Fwp%2Fv2%2Fproduct_cat&post=7677"},{"taxonomy":"product_tag","embeddable":true,"href":"https:\/\/vivasem.ro\/index.php?rest_route=%2Fwp%2Fv2%2Fproduct_tag&post=7677"}],"curies":[{"name":"wp","href":"https:\/\/api.w.org\/{rel}","templated":true}]}}