{"id":7676,"date":"2022-10-07T08:26:04","date_gmt":"2022-10-07T06:26:04","guid":{"rendered":"https:\/\/vivasem.ro\/?post_type=product&#038;p=7676"},"modified":"2025-12-06T12:02:26","modified_gmt":"2025-12-06T10:02:26","slug":"uriase-de-dolj-2","status":"publish","type":"product","link":"https:\/\/vivasem.ro\/?product=uriase-de-dolj-2","title":{"rendered":"URIASE DE DOLJ (25s)"},"content":{"rendered":"<h6><span style=\"color: #ff0000;\"><strong><u>URIA\u0218E DE DOLJ<\/u><\/strong><strong>,<\/strong><\/span><\/h6>\n<h6><span style=\"color: #333399;\"><strong>SOI ROMANESC, TRADI\u021aIONAL OLTENESC ,DIN BAZINUL LEGUMICOL POIANA-MARE, CU CALIT\u0102\u021aI EXTRAORDINARE.<\/strong><\/span><\/h6>\n<h6><span style=\"color: #ff0000;\"><strong>ACEST SOI MINUNAT ,ARE CEL MAI BUN GUST DE RO\u0218IE ADEVARAT\u0102, FOARTE DULCE \u0218I SLAB ACID.<\/strong><\/span><\/h6>\n<h6><span style=\"color: #ff0000;\"><strong>FRUCTELE SUNT FOARTE MARI, C\u0102RNOASE, CU PU\u021aINE SEMIN\u021aE, SUNT FRAGEDE, AU COAJA SUB\u021aIRE, PULPA FIN\u0102. DAC\u0102 AU CONDI\u021aII FAVORABILE DE CULTIVARE , SUNT DINTRE RECORDMENE , FOARTE PRODUCTIVE ,OFERIND DE MULTE ORI 1 KG \/PLANT\u0102 LA O RECOLTARE.\u00a0<\/strong><\/span><\/h6>\n<h6><span style=\"color: #333399;\"><strong>FRUCTELE SUNT DE CULOARE RO\u0218IE, UNEORI SPRE ROZ, MAJORITATEA \u00ceN FORM\u0102 DE INIM\u0102, <\/strong><span style=\"color: #ff0000;\"><strong>\u00ceN GREUTATE MEDIE DE 200-400 grame ,DAR POT AJUNGE P\u00c2N\u0102 LA 1,5 kg.<\/strong><\/span><\/span><\/h6>\n<h6><span style=\"color: #333399;\">AU REZISTEN\u021a\u0102 BUN\u0102 LA TRANSPORT \u0218I P\u0102STRARE, R\u0102M\u0102N\u00c2ND FERME, F\u0102R\u0102 A FI TARI \u0218I AU\u00a0 COAJA FIN\u0102.<\/span><\/h6>\n<h6><span style=\"color: #333399;\">DE SEZON LUNG, ASIGUR\u0102 PRODUC\u021aII \u00ceNALTE, DE MULTE ORI, OFERIND\u00a0 \u0218I\u00a0 C\u00c2TE\u00a0 UN\u00a0 Kilogram\/PLANT\u0102, LA O SINGUR\u0102 CULEGERE.<\/span><\/h6>\n<h6><span style=\"color: #333399;\">PLANTELE SUNT CU FOLIAJ BOGAT, PUTERNICE, NEDETERMINATE, SEMITIMPURII.<\/span><\/h6>\n<h6><span style=\"color: #800000;\"><a href=\"https:\/\/vivasem.ro\/wp-content\/uploads\/2021\/11\/RECOMAND.jpg\"><span style=\"color: #333399;\">SOI PE CARE L-AM CULTIVAT CU FOARTE BUNE REZULTATE !<\/span> <img loading=\"lazy\" decoding=\"async\" class=\"alignnone wp-image-8306\" src=\"https:\/\/vivasem.ro\/wp-content\/uploads\/2021\/11\/RECOMAND.jpg\" alt=\"\" width=\"139\" height=\"135\" \/><\/a><\/span><\/h6>\n","protected":false},"excerpt":{"rendered":"<h6><span style=\"color: #0000ff;\">25\u00a0 SEMIN\u021aE<\/span><\/h6>\n<h6><span style=\"color: #ff00ff;\">GIGANT, DEOSEBIT DE\u00a0 GUSTOS, FOARTE PRODUCTIV !<\/span><\/h6>\n<p><img loading=\"lazy\" decoding=\"async\" class=\"alignnone size-medium wp-image-17985\" src=\"https:\/\/vivasem.ro\/wp-content\/uploads\/2025\/05\/SOI-ROMANESC-300x106.jpg\" alt=\"\" width=\"300\" height=\"106\" srcset=\"https:\/\/vivasem.ro\/wp-content\/uploads\/2025\/05\/SOI-ROMANESC-300x106.jpg 300w, https:\/\/vivasem.ro\/wp-content\/uploads\/2025\/05\/SOI-ROMANESC-150x53.jpg 150w, https:\/\/vivasem.ro\/wp-content\/uploads\/2025\/05\/SOI-ROMANESC-248x88.jpg 248w, https:\/\/vivasem.ro\/wp-content\/uploads\/2025\/05\/SOI-ROMANESC-590x209.jpg 590w, https:\/\/vivasem.ro\/wp-content\/uploads\/2025\/05\/SOI-ROMANESC.jpg 700w\" sizes=\"auto, (max-width: 300px) 100vw, 300px\" \/><img loading=\"lazy\" decoding=\"async\" class=\"alignnone size-full wp-image-8306\" src=\"https:\/\/vivasem.ro\/wp-content\/uploads\/2021\/11\/RECOMAND-e1762844609348.jpg\" alt=\"\" width=\"87\" height=\"84\" \/><\/p>\n<h6><\/h6>\n","protected":false},"featured_media":8024,"comment_status":"open","ping_status":"closed","template":"","meta":{"site-sidebar-layout":"default","site-content-layout":"default","ast-site-content-layout":"default","site-content-style":"default","site-sidebar-style":"default","ast-global-header-display":"","ast-banner-title-visibility":"","ast-main-header-display":"","ast-hfb-above-header-display":"","ast-hfb-below-header-display":"","ast-hfb-mobile-header-display":"","site-post-title":"","ast-breadcrumbs-content":"","ast-featured-img":"","footer-sml-layout":"","ast-disable-related-posts":"","theme-transparent-header-meta":"default","adv-header-id-meta":"","stick-header-meta":"","header-above-stick-meta":"","header-main-stick-meta":"","header-below-stick-meta":"","astra-migrate-meta-layouts":"set","ast-page-background-enabled":"default","ast-page-background-meta":{"desktop":{"background-color":"var(--ast-global-color-4)","background-image":"","background-repeat":"repeat","background-position":"center center","background-size":"auto","background-attachment":"scroll","background-type":"","background-media":"","overlay-type":"","overlay-color":"","overlay-opacity":"","overlay-gradient":""},"tablet":{"background-color":"","background-image":"","background-repeat":"repeat","background-position":"center center","background-size":"auto","background-attachment":"scroll","background-type":"","background-media":"","overlay-type":"","overlay-color":"","overlay-opacity":"","overlay-gradient":""},"mobile":{"background-color":"","background-image":"","background-repeat":"repeat","background-position":"center center","background-size":"auto","background-attachment":"scroll","background-type":"","background-media":"","overlay-type":"","overlay-color":"","overlay-opacity":"","overlay-gradient":""}},"ast-content-background-meta":{"desktop":{"background-color":"var(--ast-global-color-5)","background-image":"","background-repeat":"repeat","background-position":"center center","background-size":"auto","background-attachment":"scroll","background-type":"","background-media":"","overlay-type":"","overlay-color":"","overlay-opacity":"","overlay-gradient":""},"tablet":{"background-color":"var(--ast-global-color-5)","background-image":"","background-repeat":"repeat","background-position":"center center","background-size":"auto","background-attachment":"scroll","background-type":"","background-media":"","overlay-type":"","overlay-color":"","overlay-opacity":"","overlay-gradient":""},"mobile":{"background-color":"var(--ast-global-color-5)","background-image":"","background-repeat":"repeat","background-position":"center center","background-size":"auto","background-attachment":"scroll","background-type":"","background-media":"","overlay-type":"","overlay-color":"","overlay-opacity":"","overlay-gradient":""}}},"product_brand":[],"product_cat":[141,140,142,15],"product_tag":[],"class_list":{"0":"post-7676","1":"product","2":"type-product","3":"status-publish","4":"has-post-thumbnail","6":"product_cat-soi-gigant-urias","7":"product_cat-soiuri-romanesti","8":"product_cat-soiuri-rosii-roz","9":"product_cat-tomate-soi","10":"desktop-align-left","11":"tablet-align-left","12":"mobile-align-left","14":"first","15":"instock","16":"taxable","17":"shipping-taxable","18":"purchasable","19":"product-type-simple"},"_links":{"self":[{"href":"https:\/\/vivasem.ro\/index.php?rest_route=\/wp\/v2\/product\/7676","targetHints":{"allow":["GET"]}}],"collection":[{"href":"https:\/\/vivasem.ro\/index.php?rest_route=\/wp\/v2\/product"}],"about":[{"href":"https:\/\/vivasem.ro\/index.php?rest_route=\/wp\/v2\/types\/product"}],"replies":[{"embeddable":true,"href":"https:\/\/vivasem.ro\/index.php?rest_route=%2Fwp%2Fv2%2Fcomments&post=7676"}],"wp:featuredmedia":[{"embeddable":true,"href":"https:\/\/vivasem.ro\/index.php?rest_route=\/wp\/v2\/media\/8024"}],"wp:attachment":[{"href":"https:\/\/vivasem.ro\/index.php?rest_route=%2Fwp%2Fv2%2Fmedia&parent=7676"}],"wp:term":[{"taxonomy":"product_brand","embeddable":true,"href":"https:\/\/vivasem.ro\/index.php?rest_route=%2Fwp%2Fv2%2Fproduct_brand&post=7676"},{"taxonomy":"product_cat","embeddable":true,"href":"https:\/\/vivasem.ro\/index.php?rest_route=%2Fwp%2Fv2%2Fproduct_cat&post=7676"},{"taxonomy":"product_tag","embeddable":true,"href":"https:\/\/vivasem.ro\/index.php?rest_route=%2Fwp%2Fv2%2Fproduct_tag&post=7676"}],"curies":[{"name":"wp","href":"https:\/\/api.w.org\/{rel}","templated":true}]}}