{"id":7675,"date":"2022-10-07T08:06:23","date_gmt":"2022-10-07T06:06:23","guid":{"rendered":"https:\/\/vivasem.ro\/?post_type=product&#038;p=7675"},"modified":"2026-01-03T17:56:45","modified_gmt":"2026-01-03T15:56:45","slug":"trandafirii-de-buzau","status":"publish","type":"product","link":"https:\/\/vivasem.ro\/?product=trandafirii-de-buzau","title":{"rendered":"TRANDAFIRII DE BUZAU (Ofert\u0103 pret\/G. 35-50%)"},"content":{"rendered":"<h6><span style=\"color: #ff0000;\"><strong><u>TRANDAFIRII DE BUZAU<\/u><\/strong><strong>,<\/strong><\/span><\/h6>\n<h6>Lot cu germina\u021bie de 35-50%,<\/h6>\n<h6><span style=\"color: #800000;\"><strong>SOI ROMANESC, TRADI\u021aIONAL ,DIN BAZINUL LEGUMICOL AL BUZ\u0102ULUI, ZONA D\u00c2MBROCA, CU CALIT\u0102\u021aI DE EXCEP\u021aIE.<\/strong><\/span><\/h6>\n<h6><span style=\"color: #0000ff;\"><strong>FRUCTELE SUNT DE CULOARE ROZ,\u00a0 MARI ,C\u0102RNOASE, CU <\/strong><\/span><span style=\"color: #0000ff;\"><strong>PULPA FIN\u0102, <\/strong>POTRIVIT\u00a0 DE\u00a0 ZEMOAS\u0102,<\/span> <strong><span style=\"color: #0000ff;\">CU<\/span><\/strong><strong><span style=\"color: #0000ff;\">\u00a0GUST EXCEP\u021aIONAL,<\/span> <span style=\"color: #0000ff;\">CLASIC DE ROSIE VECHE, PERFECT ECHILIBRAT DULCE-ACRI\u0218OR.<\/span><\/strong><\/h6>\n<h6><span style=\"color: #0000ff;\"><strong>\u00a0SUNT GRUPATE C\u00c2TE 2-4 LA BUCHET <\/strong><\/span><strong><span style=\"color: #0000ff;\">, \u00ceN GREUTATE MEDIE DE 200-400 grame ,<\/span><\/strong><\/h6>\n<h6><span style=\"color: #800000;\">TOMATELE TRANDAFIRII DE BUZ\u0102U, A<\/span><span style=\"color: #800000;\">U REZISTEN\u021a\u0102 BUN\u0102 LA TRANSPORT \u0218I P\u0102STRARE, R\u0102M\u0102N\u00c2ND FERME, F\u0102R\u0102 A FI TARI \u0218I AU\u00a0 COAJA FIN\u0102.<\/span><\/h6>\n<h6><span style=\"color: #ff0000;\">DE SEZON LUNG, ASIGUR\u0102 PRODUC\u021aII \u00ceNALTE, DE MULTE ORI, OFERIND\u00a0 1 KG\/PLANT\u0102, LA O SINGUR\u0102 CULEGERE.<\/span><\/h6>\n<h6><span style=\"color: #ff0000;\">PLANTELE SUNT REZISTENTE, PUTERNICE, NEDETERMINATE, SEMITIMPURII.<\/span><\/h6>\n","protected":false},"excerpt":{"rendered":"<h6><span style=\"color: #ff00ff;\">SOI DE EXCEP\u021aIE !<\/span><\/h6>\n<p><img loading=\"lazy\" decoding=\"async\" class=\"alignnone size-medium wp-image-17985\" src=\"https:\/\/vivasem.ro\/wp-content\/uploads\/2025\/05\/SOI-ROMANESC-300x106.jpg\" alt=\"\" width=\"300\" height=\"106\" srcset=\"https:\/\/vivasem.ro\/wp-content\/uploads\/2025\/05\/SOI-ROMANESC-300x106.jpg 300w, https:\/\/vivasem.ro\/wp-content\/uploads\/2025\/05\/SOI-ROMANESC-150x53.jpg 150w, https:\/\/vivasem.ro\/wp-content\/uploads\/2025\/05\/SOI-ROMANESC-248x88.jpg 248w, https:\/\/vivasem.ro\/wp-content\/uploads\/2025\/05\/SOI-ROMANESC-590x209.jpg 590w, https:\/\/vivasem.ro\/wp-content\/uploads\/2025\/05\/SOI-ROMANESC.jpg 700w\" sizes=\"auto, (max-width: 300px) 100vw, 300px\" \/><\/p>\n<h6><\/h6>\n","protected":false},"featured_media":8888,"comment_status":"open","ping_status":"closed","template":"","meta":{"site-sidebar-layout":"default","site-content-layout":"default","ast-site-content-layout":"default","site-content-style":"default","site-sidebar-style":"default","ast-global-header-display":"","ast-banner-title-visibility":"","ast-main-header-display":"","ast-hfb-above-header-display":"","ast-hfb-below-header-display":"","ast-hfb-mobile-header-display":"","site-post-title":"","ast-breadcrumbs-content":"","ast-featured-img":"","footer-sml-layout":"","ast-disable-related-posts":"","theme-transparent-header-meta":"default","adv-header-id-meta":"","stick-header-meta":"","header-above-stick-meta":"","header-main-stick-meta":"","header-below-stick-meta":"","astra-migrate-meta-layouts":"set","ast-page-background-enabled":"default","ast-page-background-meta":{"desktop":{"background-color":"var(--ast-global-color-4)","background-image":"","background-repeat":"repeat","background-position":"center center","background-size":"auto","background-attachment":"scroll","background-type":"","background-media":"","overlay-type":"","overlay-color":"","overlay-opacity":"","overlay-gradient":""},"tablet":{"background-color":"","background-image":"","background-repeat":"repeat","background-position":"center center","background-size":"auto","background-attachment":"scroll","background-type":"","background-media":"","overlay-type":"","overlay-color":"","overlay-opacity":"","overlay-gradient":""},"mobile":{"background-color":"","background-image":"","background-repeat":"repeat","background-position":"center center","background-size":"auto","background-attachment":"scroll","background-type":"","background-media":"","overlay-type":"","overlay-color":"","overlay-opacity":"","overlay-gradient":""}},"ast-content-background-meta":{"desktop":{"background-color":"var(--ast-global-color-5)","background-image":"","background-repeat":"repeat","background-position":"center center","background-size":"auto","background-attachment":"scroll","background-type":"","background-media":"","overlay-type":"","overlay-color":"","overlay-opacity":"","overlay-gradient":""},"tablet":{"background-color":"var(--ast-global-color-5)","background-image":"","background-repeat":"repeat","background-position":"center center","background-size":"auto","background-attachment":"scroll","background-type":"","background-media":"","overlay-type":"","overlay-color":"","overlay-opacity":"","overlay-gradient":""},"mobile":{"background-color":"var(--ast-global-color-5)","background-image":"","background-repeat":"repeat","background-position":"center center","background-size":"auto","background-attachment":"scroll","background-type":"","background-media":"","overlay-type":"","overlay-color":"","overlay-opacity":"","overlay-gradient":""}}},"product_brand":[],"product_cat":[141,140,142,15],"product_tag":[],"class_list":{"0":"post-7675","1":"product","2":"type-product","3":"status-publish","4":"has-post-thumbnail","6":"product_cat-soi-gigant-urias","7":"product_cat-soiuri-romanesti","8":"product_cat-soiuri-rosii-roz","9":"product_cat-tomate-soi","10":"pa_cantitate-100-100-seminte","11":"pa_cantitate-100-1000-seminte","12":"pa_cantitate-100-200-seminte","13":"pa_cantitate-100-300-seminte","14":"pa_cantitate-100-400-seminte","15":"pa_cantitate-100-500-seminte","16":"pa_cantitate-100-600-seminte","17":"pa_cantitate-100-800-seminte","18":"pa_cantitate-100-900-seminte","19":"desktop-align-left","20":"tablet-align-left","21":"mobile-align-left","23":"first","24":"instock","25":"sale","26":"taxable","27":"shipping-taxable","28":"purchasable","29":"product-type-variable"},"_links":{"self":[{"href":"https:\/\/vivasem.ro\/index.php?rest_route=\/wp\/v2\/product\/7675","targetHints":{"allow":["GET"]}}],"collection":[{"href":"https:\/\/vivasem.ro\/index.php?rest_route=\/wp\/v2\/product"}],"about":[{"href":"https:\/\/vivasem.ro\/index.php?rest_route=\/wp\/v2\/types\/product"}],"replies":[{"embeddable":true,"href":"https:\/\/vivasem.ro\/index.php?rest_route=%2Fwp%2Fv2%2Fcomments&post=7675"}],"wp:featuredmedia":[{"embeddable":true,"href":"https:\/\/vivasem.ro\/index.php?rest_route=\/wp\/v2\/media\/8888"}],"wp:attachment":[{"href":"https:\/\/vivasem.ro\/index.php?rest_route=%2Fwp%2Fv2%2Fmedia&parent=7675"}],"wp:term":[{"taxonomy":"product_brand","embeddable":true,"href":"https:\/\/vivasem.ro\/index.php?rest_route=%2Fwp%2Fv2%2Fproduct_brand&post=7675"},{"taxonomy":"product_cat","embeddable":true,"href":"https:\/\/vivasem.ro\/index.php?rest_route=%2Fwp%2Fv2%2Fproduct_cat&post=7675"},{"taxonomy":"product_tag","embeddable":true,"href":"https:\/\/vivasem.ro\/index.php?rest_route=%2Fwp%2Fv2%2Fproduct_tag&post=7675"}],"curies":[{"name":"wp","href":"https:\/\/api.w.org\/{rel}","templated":true}]}}