{"id":767,"date":"2021-11-04T15:19:05","date_gmt":"2021-11-04T13:19:05","guid":{"rendered":"https:\/\/vivasem.ro\/?post_type=product&#038;p=767"},"modified":"2025-01-08T20:46:23","modified_gmt":"2025-01-08T18:46:23","slug":"inima-de-taur-roz-ucraina-volove-sertseo-rozheviy","status":"publish","type":"product","link":"https:\/\/vivasem.ro\/?product=inima-de-taur-roz-ucraina-volove-sertseo-rozheviy","title":{"rendered":"\u201e\u201eINIM\u0102 DE TAUR ROZ -UCRAINA (VOLOVE SERTSEO ROZHEVIY)"},"content":{"rendered":"<h6><span style=\"color: #ff0000;\">INIM\u0102 DE TAUR ROZ\u00a0 \/VOLOVE SERTSEO ROZHEVIY \/BULL HEART PINK,<\/span><\/h6>\n<h6>ESTE UN SOI STR\u0102VECHI, MULT IUBIT \u00ceN\u00a0 RUSIA \u0218I \u021a\u0102RILE FOSTULUI URSS, <span style=\"color: #0000ff;\">PENTRU GUSTUL EXCEP\u021aIONAL, DULCE, SLAB ACID, PUTERNIC AROMAT.<\/span><\/h6>\n<h6>\u00a0FRUCTELE SUNT DE CULOARE ROZ- STR\u0102LUCITOR, IN FORM\u0102 DE INIM\u0102, FOARTE C\u0102RNOASE, CU PU\u021aINE SEMIN\u021aE.M\u0102RIMEA MEDIE ESTE DE 150-250 grame, DAR POT DEP\u0102\u0218II \u0218I 500 DE grame.<\/h6>\n<h6><span style=\"color: #0000ff;\">VARIETATE DEOSEBIT DE PRODUCTIV\u0102, DIN UCRAINA,<\/span> SEMITIMPURIE, ADAPTAT\u0102 LA TEMPERATURI SC\u0102ZUTE, DE SEZON LUNG, PENTRU GR\u0102DIN\u0102 \u0218I SOLAR, CU CRE\u0218TERE NEDETERMINAT\u0102 , CE AJUNGE LA 1,8-2 metrii.<\/h6>\n","protected":false},"excerpt":{"rendered":"<h6><span style=\"color: #0000ff;\">25 SEMIN\u021aE<\/span><\/h6>\n<h6><span style=\"color: #ff00ff;\">GUST EXCEP\u021aIONAL !<\/span><\/h6>\n<h6><span style=\"color: #ff00ff;\">FOARTE PRODUCTIV \u0218I REZISTENT !<\/span><\/h6>\n","protected":false},"featured_media":3949,"comment_status":"open","ping_status":"closed","template":"","meta":{"site-sidebar-layout":"default","site-content-layout":"default","ast-site-content-layout":"default","site-content-style":"default","site-sidebar-style":"default","ast-global-header-display":"","ast-banner-title-visibility":"","ast-main-header-display":"","ast-hfb-above-header-display":"","ast-hfb-below-header-display":"","ast-hfb-mobile-header-display":"","site-post-title":"","ast-breadcrumbs-content":"","ast-featured-img":"","footer-sml-layout":"","ast-disable-related-posts":"","theme-transparent-header-meta":"default","adv-header-id-meta":"","stick-header-meta":"","header-above-stick-meta":"","header-main-stick-meta":"","header-below-stick-meta":"","astra-migrate-meta-layouts":"set","ast-page-background-enabled":"default","ast-page-background-meta":{"desktop":{"background-color":"var(--ast-global-color-4)","background-image":"","background-repeat":"repeat","background-position":"center center","background-size":"auto","background-attachment":"scroll","background-type":"","background-media":"","overlay-type":"","overlay-color":"","overlay-opacity":"","overlay-gradient":""},"tablet":{"background-color":"","background-image":"","background-repeat":"repeat","background-position":"center center","background-size":"auto","background-attachment":"scroll","background-type":"","background-media":"","overlay-type":"","overlay-color":"","overlay-opacity":"","overlay-gradient":""},"mobile":{"background-color":"","background-image":"","background-repeat":"repeat","background-position":"center center","background-size":"auto","background-attachment":"scroll","background-type":"","background-media":"","overlay-type":"","overlay-color":"","overlay-opacity":"","overlay-gradient":""}},"ast-content-background-meta":{"desktop":{"background-color":"var(--ast-global-color-5)","background-image":"","background-repeat":"repeat","background-position":"center center","background-size":"auto","background-attachment":"scroll","background-type":"","background-media":"","overlay-type":"","overlay-color":"","overlay-opacity":"","overlay-gradient":""},"tablet":{"background-color":"var(--ast-global-color-5)","background-image":"","background-repeat":"repeat","background-position":"center center","background-size":"auto","background-attachment":"scroll","background-type":"","background-media":"","overlay-type":"","overlay-color":"","overlay-opacity":"","overlay-gradient":""},"mobile":{"background-color":"var(--ast-global-color-5)","background-image":"","background-repeat":"repeat","background-position":"center center","background-size":"auto","background-attachment":"scroll","background-type":"","background-media":"","overlay-type":"","overlay-color":"","overlay-opacity":"","overlay-gradient":""}}},"product_brand":[],"product_cat":[141,142,144,15],"product_tag":[],"class_list":{"0":"post-767","1":"product","2":"type-product","3":"status-publish","4":"has-post-thumbnail","6":"product_cat-soi-gigant-urias","7":"product_cat-soiuri-rosii-roz","8":"product_cat-soiuri-tip-inima-de-bou","9":"product_cat-tomate-soi","10":"desktop-align-left","11":"tablet-align-left","12":"mobile-align-left","14":"first","15":"outofstock","16":"taxable","17":"shipping-taxable","18":"purchasable","19":"product-type-simple"},"_links":{"self":[{"href":"https:\/\/vivasem.ro\/index.php?rest_route=\/wp\/v2\/product\/767","targetHints":{"allow":["GET"]}}],"collection":[{"href":"https:\/\/vivasem.ro\/index.php?rest_route=\/wp\/v2\/product"}],"about":[{"href":"https:\/\/vivasem.ro\/index.php?rest_route=\/wp\/v2\/types\/product"}],"replies":[{"embeddable":true,"href":"https:\/\/vivasem.ro\/index.php?rest_route=%2Fwp%2Fv2%2Fcomments&post=767"}],"wp:featuredmedia":[{"embeddable":true,"href":"https:\/\/vivasem.ro\/index.php?rest_route=\/wp\/v2\/media\/3949"}],"wp:attachment":[{"href":"https:\/\/vivasem.ro\/index.php?rest_route=%2Fwp%2Fv2%2Fmedia&parent=767"}],"wp:term":[{"taxonomy":"product_brand","embeddable":true,"href":"https:\/\/vivasem.ro\/index.php?rest_route=%2Fwp%2Fv2%2Fproduct_brand&post=767"},{"taxonomy":"product_cat","embeddable":true,"href":"https:\/\/vivasem.ro\/index.php?rest_route=%2Fwp%2Fv2%2Fproduct_cat&post=767"},{"taxonomy":"product_tag","embeddable":true,"href":"https:\/\/vivasem.ro\/index.php?rest_route=%2Fwp%2Fv2%2Fproduct_tag&post=767"}],"curies":[{"name":"wp","href":"https:\/\/api.w.org\/{rel}","templated":true}]}}