{"id":765,"date":"2021-11-04T14:57:41","date_gmt":"2021-11-04T12:57:41","guid":{"rendered":"https:\/\/vivasem.ro\/?post_type=product&#038;p=765"},"modified":"2024-06-12T06:23:47","modified_gmt":"2024-06-12T04:23:47","slug":"purple-calabash","status":"publish","type":"product","link":"https:\/\/vivasem.ro\/?product=purple-calabash","title":{"rendered":"PURPLE CALABASH"},"content":{"rendered":"<h6><span style=\"color: #ff0000;\"><strong>PURPLE CALABASH,<\/strong><\/span><\/h6>\n<h6><span style=\"color: #333399;\"><strong>Despre\u00a0<span style=\"color: #ff0000;\"><a style=\"color: #ff0000;\" href=\"http:\/\/www.rosiidingradina.ro\/stand-pe-ganduri\/ploua-cu-purple-calabash\" target=\"_blank\" rel=\"noopener\">Purple Calabash<\/a><\/span> se spune c\u0103 este amintit\u0103 \u00een \u00eensemn\u0103rile\u00a0 despre expedi\u021bia lui Cristofor Columb ca fiind folosit\u0103 de aztecii din vechiul Mexic la prepararea de salsa, alaturi de ardei iute si semin\u021be de dovleac. Asta se \u00eent\u00e2mpla , acum mai bine de\u00a0 500 de ani. <\/strong><\/span><\/h6>\n<h6><span style=\"color: #333399;\"><strong>Mai tarziu, pe la 1809, pre\u0219edintele american Thomas Jefferson a adus-o din Guatemala , in re\u0219edinta sa de la Monticello, dar a men\u021bionat in scrierile sale c\u0103 era cultivata in zon\u0103 inca de pe la 1782. Cert este faptul ca este una din cele mai populare ro\u0219ii din Virginia, unde gase\u0219ti din abundenta acest soi.<br \/>\nNu vechimea inca nedeterminat\u0103 exact, o face celebr\u0103, ci gustul ei deosebit, precum si culoarea de un purpuriu intens. Poate c\u0103 \u0219i forma amintind de tomatele tradi\u021bionale sa aiba partea ei de atractie.<\/strong><\/span><\/h6>\n<h6><span style=\"color: #ff0000;\"><strong>\u00cen concluzie, <\/strong><strong><span style=\"color: #0000ff;\"><a style=\"color: #0000ff;\" href=\"http:\/\/www.rosiidingradina.ro\/stand-pe-ganduri\/ploua-cu-purple-calabash\" target=\"_blank\" rel=\"noopener\">Purple Calabash<\/a> <\/span>,ESTE <\/strong><strong>UN SOI CELEBRU HEIRLOOM ,AMERICAN, CULOAREA SA FIIND DE CEL MAI INTENS PURPURIU SPRE VI\u0218INIU-BURGUNDY<\/strong>, DINTRE TOATE SOIURILE ASEM\u0102N\u0102TOARE.<\/span><\/h6>\n<h6>FRUCTELE AU <span style=\"color: #0000ff;\">UN GUST DEOSEBIT, PRONUN\u021aAT DULCE,\u0218I CU O AROM\u0102 DE RO\u0218II FOARTE DISTINCT\u0102, CU NUAN\u021aE CITRICE .<\/span><\/h6>\n<h6>GREUTATEA MEDIE ESTE DE 180 grame,DAR POATE AJUNGE LA 400 grame.<\/h6>\n<h6>SPECTACULOS \u00ceN SALATE, AT\u00c2T DATORIT\u0102 AROMEI,C\u00c2T \u0218I CULORII PULPEI ASEM\u0102N\u0102TOARE VINULUI CABERNET.<\/h6>\n<h6>PLANTELE NEDETERMINATE, CU FRUNZE NORMALE,POT AJUNGE \u0218I LA 5- 6 metrii ,\u00ceN CONDI\u021aII IDEALE DE C\u0102LDURA, SAU \u00ceN SOLAR.<\/h6>\n","protected":false},"excerpt":{"rendered":"<h6><span style=\"color: #0000ff;\">20 SEMIN\u021aE<\/span><\/h6>\n<h6><span style=\"color: #ff00ff;\">SOI RAR, EXCEP\u021aIONAL, CU GUST UNIC !<\/span><\/h6>\n","protected":false},"featured_media":4350,"comment_status":"open","ping_status":"closed","template":"","meta":{"site-sidebar-layout":"default","site-content-layout":"default","ast-site-content-layout":"default","site-content-style":"default","site-sidebar-style":"default","ast-global-header-display":"","ast-banner-title-visibility":"","ast-main-header-display":"","ast-hfb-above-header-display":"","ast-hfb-below-header-display":"","ast-hfb-mobile-header-display":"","site-post-title":"","ast-breadcrumbs-content":"","ast-featured-img":"","footer-sml-layout":"","ast-disable-related-posts":"","theme-transparent-header-meta":"default","adv-header-id-meta":"","stick-header-meta":"","header-above-stick-meta":"","header-main-stick-meta":"","header-below-stick-meta":"","astra-migrate-meta-layouts":"default","ast-page-background-enabled":"default","ast-page-background-meta":{"desktop":{"background-color":"var(--ast-global-color-4)","background-image":"","background-repeat":"repeat","background-position":"center center","background-size":"auto","background-attachment":"scroll","background-type":"","background-media":"","overlay-type":"","overlay-color":"","overlay-opacity":"","overlay-gradient":""},"tablet":{"background-color":"","background-image":"","background-repeat":"repeat","background-position":"center center","background-size":"auto","background-attachment":"scroll","background-type":"","background-media":"","overlay-type":"","overlay-color":"","overlay-opacity":"","overlay-gradient":""},"mobile":{"background-color":"","background-image":"","background-repeat":"repeat","background-position":"center center","background-size":"auto","background-attachment":"scroll","background-type":"","background-media":"","overlay-type":"","overlay-color":"","overlay-opacity":"","overlay-gradient":""}},"ast-content-background-meta":{"desktop":{"background-color":"var(--ast-global-color-5)","background-image":"","background-repeat":"repeat","background-position":"center center","background-size":"auto","background-attachment":"scroll","background-type":"","background-media":"","overlay-type":"","overlay-color":"","overlay-opacity":"","overlay-gradient":""},"tablet":{"background-color":"var(--ast-global-color-5)","background-image":"","background-repeat":"repeat","background-position":"center center","background-size":"auto","background-attachment":"scroll","background-type":"","background-media":"","overlay-type":"","overlay-color":"","overlay-opacity":"","overlay-gradient":""},"mobile":{"background-color":"var(--ast-global-color-5)","background-image":"","background-repeat":"repeat","background-position":"center center","background-size":"auto","background-attachment":"scroll","background-type":"","background-media":"","overlay-type":"","overlay-color":"","overlay-opacity":"","overlay-gradient":""}}},"product_brand":[],"product_cat":[149],"product_tag":[],"class_list":{"0":"post-765","1":"product","2":"type-product","3":"status-publish","4":"has-post-thumbnail","6":"product_cat-33-produse-epuizate","7":"desktop-align-left","8":"tablet-align-left","9":"mobile-align-left","11":"first","12":"outofstock","13":"taxable","14":"shipping-taxable","15":"purchasable","16":"product-type-simple"},"_links":{"self":[{"href":"https:\/\/vivasem.ro\/index.php?rest_route=\/wp\/v2\/product\/765","targetHints":{"allow":["GET"]}}],"collection":[{"href":"https:\/\/vivasem.ro\/index.php?rest_route=\/wp\/v2\/product"}],"about":[{"href":"https:\/\/vivasem.ro\/index.php?rest_route=\/wp\/v2\/types\/product"}],"replies":[{"embeddable":true,"href":"https:\/\/vivasem.ro\/index.php?rest_route=%2Fwp%2Fv2%2Fcomments&post=765"}],"wp:featuredmedia":[{"embeddable":true,"href":"https:\/\/vivasem.ro\/index.php?rest_route=\/wp\/v2\/media\/4350"}],"wp:attachment":[{"href":"https:\/\/vivasem.ro\/index.php?rest_route=%2Fwp%2Fv2%2Fmedia&parent=765"}],"wp:term":[{"taxonomy":"product_brand","embeddable":true,"href":"https:\/\/vivasem.ro\/index.php?rest_route=%2Fwp%2Fv2%2Fproduct_brand&post=765"},{"taxonomy":"product_cat","embeddable":true,"href":"https:\/\/vivasem.ro\/index.php?rest_route=%2Fwp%2Fv2%2Fproduct_cat&post=765"},{"taxonomy":"product_tag","embeddable":true,"href":"https:\/\/vivasem.ro\/index.php?rest_route=%2Fwp%2Fv2%2Fproduct_tag&post=765"}],"curies":[{"name":"wp","href":"https:\/\/api.w.org\/{rel}","templated":true}]}}