{"id":762,"date":"2021-11-04T14:40:08","date_gmt":"2021-11-04T12:40:08","guid":{"rendered":"https:\/\/vivasem.ro\/?post_type=product&#038;p=762"},"modified":"2026-02-19T20:20:15","modified_gmt":"2026-02-19T18:20:15","slug":"unchiul-stepa","status":"publish","type":"product","link":"https:\/\/vivasem.ro\/?product=unchiul-stepa","title":{"rendered":".UNCHIUL STEPA-Ucraina"},"content":{"rendered":"<h6><span style=\"color: #ff0000;\">UNCHIUL STEPA,<\/span><\/h6>\n<h6><span style=\"color: #0000ff;\">POATE CEL MAI BUN SOI DIN UCRAINA,DUP\u0102 P\u0102REREA NOASTR\u0102, EXTRAORDINAR DE REZISTENT LA TEMPERATURI SC\u0102ZUTE , DE UNDE \u0218I TIMPURIETATEA , DAR \u0218I FOARTE PRODUCTIV, CONSTANT,\u00a0 P\u00c2N\u0102 LA \u00ceNGHE\u021a.<\/span><\/h6>\n<h6>PLANTELE VIGUROASE,NEDETERMINATE, FORMEAZ\u0102 CIORCHINI CU 3-4 FRUCTE \u00ceN FORM\u0102 DE\u00a0 INIM\u0102 ,DE CULOARE PURPURIE, <span style=\"color: #0000ff;\">EXTREM DE GUSTOASE \u0218I DULCI, C\u0102RNOASE \u0218I CU PU\u021aINE SEMIN\u021aE, CU\u00a0 AROMA CLASIC\u0102, DE RO\u0218IE VECHE.<\/span><\/h6>\n<h6>GREUTATEA ESTE \u00ceNTRE 150-250 grame.<\/h6>\n","protected":false},"excerpt":{"rendered":"<h6><span style=\"color: #0000ff;\">30 SEMIN\u021aE<\/span><\/h6>\n<h6><span style=\"color: #ff00ff;\">SOI EXTREM DE REZISTENT! <\/span><span style=\"color: #ff00ff;\">FOARTE PRODUCTIV! <\/span><span style=\"color: #ff00ff;\">DEOSEBIT DE GUSTOS !<\/span><\/h6>\n","protected":false},"featured_media":3178,"comment_status":"open","ping_status":"closed","template":"","meta":{"site-sidebar-layout":"default","site-content-layout":"default","ast-site-content-layout":"default","site-content-style":"default","site-sidebar-style":"default","ast-global-header-display":"","ast-banner-title-visibility":"","ast-main-header-display":"","ast-hfb-above-header-display":"","ast-hfb-below-header-display":"","ast-hfb-mobile-header-display":"","site-post-title":"","ast-breadcrumbs-content":"","ast-featured-img":"","footer-sml-layout":"","ast-disable-related-posts":"","theme-transparent-header-meta":"default","adv-header-id-meta":"","stick-header-meta":"","header-above-stick-meta":"","header-main-stick-meta":"","header-below-stick-meta":"","astra-migrate-meta-layouts":"set","ast-page-background-enabled":"default","ast-page-background-meta":{"desktop":{"background-color":"var(--ast-global-color-4)","background-image":"","background-repeat":"repeat","background-position":"center center","background-size":"auto","background-attachment":"scroll","background-type":"","background-media":"","overlay-type":"","overlay-color":"","overlay-opacity":"","overlay-gradient":""},"tablet":{"background-color":"","background-image":"","background-repeat":"repeat","background-position":"center center","background-size":"auto","background-attachment":"scroll","background-type":"","background-media":"","overlay-type":"","overlay-color":"","overlay-opacity":"","overlay-gradient":""},"mobile":{"background-color":"","background-image":"","background-repeat":"repeat","background-position":"center center","background-size":"auto","background-attachment":"scroll","background-type":"","background-media":"","overlay-type":"","overlay-color":"","overlay-opacity":"","overlay-gradient":""}},"ast-content-background-meta":{"desktop":{"background-color":"var(--ast-global-color-5)","background-image":"","background-repeat":"repeat","background-position":"center center","background-size":"auto","background-attachment":"scroll","background-type":"","background-media":"","overlay-type":"","overlay-color":"","overlay-opacity":"","overlay-gradient":""},"tablet":{"background-color":"var(--ast-global-color-5)","background-image":"","background-repeat":"repeat","background-position":"center center","background-size":"auto","background-attachment":"scroll","background-type":"","background-media":"","overlay-type":"","overlay-color":"","overlay-opacity":"","overlay-gradient":""},"mobile":{"background-color":"var(--ast-global-color-5)","background-image":"","background-repeat":"repeat","background-position":"center center","background-size":"auto","background-attachment":"scroll","background-type":"","background-media":"","overlay-type":"","overlay-color":"","overlay-opacity":"","overlay-gradient":""}}},"product_brand":[],"product_cat":[180,178,142,144,15],"product_tag":[],"class_list":{"0":"post-762","1":"product","2":"type-product","3":"status-publish","4":"has-post-thumbnail","6":"product_cat-oferte-de-pret-cantitate","7":"product_cat-soiuri-lungi","8":"product_cat-soiuri-rosii-roz","9":"product_cat-soiuri-tip-inima-de-bou","10":"product_cat-tomate-soi","11":"desktop-align-left","12":"tablet-align-left","13":"mobile-align-left","15":"first","16":"instock","17":"taxable","18":"shipping-taxable","19":"purchasable","20":"product-type-simple"},"_links":{"self":[{"href":"https:\/\/vivasem.ro\/index.php?rest_route=\/wp\/v2\/product\/762","targetHints":{"allow":["GET"]}}],"collection":[{"href":"https:\/\/vivasem.ro\/index.php?rest_route=\/wp\/v2\/product"}],"about":[{"href":"https:\/\/vivasem.ro\/index.php?rest_route=\/wp\/v2\/types\/product"}],"replies":[{"embeddable":true,"href":"https:\/\/vivasem.ro\/index.php?rest_route=%2Fwp%2Fv2%2Fcomments&post=762"}],"wp:featuredmedia":[{"embeddable":true,"href":"https:\/\/vivasem.ro\/index.php?rest_route=\/wp\/v2\/media\/3178"}],"wp:attachment":[{"href":"https:\/\/vivasem.ro\/index.php?rest_route=%2Fwp%2Fv2%2Fmedia&parent=762"}],"wp:term":[{"taxonomy":"product_brand","embeddable":true,"href":"https:\/\/vivasem.ro\/index.php?rest_route=%2Fwp%2Fv2%2Fproduct_brand&post=762"},{"taxonomy":"product_cat","embeddable":true,"href":"https:\/\/vivasem.ro\/index.php?rest_route=%2Fwp%2Fv2%2Fproduct_cat&post=762"},{"taxonomy":"product_tag","embeddable":true,"href":"https:\/\/vivasem.ro\/index.php?rest_route=%2Fwp%2Fv2%2Fproduct_tag&post=762"}],"curies":[{"name":"wp","href":"https:\/\/api.w.org\/{rel}","templated":true}]}}