{"id":7609,"date":"2022-09-26T19:06:04","date_gmt":"2022-09-26T17:06:04","guid":{"rendered":"https:\/\/vivasem.ro\/?post_type=product&#038;p=7609"},"modified":"2026-02-13T09:45:08","modified_gmt":"2026-02-13T07:45:08","slug":"cherry-siberian-purple","status":"publish","type":"product","link":"https:\/\/vivasem.ro\/?product=cherry-siberian-purple","title":{"rendered":"CHERRY MAGIC PURPLE SIBERIAN (ROSE CHERRY) 30s"},"content":{"rendered":"<h6 style=\"text-align: left;\"><span style=\"color: #993300;\"><strong><u>CHERRY MAGIC <\/u><\/strong><\/span><span style=\"color: #993300;\"><strong><u>PURPLE <\/u><\/strong><\/span><span style=\"color: #993300;\"><strong><u>SIBERIAN (ROSE CHERRY)\/CHERRY TRANDAFIRII<\/u><\/strong><\/span><span style=\"color: #993300;\"><strong><u>,<\/u><\/strong><\/span><\/h6>\n<h6><span style=\"color: #0000ff;\"><strong>\u00a0<\/strong><\/span><span style=\"color: #0000ff;\"><strong>\u00a0<\/strong>SOI SIBERIAN,CE SE DISTINGE NU NUMAI PRIN ASPECTUL DEOSEBIT, DAT DE CIORCHINII\u00a0 CU FRUCTE DE CULOAREA PURPURIU-ROZ-VI\u0218INIE, DAR ESTE \u0218I UNUL DINTRE CELE MAI GUSTOASE SOIURI DE CHERRY.<\/span><\/h6>\n<h6><strong>TOMATE \u00ceN GREUTATE DE 10-20<\/strong><strong>\u00a0 grame, <\/strong><strong>\u00a0ROTUNDE,\u00a0 SUCULENTE, CU SEMIN\u021aE \u0218I GEL, REZISTENTE LA CR\u0102PARE,<\/strong><\/h6>\n<h6>DEOSEBIT DE DULCI, NEACIDE, INTENS AROMATE, SUNT O ALEGERE EXCELENT\u0102 PENTRU SALATE, ORNAREA PREPARATELOR, GUST\u0102RI .<\/h6>\n<h6>PLANTELE VIGUROASE, NEDETERMINATE, FOARTE<span style=\"color: #0000ff;\">\u00a0 PRODUCTIVE<\/span> <span style=\"color: #0000ff;\">\u0218I DAU FOARTE BUNE REZULTATE \u00ceN\u00a0 TOATE ZONELE CLIMATICE<\/span> , AV\u00c2ND O DEOSEBIT\u0102 REZISTEN\u021a\u0102 LA TEMPERATURI SC\u0102ZUTE ,NECESIT\u0102 UN SUPORT SOLID ,<\/h6>\n<h6>\u00a0TIMPURII, 65\u00a0 ZILE.<\/h6>\n<h6><\/h6>\n","protected":false},"excerpt":{"rendered":"<h6><span style=\"color: #0000ff;\">30 SEMIN\u021aE<\/span><img loading=\"lazy\" decoding=\"async\" class=\"alignnone wp-image-5567\" src=\"https:\/\/vivasem.ro\/wp-content\/uploads\/2021\/11\/NOU3.jpg\" alt=\"\" width=\"71\" height=\"69\" srcset=\"https:\/\/vivasem.ro\/wp-content\/uploads\/2021\/11\/NOU3.jpg 270w, https:\/\/vivasem.ro\/wp-content\/uploads\/2021\/11\/NOU3-248x241.jpg 248w\" sizes=\"auto, (max-width: 71px) 100vw, 71px\" \/><\/h6>\n<h6>FOARTE PRODUCTIV !<\/h6>\n<h6>GUST EXCELENT !<\/h6>\n","protected":false},"featured_media":15316,"comment_status":"open","ping_status":"closed","template":"","meta":{"site-sidebar-layout":"default","site-content-layout":"default","ast-site-content-layout":"default","site-content-style":"default","site-sidebar-style":"default","ast-global-header-display":"","ast-banner-title-visibility":"","ast-main-header-display":"","ast-hfb-above-header-display":"","ast-hfb-below-header-display":"","ast-hfb-mobile-header-display":"","site-post-title":"","ast-breadcrumbs-content":"","ast-featured-img":"","footer-sml-layout":"","ast-disable-related-posts":"","theme-transparent-header-meta":"default","adv-header-id-meta":"","stick-header-meta":"","header-above-stick-meta":"","header-main-stick-meta":"","header-below-stick-meta":"","astra-migrate-meta-layouts":"set","ast-page-background-enabled":"default","ast-page-background-meta":{"desktop":{"background-color":"var(--ast-global-color-4)","background-image":"","background-repeat":"repeat","background-position":"center center","background-size":"auto","background-attachment":"scroll","background-type":"","background-media":"","overlay-type":"","overlay-color":"","overlay-opacity":"","overlay-gradient":""},"tablet":{"background-color":"","background-image":"","background-repeat":"repeat","background-position":"center center","background-size":"auto","background-attachment":"scroll","background-type":"","background-media":"","overlay-type":"","overlay-color":"","overlay-opacity":"","overlay-gradient":""},"mobile":{"background-color":"","background-image":"","background-repeat":"repeat","background-position":"center center","background-size":"auto","background-attachment":"scroll","background-type":"","background-media":"","overlay-type":"","overlay-color":"","overlay-opacity":"","overlay-gradient":""}},"ast-content-background-meta":{"desktop":{"background-color":"var(--ast-global-color-5)","background-image":"","background-repeat":"repeat","background-position":"center center","background-size":"auto","background-attachment":"scroll","background-type":"","background-media":"","overlay-type":"","overlay-color":"","overlay-opacity":"","overlay-gradient":""},"tablet":{"background-color":"var(--ast-global-color-5)","background-image":"","background-repeat":"repeat","background-position":"center center","background-size":"auto","background-attachment":"scroll","background-type":"","background-media":"","overlay-type":"","overlay-color":"","overlay-opacity":"","overlay-gradient":""},"mobile":{"background-color":"var(--ast-global-color-5)","background-image":"","background-repeat":"repeat","background-position":"center center","background-size":"auto","background-attachment":"scroll","background-type":"","background-media":"","overlay-type":"","overlay-color":"","overlay-opacity":"","overlay-gradient":""}}},"product_brand":[],"product_cat":[139,143,15],"product_tag":[],"class_list":{"0":"post-7609","1":"product","2":"type-product","3":"status-publish","4":"has-post-thumbnail","6":"product_cat-tomate-galbene-orange-bicolore-verzi","7":"product_cat-soiuri-timpurii-cherry","8":"product_cat-tomate-soi","9":"desktop-align-left","10":"tablet-align-left","11":"mobile-align-left","13":"first","14":"instock","15":"taxable","16":"shipping-taxable","17":"purchasable","18":"product-type-simple"},"_links":{"self":[{"href":"https:\/\/vivasem.ro\/index.php?rest_route=\/wp\/v2\/product\/7609","targetHints":{"allow":["GET"]}}],"collection":[{"href":"https:\/\/vivasem.ro\/index.php?rest_route=\/wp\/v2\/product"}],"about":[{"href":"https:\/\/vivasem.ro\/index.php?rest_route=\/wp\/v2\/types\/product"}],"replies":[{"embeddable":true,"href":"https:\/\/vivasem.ro\/index.php?rest_route=%2Fwp%2Fv2%2Fcomments&post=7609"}],"wp:featuredmedia":[{"embeddable":true,"href":"https:\/\/vivasem.ro\/index.php?rest_route=\/wp\/v2\/media\/15316"}],"wp:attachment":[{"href":"https:\/\/vivasem.ro\/index.php?rest_route=%2Fwp%2Fv2%2Fmedia&parent=7609"}],"wp:term":[{"taxonomy":"product_brand","embeddable":true,"href":"https:\/\/vivasem.ro\/index.php?rest_route=%2Fwp%2Fv2%2Fproduct_brand&post=7609"},{"taxonomy":"product_cat","embeddable":true,"href":"https:\/\/vivasem.ro\/index.php?rest_route=%2Fwp%2Fv2%2Fproduct_cat&post=7609"},{"taxonomy":"product_tag","embeddable":true,"href":"https:\/\/vivasem.ro\/index.php?rest_route=%2Fwp%2Fv2%2Fproduct_tag&post=7609"}],"curies":[{"name":"wp","href":"https:\/\/api.w.org\/{rel}","templated":true}]}}