{"id":7588,"date":"2022-09-22T09:29:37","date_gmt":"2022-09-22T07:29:37","guid":{"rendered":"https:\/\/vivasem.ro\/?post_type=product&#038;p=7588"},"modified":"2026-01-01T15:14:25","modified_gmt":"2026-01-01T13:14:25","slug":"black-beauty-2","status":"publish","type":"product","link":"https:\/\/vivasem.ro\/?product=black-beauty-2","title":{"rendered":"\u201eBLACK BEAUTY"},"content":{"rendered":"<h6><span style=\"color: #ff0000;\">BLACK BEAUTY,<\/span><\/h6>\n<h6><span style=\"color: #000080;\">ESTE SOIUL INDIGO CU O MARE ACOPERIRE DE CULOARE NEGRU-INDIGO, \u00ceN ZONA UMERILOR.<\/span><\/h6>\n<h6><span style=\"color: #000080;\">FRUCTELE \u00ceSI SCHIMB\u0102 MULT CULOAREA PE M\u0102SUR\u0102 CE SE COC , DE LA VIOLET CU VERDE, AJUNG\u00c2ND LA\u00a0 RO\u0218U CU NEGRU -INDIGO, (NEGRUL -INDIGO, DOVEDE\u0218TE PREZEN\u021aA UNEI CANTIT\u0102\u021aII MARI DE ANTOCIANIN\u0102, UN ALT ANTIOXIDANT FOARTE PUTERNIC, AL\u0102TURI DE LICOPEN).<\/span><\/h6>\n<h6><span style=\"color: #ff0000;\">MIEZUL ESTE RO\u0218U, GUSTUL EXCEP\u021aIONAL,TIP CHERRY, DULCE, ECHILIBRAT CU PU\u021aIN\u0102 ACIDITATE, \u0218I AROM\u0102 INTENS\u0102.<\/span><\/h6>\n<h6><span style=\"color: #000080;\">FORMA ESTE ROTUND-TURTIT\u0102 , GREUTATEA MEDIE ESTE \u00ceNTRE 40-100 grame .<\/span><\/h6>\n<h6><span style=\"color: #ff0000;\">ARE REZISTEN\u021a\u0102 MARE LA C\u0102LDUR\u0102, DAR \u0218I LA FRIG, FIIND DE SEZON LUNG, RODE\u0218TE \u0218I CAND ALTE SOIURI S-AU TRECUT.<\/span><\/h6>\n<h6><span style=\"color: #000080;\">PLANTELE SUNT SEMIDETERMINATE CU O BUN\u0102 PRODUCTIVITATE.<\/span><\/h6>\n","protected":false},"excerpt":{"rendered":"<h6><span style=\"color: #0000ff;\">25 SEMIN\u021aE<\/span><\/h6>\n<h6><span style=\"color: #ff00ff;\">SOI EXCEP\u021aIONAL !<\/span><\/h6>\n<h6><span style=\"color: #ff00ff;\">GUST EXTRAORDINAR !<\/span><\/h6>\n","protected":false},"featured_media":18924,"comment_status":"open","ping_status":"closed","template":"","meta":{"site-sidebar-layout":"default","site-content-layout":"default","ast-site-content-layout":"default","site-content-style":"default","site-sidebar-style":"default","ast-global-header-display":"","ast-banner-title-visibility":"","ast-main-header-display":"","ast-hfb-above-header-display":"","ast-hfb-below-header-display":"","ast-hfb-mobile-header-display":"","site-post-title":"","ast-breadcrumbs-content":"","ast-featured-img":"","footer-sml-layout":"","ast-disable-related-posts":"","theme-transparent-header-meta":"default","adv-header-id-meta":"","stick-header-meta":"","header-above-stick-meta":"","header-main-stick-meta":"","header-below-stick-meta":"","astra-migrate-meta-layouts":"set","ast-page-background-enabled":"default","ast-page-background-meta":{"desktop":{"background-color":"var(--ast-global-color-4)","background-image":"","background-repeat":"repeat","background-position":"center center","background-size":"auto","background-attachment":"scroll","background-type":"","background-media":"","overlay-type":"","overlay-color":"","overlay-opacity":"","overlay-gradient":""},"tablet":{"background-color":"","background-image":"","background-repeat":"repeat","background-position":"center center","background-size":"auto","background-attachment":"scroll","background-type":"","background-media":"","overlay-type":"","overlay-color":"","overlay-opacity":"","overlay-gradient":""},"mobile":{"background-color":"","background-image":"","background-repeat":"repeat","background-position":"center center","background-size":"auto","background-attachment":"scroll","background-type":"","background-media":"","overlay-type":"","overlay-color":"","overlay-opacity":"","overlay-gradient":""}},"ast-content-background-meta":{"desktop":{"background-color":"var(--ast-global-color-5)","background-image":"","background-repeat":"repeat","background-position":"center center","background-size":"auto","background-attachment":"scroll","background-type":"","background-media":"","overlay-type":"","overlay-color":"","overlay-opacity":"","overlay-gradient":""},"tablet":{"background-color":"var(--ast-global-color-5)","background-image":"","background-repeat":"repeat","background-position":"center center","background-size":"auto","background-attachment":"scroll","background-type":"","background-media":"","overlay-type":"","overlay-color":"","overlay-opacity":"","overlay-gradient":""},"mobile":{"background-color":"var(--ast-global-color-5)","background-image":"","background-repeat":"repeat","background-position":"center center","background-size":"auto","background-attachment":"scroll","background-type":"","background-media":"","overlay-type":"","overlay-color":"","overlay-opacity":"","overlay-gradient":""}}},"product_brand":[],"product_cat":[139,137,144,15],"product_tag":[],"class_list":{"0":"post-7588","1":"product","2":"type-product","3":"status-publish","4":"has-post-thumbnail","6":"product_cat-tomate-galbene-orange-bicolore-verzi","7":"product_cat-tomate-indigo","8":"product_cat-soiuri-tip-inima-de-bou","9":"product_cat-tomate-soi","10":"desktop-align-left","11":"tablet-align-left","12":"mobile-align-left","14":"first","15":"instock","16":"sale","17":"taxable","18":"shipping-taxable","19":"purchasable","20":"product-type-simple"},"_links":{"self":[{"href":"https:\/\/vivasem.ro\/index.php?rest_route=\/wp\/v2\/product\/7588","targetHints":{"allow":["GET"]}}],"collection":[{"href":"https:\/\/vivasem.ro\/index.php?rest_route=\/wp\/v2\/product"}],"about":[{"href":"https:\/\/vivasem.ro\/index.php?rest_route=\/wp\/v2\/types\/product"}],"replies":[{"embeddable":true,"href":"https:\/\/vivasem.ro\/index.php?rest_route=%2Fwp%2Fv2%2Fcomments&post=7588"}],"wp:featuredmedia":[{"embeddable":true,"href":"https:\/\/vivasem.ro\/index.php?rest_route=\/wp\/v2\/media\/18924"}],"wp:attachment":[{"href":"https:\/\/vivasem.ro\/index.php?rest_route=%2Fwp%2Fv2%2Fmedia&parent=7588"}],"wp:term":[{"taxonomy":"product_brand","embeddable":true,"href":"https:\/\/vivasem.ro\/index.php?rest_route=%2Fwp%2Fv2%2Fproduct_brand&post=7588"},{"taxonomy":"product_cat","embeddable":true,"href":"https:\/\/vivasem.ro\/index.php?rest_route=%2Fwp%2Fv2%2Fproduct_cat&post=7588"},{"taxonomy":"product_tag","embeddable":true,"href":"https:\/\/vivasem.ro\/index.php?rest_route=%2Fwp%2Fv2%2Fproduct_tag&post=7588"}],"curies":[{"name":"wp","href":"https:\/\/api.w.org\/{rel}","templated":true}]}}