{"id":7585,"date":"2022-09-22T09:20:14","date_gmt":"2022-09-22T07:20:14","guid":{"rendered":"https:\/\/vivasem.ro\/?post_type=product&#038;p=7585"},"modified":"2024-03-22T20:32:53","modified_gmt":"2024-03-22T18:32:53","slug":"purple-heart-blue","status":"publish","type":"product","link":"https:\/\/vivasem.ro\/?product=purple-heart-blue","title":{"rendered":"INIMA DE BOU BLUE PINK HEART (VF)"},"content":{"rendered":"<h6><span style=\"color: #ff0000;\">\u00a0INIM\u0102 DE BOU BLUE PINK HEART -Florin V\u00eelciu ,<\/span><\/h6>\n<h6><span style=\"color: #0000ff;\">ACEST SOI L-AM OB\u021aINUT PRIN \u00ceNCRUCI\u0218AREA INIMII DE BOU PINK OXHEART, CU ALICES DREAM.<\/span><\/h6>\n<h6><span style=\"color: #0000ff;\">FRUCTELE SUNT DE\u00a0 CULOARE ROZ,\u00a0 CU UMERI \u0218I DUNGI INDIGO.<\/span><\/h6>\n<h6><span style=\"color: #ff0000;\">MIEZUL ESTE ROZ-PURPURIU, GUSTUL EXCEP\u021aIONAL, DULCE, ECHILIBRAT CU PU\u021aIN\u0102 ACIDITATE, \u0218I AROM\u0102 INTENS\u0102.<\/span><\/h6>\n<h6>FORMA ESTE DE INIM\u0102 , COSTAT\u0102, GREUTATEA MEDIE ESTE \u00ceNTRE 100- 150grame , DAR UNELE FRUCTE POT AJUNGE LA 3-400 grame.<\/h6>\n<h6>ARE REZISTEN\u021a\u0102 MARE LA C\u0102LDUR\u0102, DAR \u0218I LA FRIG, <span style=\"color: #0000ff;\">FIIND DE SEZON LUNG, RODE\u0218TE \u0218I CAND ALTE SOIURI S-AU TRECUT.<\/span><\/h6>\n<h6>PLANTELE SUNT NEDETERMINATE ,FOARTE\u00a0 PRODUCTIVE.<\/h6>\n","protected":false},"excerpt":{"rendered":"<h6><span style=\"color: #0000ff;\">25 SEMIN\u021aE<\/span><\/h6>\n<h6><span style=\"color: #ff00ff;\">GUST EXCEP\u021aIONAL !<\/span><\/h6>\n","protected":false},"featured_media":9045,"comment_status":"open","ping_status":"closed","template":"","meta":{"site-sidebar-layout":"default","site-content-layout":"default","ast-site-content-layout":"default","site-content-style":"default","site-sidebar-style":"default","ast-global-header-display":"","ast-banner-title-visibility":"","ast-main-header-display":"","ast-hfb-above-header-display":"","ast-hfb-below-header-display":"","ast-hfb-mobile-header-display":"","site-post-title":"","ast-breadcrumbs-content":"","ast-featured-img":"","footer-sml-layout":"","ast-disable-related-posts":"","theme-transparent-header-meta":"default","adv-header-id-meta":"","stick-header-meta":"","header-above-stick-meta":"","header-main-stick-meta":"","header-below-stick-meta":"","astra-migrate-meta-layouts":"set","ast-page-background-enabled":"default","ast-page-background-meta":{"desktop":{"background-color":"var(--ast-global-color-4)","background-image":"","background-repeat":"repeat","background-position":"center center","background-size":"auto","background-attachment":"scroll","background-type":"","background-media":"","overlay-type":"","overlay-color":"","overlay-opacity":"","overlay-gradient":""},"tablet":{"background-color":"","background-image":"","background-repeat":"repeat","background-position":"center center","background-size":"auto","background-attachment":"scroll","background-type":"","background-media":"","overlay-type":"","overlay-color":"","overlay-opacity":"","overlay-gradient":""},"mobile":{"background-color":"","background-image":"","background-repeat":"repeat","background-position":"center center","background-size":"auto","background-attachment":"scroll","background-type":"","background-media":"","overlay-type":"","overlay-color":"","overlay-opacity":"","overlay-gradient":""}},"ast-content-background-meta":{"desktop":{"background-color":"var(--ast-global-color-5)","background-image":"","background-repeat":"repeat","background-position":"center center","background-size":"auto","background-attachment":"scroll","background-type":"","background-media":"","overlay-type":"","overlay-color":"","overlay-opacity":"","overlay-gradient":""},"tablet":{"background-color":"var(--ast-global-color-5)","background-image":"","background-repeat":"repeat","background-position":"center center","background-size":"auto","background-attachment":"scroll","background-type":"","background-media":"","overlay-type":"","overlay-color":"","overlay-opacity":"","overlay-gradient":""},"mobile":{"background-color":"var(--ast-global-color-5)","background-image":"","background-repeat":"repeat","background-position":"center center","background-size":"auto","background-attachment":"scroll","background-type":"","background-media":"","overlay-type":"","overlay-color":"","overlay-opacity":"","overlay-gradient":""}}},"product_brand":[],"product_cat":[139,137,141,140,142,144,15],"product_tag":[],"class_list":{"0":"post-7585","1":"product","2":"type-product","3":"status-publish","4":"has-post-thumbnail","6":"product_cat-tomate-galbene-orange-bicolore-verzi","7":"product_cat-tomate-indigo","8":"product_cat-soi-gigant-urias","9":"product_cat-soiuri-romanesti","10":"product_cat-soiuri-rosii-roz","11":"product_cat-soiuri-tip-inima-de-bou","12":"product_cat-tomate-soi","13":"desktop-align-left","14":"tablet-align-left","15":"mobile-align-left","17":"first","18":"instock","19":"taxable","20":"shipping-taxable","21":"purchasable","22":"product-type-simple"},"_links":{"self":[{"href":"https:\/\/vivasem.ro\/index.php?rest_route=\/wp\/v2\/product\/7585","targetHints":{"allow":["GET"]}}],"collection":[{"href":"https:\/\/vivasem.ro\/index.php?rest_route=\/wp\/v2\/product"}],"about":[{"href":"https:\/\/vivasem.ro\/index.php?rest_route=\/wp\/v2\/types\/product"}],"replies":[{"embeddable":true,"href":"https:\/\/vivasem.ro\/index.php?rest_route=%2Fwp%2Fv2%2Fcomments&post=7585"}],"wp:featuredmedia":[{"embeddable":true,"href":"https:\/\/vivasem.ro\/index.php?rest_route=\/wp\/v2\/media\/9045"}],"wp:attachment":[{"href":"https:\/\/vivasem.ro\/index.php?rest_route=%2Fwp%2Fv2%2Fmedia&parent=7585"}],"wp:term":[{"taxonomy":"product_brand","embeddable":true,"href":"https:\/\/vivasem.ro\/index.php?rest_route=%2Fwp%2Fv2%2Fproduct_brand&post=7585"},{"taxonomy":"product_cat","embeddable":true,"href":"https:\/\/vivasem.ro\/index.php?rest_route=%2Fwp%2Fv2%2Fproduct_cat&post=7585"},{"taxonomy":"product_tag","embeddable":true,"href":"https:\/\/vivasem.ro\/index.php?rest_route=%2Fwp%2Fv2%2Fproduct_tag&post=7585"}],"curies":[{"name":"wp","href":"https:\/\/api.w.org\/{rel}","templated":true}]}}