{"id":752,"date":"2021-11-04T08:10:48","date_gmt":"2021-11-04T06:10:48","guid":{"rendered":"https:\/\/vivasem.ro\/?post_type=product&#038;p=752"},"modified":"2024-11-13T10:30:48","modified_gmt":"2024-11-13T08:30:48","slug":"de-barao-giant-red","status":"publish","type":"product","link":"https:\/\/vivasem.ro\/?product=de-barao-giant-red","title":{"rendered":"\u201e\u201eDE BARAO GIANT RED"},"content":{"rendered":"<h6><span style=\"color: #ff0000;\">DE BARAO GIANT RED \/De Barao Gigant Krasnyy\/DE BARAO RO\u0218U URIA\u0218,<\/span><\/h6>\n<h6><span style=\"color: #0000ff;\">ESTE UNUL DINTRE CELE MAI BUNE SOIURI RUSE\u0218TI, (SE SPUNE C\u0102 POATE ATINGE O PRODUC\u021aIE EXTRAORDINAR\u0102 DE PESTE 15 KG\/ PLANT\u0102, DAR LA NOI N S-A CONFIRMAT AT\u00c2T DE MULT, FIIND TOTU\u0218I PESTE MEDIE ) .<\/span><\/h6>\n<h6>CA TOATE SOIURILE DE BARAO, <span style=\"color: #0000ff;\">ARE RANDAMENT \u00ceNALT SI IN ZONELE C\u0102LDUROASE DAR \u0218I LA FRIG,FIIND DEZVOLTAT \u0218I ACLIMATIZAT IN RUSIA ,DAR AVAND ORIGINEA \u00ceN\u00a0 BRAZILIA .<\/span><\/h6>\n<h6>FRUCTELE , \u00ceN GREUTATE DE 80-200 grame, CRESC IN CIORCHINI MARI, DE 8-12 RO\u0218II ,FIIND FOARTE GUSTOASE, AROMATE, C\u0102RNOASE , F\u0102R\u0102 GOLURI \u0218I SUCULENTE.<\/h6>\n<h6>PLANTELE SUNT NEDETERMINATE, MEDIU TIMPURII, DE SEZON LUNG, FOARTE REZISTENTE LA VARIA\u021aII DE TEMPERATUR\u0102, LA FRIG \u0218I LA C\u0102LDUR\u0102.<\/h6>\n","protected":false},"excerpt":{"rendered":"<h6><span style=\"color: #0000ff;\">30 SEMIN\u021aE<\/span><\/h6>\n<h6>EXTREM DE PRODUCTIV !<\/h6>\n<h6>FOARTE REZISTENT! DE SEZON LUNG !<\/h6>\n","protected":false},"featured_media":3462,"comment_status":"open","ping_status":"closed","template":"","meta":{"site-sidebar-layout":"default","site-content-layout":"default","ast-site-content-layout":"default","site-content-style":"default","site-sidebar-style":"default","ast-global-header-display":"","ast-banner-title-visibility":"","ast-main-header-display":"","ast-hfb-above-header-display":"","ast-hfb-below-header-display":"","ast-hfb-mobile-header-display":"","site-post-title":"","ast-breadcrumbs-content":"","ast-featured-img":"","footer-sml-layout":"","ast-disable-related-posts":"","theme-transparent-header-meta":"default","adv-header-id-meta":"","stick-header-meta":"","header-above-stick-meta":"","header-main-stick-meta":"","header-below-stick-meta":"","astra-migrate-meta-layouts":"set","ast-page-background-enabled":"default","ast-page-background-meta":{"desktop":{"background-color":"var(--ast-global-color-4)","background-image":"","background-repeat":"repeat","background-position":"center center","background-size":"auto","background-attachment":"scroll","background-type":"","background-media":"","overlay-type":"","overlay-color":"","overlay-opacity":"","overlay-gradient":""},"tablet":{"background-color":"","background-image":"","background-repeat":"repeat","background-position":"center center","background-size":"auto","background-attachment":"scroll","background-type":"","background-media":"","overlay-type":"","overlay-color":"","overlay-opacity":"","overlay-gradient":""},"mobile":{"background-color":"","background-image":"","background-repeat":"repeat","background-position":"center center","background-size":"auto","background-attachment":"scroll","background-type":"","background-media":"","overlay-type":"","overlay-color":"","overlay-opacity":"","overlay-gradient":""}},"ast-content-background-meta":{"desktop":{"background-color":"var(--ast-global-color-5)","background-image":"","background-repeat":"repeat","background-position":"center center","background-size":"auto","background-attachment":"scroll","background-type":"","background-media":"","overlay-type":"","overlay-color":"","overlay-opacity":"","overlay-gradient":""},"tablet":{"background-color":"var(--ast-global-color-5)","background-image":"","background-repeat":"repeat","background-position":"center center","background-size":"auto","background-attachment":"scroll","background-type":"","background-media":"","overlay-type":"","overlay-color":"","overlay-opacity":"","overlay-gradient":""},"mobile":{"background-color":"var(--ast-global-color-5)","background-image":"","background-repeat":"repeat","background-position":"center center","background-size":"auto","background-attachment":"scroll","background-type":"","background-media":"","overlay-type":"","overlay-color":"","overlay-opacity":"","overlay-gradient":""}}},"product_brand":[],"product_cat":[178,141,142,15],"product_tag":[],"class_list":{"0":"post-752","1":"product","2":"type-product","3":"status-publish","4":"has-post-thumbnail","6":"product_cat-soiuri-lungi","7":"product_cat-soi-gigant-urias","8":"product_cat-soiuri-rosii-roz","9":"product_cat-tomate-soi","10":"desktop-align-left","11":"tablet-align-left","12":"mobile-align-left","14":"first","15":"outofstock","16":"taxable","17":"shipping-taxable","18":"purchasable","19":"product-type-simple"},"_links":{"self":[{"href":"https:\/\/vivasem.ro\/index.php?rest_route=\/wp\/v2\/product\/752","targetHints":{"allow":["GET"]}}],"collection":[{"href":"https:\/\/vivasem.ro\/index.php?rest_route=\/wp\/v2\/product"}],"about":[{"href":"https:\/\/vivasem.ro\/index.php?rest_route=\/wp\/v2\/types\/product"}],"replies":[{"embeddable":true,"href":"https:\/\/vivasem.ro\/index.php?rest_route=%2Fwp%2Fv2%2Fcomments&post=752"}],"wp:featuredmedia":[{"embeddable":true,"href":"https:\/\/vivasem.ro\/index.php?rest_route=\/wp\/v2\/media\/3462"}],"wp:attachment":[{"href":"https:\/\/vivasem.ro\/index.php?rest_route=%2Fwp%2Fv2%2Fmedia&parent=752"}],"wp:term":[{"taxonomy":"product_brand","embeddable":true,"href":"https:\/\/vivasem.ro\/index.php?rest_route=%2Fwp%2Fv2%2Fproduct_brand&post=752"},{"taxonomy":"product_cat","embeddable":true,"href":"https:\/\/vivasem.ro\/index.php?rest_route=%2Fwp%2Fv2%2Fproduct_cat&post=752"},{"taxonomy":"product_tag","embeddable":true,"href":"https:\/\/vivasem.ro\/index.php?rest_route=%2Fwp%2Fv2%2Fproduct_tag&post=752"}],"curies":[{"name":"wp","href":"https:\/\/api.w.org\/{rel}","templated":true}]}}