{"id":7502,"date":"2022-08-17T21:27:30","date_gmt":"2022-08-17T19:27:30","guid":{"rendered":"https:\/\/vivasem.ro\/?post_type=product&#038;p=7502"},"modified":"2026-03-16T13:49:49","modified_gmt":"2026-03-16T11:49:49","slug":"sandul-moldovan","status":"publish","type":"product","link":"https:\/\/vivasem.ro\/?product=sandul-moldovan","title":{"rendered":"SANDUL MOLDOVAN."},"content":{"rendered":"<h6><span style=\"color: #ff0000;\"><strong><u>SANDUL MOLDOVAN,<\/u><\/strong><\/span><\/h6>\n<h6><span style=\"color: #0000ff;\">UNUL DINTRE PU\u021aINELE SOIURI ROM\u00c2NE\u0218TI RECUNOSCUTE INTERNA\u021aIONAL !<\/span><\/h6>\n<h6><span style=\"color: #ff0000;\">FRUCTELE SUNT\u00a0 MARI , AU MEDIA DE 150-300 grame, DAR POT AJUNGE \u0218I PESTE\u00a0 500 grame,.<\/span><\/h6>\n<h6><span style=\"color: #ff0000;\">SUNT DE\u00a0 CULOARE ROZ SPRE RO\u0218U .<\/span><\/h6>\n<h6><span style=\"color: #0000ff;\">TOMATELE AU GUST EXCEP\u021aIONAL, DULCE,\u00a0 BINE ECHILIBRAT CU ACID, CU AROM\u0102 CARACTERISTIC\u0102,DE RO\u0218IE CLASIC\u0102.<\/span><\/h6>\n<h6>SUNT\u00a0 SUCULENTE, CU PULP\u0102 FERM\u0102, DE FORM\u0102 TIP BEEFSTEAK, SFERIC-TURTITE, FOARTE C\u0102RNOASE.<\/h6>\n<h6>DE CONSUMAT PROASPETE, IN SALATE.<\/h6>\n<h6><span style=\"color: #0000ff;\">PLANTELE SUNT NEDETERMINATE, VIGUROASE, FOARTE PRODUCTIVE, CE NECESIT\u0102 SUS\u021aINERE SOLID\u0102, MEDIU-TIMPURII.<\/span><\/h6>\n<h6><span style=\"color: #ff0000;\">Istoria acestui soi cu un nume rom\u00e2nesc u\u0219or st\u00e2lcit,\u00a0 este c\u0103, a fost adusa in Statele Unite de catre o famile din Moldova. <\/span><\/h6>\n<h6><span style=\"color: #ff0000;\">Despreaceast\u0103 familie, lucrurile nu sunt prea clare, in sensul ca ori se numea Sandu, si atunci Sandul Moldovan este un fel de \u2018Moldoveneasca lui Sandu\u2019 pe englez\u0103 ori\u00a0 rom\u00e2nul se numea Sandu Moldovan, si atunci ro\u0219ia ii poart\u0103 numele, dar l-au scris americanii gre\u0219it. <\/span><\/h6>\n<h6><span style=\"color: #ff0000;\">Sigur este\u00a0 faptul ca acest soi, a fost promovata 1n 1993 de catre dr. Carolyn J Male (Albany, NY) si introdus \u00een lucrarea \u201c100 Heirloom Tomatoes for the American Garden\u201d (100 de soiuri de ro\u0219ii traditionale pentru gradina american\u0103). <\/span><\/h6>\n<h6><span style=\"color: #ff0000;\">Ori, daca Carolyn J Male, recunoscut\u0103 ca o autoritate in materie de tomate, o recomand\u0103 ca fac\u00e2nd parte din acele 100 soiuri bune pentru gradinarii americani, inseamn\u0103 c\u0103, Sandul Moldovan este o ro\u0219ie grozav\u0103, care face cinste Rom\u00e2niei.<\/span><\/h6>\n","protected":false},"excerpt":{"rendered":"<h6><span style=\"color: #0000ff;\">25 SEMIN\u021aE<\/span><\/h6>\n<p>&nbsp;<\/p>\n<h6><span style=\"color: #ff00ff;\">SOI RECUNOSCUT INTERNA\u021aIONAL !GUST EXEP\u021aIONAL, FOARTE PRODUCTIV !<\/span><\/h6>\n<p><img loading=\"lazy\" decoding=\"async\" class=\"alignnone size-medium wp-image-17985\" src=\"https:\/\/vivasem.ro\/wp-content\/uploads\/2025\/05\/SOI-ROMANESC-300x106.jpg\" alt=\"\" width=\"300\" height=\"106\" srcset=\"https:\/\/vivasem.ro\/wp-content\/uploads\/2025\/05\/SOI-ROMANESC-300x106.jpg 300w, https:\/\/vivasem.ro\/wp-content\/uploads\/2025\/05\/SOI-ROMANESC-150x53.jpg 150w, https:\/\/vivasem.ro\/wp-content\/uploads\/2025\/05\/SOI-ROMANESC-248x88.jpg 248w, https:\/\/vivasem.ro\/wp-content\/uploads\/2025\/05\/SOI-ROMANESC-590x209.jpg 590w, https:\/\/vivasem.ro\/wp-content\/uploads\/2025\/05\/SOI-ROMANESC.jpg 700w\" sizes=\"auto, (max-width: 300px) 100vw, 300px\" \/><\/p>\n","protected":false},"featured_media":9076,"comment_status":"open","ping_status":"closed","template":"","meta":{"site-sidebar-layout":"default","site-content-layout":"default","ast-site-content-layout":"default","site-content-style":"default","site-sidebar-style":"default","ast-global-header-display":"","ast-banner-title-visibility":"","ast-main-header-display":"","ast-hfb-above-header-display":"","ast-hfb-below-header-display":"","ast-hfb-mobile-header-display":"","site-post-title":"","ast-breadcrumbs-content":"","ast-featured-img":"","footer-sml-layout":"","ast-disable-related-posts":"","theme-transparent-header-meta":"default","adv-header-id-meta":"","stick-header-meta":"","header-above-stick-meta":"","header-main-stick-meta":"","header-below-stick-meta":"","astra-migrate-meta-layouts":"set","ast-page-background-enabled":"default","ast-page-background-meta":{"desktop":{"background-color":"var(--ast-global-color-4)","background-image":"","background-repeat":"repeat","background-position":"center center","background-size":"auto","background-attachment":"scroll","background-type":"","background-media":"","overlay-type":"","overlay-color":"","overlay-opacity":"","overlay-gradient":""},"tablet":{"background-color":"","background-image":"","background-repeat":"repeat","background-position":"center center","background-size":"auto","background-attachment":"scroll","background-type":"","background-media":"","overlay-type":"","overlay-color":"","overlay-opacity":"","overlay-gradient":""},"mobile":{"background-color":"","background-image":"","background-repeat":"repeat","background-position":"center center","background-size":"auto","background-attachment":"scroll","background-type":"","background-media":"","overlay-type":"","overlay-color":"","overlay-opacity":"","overlay-gradient":""}},"ast-content-background-meta":{"desktop":{"background-color":"var(--ast-global-color-5)","background-image":"","background-repeat":"repeat","background-position":"center center","background-size":"auto","background-attachment":"scroll","background-type":"","background-media":"","overlay-type":"","overlay-color":"","overlay-opacity":"","overlay-gradient":""},"tablet":{"background-color":"var(--ast-global-color-5)","background-image":"","background-repeat":"repeat","background-position":"center center","background-size":"auto","background-attachment":"scroll","background-type":"","background-media":"","overlay-type":"","overlay-color":"","overlay-opacity":"","overlay-gradient":""},"mobile":{"background-color":"var(--ast-global-color-5)","background-image":"","background-repeat":"repeat","background-position":"center center","background-size":"auto","background-attachment":"scroll","background-type":"","background-media":"","overlay-type":"","overlay-color":"","overlay-opacity":"","overlay-gradient":""}}},"product_brand":[],"product_cat":[141,140,142,15],"product_tag":[],"class_list":{"0":"post-7502","1":"product","2":"type-product","3":"status-publish","4":"has-post-thumbnail","6":"product_cat-soi-gigant-urias","7":"product_cat-soiuri-romanesti","8":"product_cat-soiuri-rosii-roz","9":"product_cat-tomate-soi","10":"desktop-align-left","11":"tablet-align-left","12":"mobile-align-left","14":"first","15":"instock","16":"taxable","17":"shipping-taxable","18":"purchasable","19":"product-type-simple"},"_links":{"self":[{"href":"https:\/\/vivasem.ro\/index.php?rest_route=\/wp\/v2\/product\/7502","targetHints":{"allow":["GET"]}}],"collection":[{"href":"https:\/\/vivasem.ro\/index.php?rest_route=\/wp\/v2\/product"}],"about":[{"href":"https:\/\/vivasem.ro\/index.php?rest_route=\/wp\/v2\/types\/product"}],"replies":[{"embeddable":true,"href":"https:\/\/vivasem.ro\/index.php?rest_route=%2Fwp%2Fv2%2Fcomments&post=7502"}],"wp:featuredmedia":[{"embeddable":true,"href":"https:\/\/vivasem.ro\/index.php?rest_route=\/wp\/v2\/media\/9076"}],"wp:attachment":[{"href":"https:\/\/vivasem.ro\/index.php?rest_route=%2Fwp%2Fv2%2Fmedia&parent=7502"}],"wp:term":[{"taxonomy":"product_brand","embeddable":true,"href":"https:\/\/vivasem.ro\/index.php?rest_route=%2Fwp%2Fv2%2Fproduct_brand&post=7502"},{"taxonomy":"product_cat","embeddable":true,"href":"https:\/\/vivasem.ro\/index.php?rest_route=%2Fwp%2Fv2%2Fproduct_cat&post=7502"},{"taxonomy":"product_tag","embeddable":true,"href":"https:\/\/vivasem.ro\/index.php?rest_route=%2Fwp%2Fv2%2Fproduct_tag&post=7502"}],"curies":[{"name":"wp","href":"https:\/\/api.w.org\/{rel}","templated":true}]}}