{"id":7500,"date":"2022-08-17T21:23:15","date_gmt":"2022-08-17T19:23:15","guid":{"rendered":"https:\/\/vivasem.ro\/?post_type=product&#038;p=7500"},"modified":"2026-02-06T11:09:15","modified_gmt":"2026-02-06T09:09:15","slug":"belmonte","status":"publish","type":"product","link":"https:\/\/vivasem.ro\/?product=belmonte","title":{"rendered":"BELMONTE ROSSO 25s"},"content":{"rendered":"<h6><span style=\"color: #ff0000;\"><strong><u>BELMONTE ROSSO\/BELMONTE OXHEART\/ INIM\u0102 DE BOU DE BELMONTE RO\u0218IE,<\/u><\/strong><\/span><\/h6>\n<h5><span style=\"color: #000080;\">Soi vechi italian din\u00a0 BELMONTE CALABRO, regiunea CALABRIA, din provincia COSENZA, acesta fiind o varietate de\u00a0 Cuore di Bue \/( bull&#8217;s heart) \/Inim\u0103 de Bou Italian\u0103, \u00eenrudit\u0103 \u0219i cu soiul Marmande.<\/span><\/h5>\n<h5><span style=\"color: #000080;\">Fructele mari, foarte frumoase, ro\u0219u-aprins, ovale, \u00eencre\u021bite \u0219i spre deosebire de alte soiuri de inim\u0103 de bou italiene, nu prezint\u0103 zona conic\u0103,mai sub\u021bire din partea superioar\u0103.<\/span><\/h5>\n<h5><span style=\"color: #000080;\">Sunt foarte c\u0103rnoase,cu pu\u021bine semin\u021be \u0219i pu\u021bin gel.<\/span><\/h5>\n<h5><span style=\"color: #ff0000;\">Gustul este excelent, foarte dulce, pu\u021bin acid,intens aromat.<\/span><\/h5>\n<h5><span style=\"color: #ff0000;\">Greutatea se situeaz\u0103 \u00eentre 100-300 grame, uneori \u0219i mai mare.<\/span><\/h5>\n<h5><span style=\"color: #000080;\">Foarte indicate \u00een salate, dar \u0219i pentru g\u0103tit, \u00een sosuri.<\/span><\/h5>\n<h5><span style=\"color: #000080;\">Plantele deosebit de productive, formeaz\u0103 ciorchini de 3-5 fructe, sunt nedeterminate, viguroase, semitimpurii, 75 zile.<\/span><\/h5>\n","protected":false},"excerpt":{"rendered":"<h6><span style=\"color: #000080;\">25 SEMIN\u021aE<img loading=\"lazy\" decoding=\"async\" class=\"alignnone wp-image-6106\" src=\"https:\/\/vivasem.ro\/wp-content\/uploads\/2021\/12\/NOU3.jpg\" alt=\"\" width=\"72\" height=\"70\" srcset=\"https:\/\/vivasem.ro\/wp-content\/uploads\/2021\/12\/NOU3.jpg 270w, https:\/\/vivasem.ro\/wp-content\/uploads\/2021\/12\/NOU3-248x241.jpg 248w\" sizes=\"auto, (max-width: 72px) 100vw, 72px\" \/><\/span><\/h6>\n<h6><span style=\"color: #ff00ff;\">SOI FOARTE PRODUCTIV !<\/span><\/h6>\n<h6><span style=\"color: #ff00ff;\">GUST EXCELENT !<\/span><\/h6>\n","protected":false},"featured_media":18990,"comment_status":"open","ping_status":"closed","template":"","meta":{"site-sidebar-layout":"default","site-content-layout":"default","ast-site-content-layout":"default","site-content-style":"default","site-sidebar-style":"default","ast-global-header-display":"","ast-banner-title-visibility":"","ast-main-header-display":"","ast-hfb-above-header-display":"","ast-hfb-below-header-display":"","ast-hfb-mobile-header-display":"","site-post-title":"","ast-breadcrumbs-content":"","ast-featured-img":"","footer-sml-layout":"","ast-disable-related-posts":"","theme-transparent-header-meta":"default","adv-header-id-meta":"","stick-header-meta":"","header-above-stick-meta":"","header-main-stick-meta":"","header-below-stick-meta":"","astra-migrate-meta-layouts":"set","ast-page-background-enabled":"default","ast-page-background-meta":{"desktop":{"background-color":"var(--ast-global-color-4)","background-image":"","background-repeat":"repeat","background-position":"center center","background-size":"auto","background-attachment":"scroll","background-type":"","background-media":"","overlay-type":"","overlay-color":"","overlay-opacity":"","overlay-gradient":""},"tablet":{"background-color":"","background-image":"","background-repeat":"repeat","background-position":"center center","background-size":"auto","background-attachment":"scroll","background-type":"","background-media":"","overlay-type":"","overlay-color":"","overlay-opacity":"","overlay-gradient":""},"mobile":{"background-color":"","background-image":"","background-repeat":"repeat","background-position":"center center","background-size":"auto","background-attachment":"scroll","background-type":"","background-media":"","overlay-type":"","overlay-color":"","overlay-opacity":"","overlay-gradient":""}},"ast-content-background-meta":{"desktop":{"background-color":"var(--ast-global-color-5)","background-image":"","background-repeat":"repeat","background-position":"center center","background-size":"auto","background-attachment":"scroll","background-type":"","background-media":"","overlay-type":"","overlay-color":"","overlay-opacity":"","overlay-gradient":""},"tablet":{"background-color":"var(--ast-global-color-5)","background-image":"","background-repeat":"repeat","background-position":"center center","background-size":"auto","background-attachment":"scroll","background-type":"","background-media":"","overlay-type":"","overlay-color":"","overlay-opacity":"","overlay-gradient":""},"mobile":{"background-color":"var(--ast-global-color-5)","background-image":"","background-repeat":"repeat","background-position":"center center","background-size":"auto","background-attachment":"scroll","background-type":"","background-media":"","overlay-type":"","overlay-color":"","overlay-opacity":"","overlay-gradient":""}}},"product_brand":[],"product_cat":[151,178,142,144,15],"product_tag":[],"class_list":{"0":"post-7500","1":"product","2":"type-product","3":"status-publish","4":"has-post-thumbnail","6":"product_cat-soiuri-italiene","7":"product_cat-soiuri-lungi","8":"product_cat-soiuri-rosii-roz","9":"product_cat-soiuri-tip-inima-de-bou","10":"product_cat-tomate-soi","11":"desktop-align-left","12":"tablet-align-left","13":"mobile-align-left","15":"first","16":"instock","17":"sale","18":"taxable","19":"shipping-taxable","20":"purchasable","21":"product-type-simple"},"_links":{"self":[{"href":"https:\/\/vivasem.ro\/index.php?rest_route=\/wp\/v2\/product\/7500","targetHints":{"allow":["GET"]}}],"collection":[{"href":"https:\/\/vivasem.ro\/index.php?rest_route=\/wp\/v2\/product"}],"about":[{"href":"https:\/\/vivasem.ro\/index.php?rest_route=\/wp\/v2\/types\/product"}],"replies":[{"embeddable":true,"href":"https:\/\/vivasem.ro\/index.php?rest_route=%2Fwp%2Fv2%2Fcomments&post=7500"}],"wp:featuredmedia":[{"embeddable":true,"href":"https:\/\/vivasem.ro\/index.php?rest_route=\/wp\/v2\/media\/18990"}],"wp:attachment":[{"href":"https:\/\/vivasem.ro\/index.php?rest_route=%2Fwp%2Fv2%2Fmedia&parent=7500"}],"wp:term":[{"taxonomy":"product_brand","embeddable":true,"href":"https:\/\/vivasem.ro\/index.php?rest_route=%2Fwp%2Fv2%2Fproduct_brand&post=7500"},{"taxonomy":"product_cat","embeddable":true,"href":"https:\/\/vivasem.ro\/index.php?rest_route=%2Fwp%2Fv2%2Fproduct_cat&post=7500"},{"taxonomy":"product_tag","embeddable":true,"href":"https:\/\/vivasem.ro\/index.php?rest_route=%2Fwp%2Fv2%2Fproduct_tag&post=7500"}],"curies":[{"name":"wp","href":"https:\/\/api.w.org\/{rel}","templated":true}]}}