{"id":750,"date":"2021-11-04T07:54:27","date_gmt":"2021-11-04T05:54:27","guid":{"rendered":"https:\/\/vivasem.ro\/?post_type=product&#038;p=750"},"modified":"2025-12-28T15:20:23","modified_gmt":"2025-12-28T13:20:23","slug":"red-pear","status":"publish","type":"product","link":"https:\/\/vivasem.ro\/?product=red-pear","title":{"rendered":"RED PEAR -PEARSON 30s"},"content":{"rendered":"<h6><strong><span style=\"color: #ff0000;\">RED PEAR ,denumit \u0219i PEARSON ,<\/span><\/strong><\/h6>\n<h6><strong>SOI VECHI , HEIRLOOM, AMERICAN, ATESTAT DE PESTE 200 ANI, DEOSEBIT, \u00ceN FORM\u0102 DE PAR\u0102<\/strong>, CU FRUCTE CUTATE, DE CULOARE RO\u0218U INTENS.<\/h6>\n<h6><span style=\"color: #0000ff;\">AU GUST EXTRAORDINAR, SUNT FOARTE DULCI, PUTERNIC AROMATE, ECHILIBRAT DE\u00a0 ACIDE, FOARTE C\u0102RNOASE, CU PU\u021aINE SEMIN\u021aE .<\/span><\/h6>\n<h6>GREUTATEA MEDIE ESTE \u00ceNTRE 80-150 grame, IAR UNELE TOMATE , AJUNG LA 250 grame \u0218I CHIAR MAI MULT .<\/h6>\n<h6>PLANTELE NEDETERMINATE, SUNT PRODUCTIVE, FOARTE VIGUROASE \u0218I REZISTENTE.<\/h6>\n<h6><span style=\"color: #0000ff;\">SE CREDE C\u0102,\u00a0 ACESTA\u00a0 ESTE SOIUL DIN CARE PROVINE VESTITA INIM\u0102 DE ALBENGA.<\/span><\/h6>\n<h6><span style=\"color: #0000ff;\">G 100%<\/span><\/h6>\n","protected":false},"excerpt":{"rendered":"<h6><span style=\"color: #0000ff;\">30 SEMIN\u021aE<\/span><\/h6>\n<h6><span style=\"color: #ff00ff;\">GUST EXTRAORDINAR , FRUCTE DE CALITATE \u00ceNALT\u0102<\/span><\/h6>\n","protected":false},"featured_media":2950,"comment_status":"open","ping_status":"closed","template":"","meta":{"site-sidebar-layout":"default","site-content-layout":"default","ast-site-content-layout":"default","site-content-style":"default","site-sidebar-style":"default","ast-global-header-display":"","ast-banner-title-visibility":"","ast-main-header-display":"","ast-hfb-above-header-display":"","ast-hfb-below-header-display":"","ast-hfb-mobile-header-display":"","site-post-title":"","ast-breadcrumbs-content":"","ast-featured-img":"","footer-sml-layout":"","ast-disable-related-posts":"","theme-transparent-header-meta":"default","adv-header-id-meta":"","stick-header-meta":"","header-above-stick-meta":"","header-main-stick-meta":"","header-below-stick-meta":"","astra-migrate-meta-layouts":"set","ast-page-background-enabled":"default","ast-page-background-meta":{"desktop":{"background-color":"var(--ast-global-color-4)","background-image":"","background-repeat":"repeat","background-position":"center center","background-size":"auto","background-attachment":"scroll","background-type":"","background-media":"","overlay-type":"","overlay-color":"","overlay-opacity":"","overlay-gradient":""},"tablet":{"background-color":"","background-image":"","background-repeat":"repeat","background-position":"center center","background-size":"auto","background-attachment":"scroll","background-type":"","background-media":"","overlay-type":"","overlay-color":"","overlay-opacity":"","overlay-gradient":""},"mobile":{"background-color":"","background-image":"","background-repeat":"repeat","background-position":"center center","background-size":"auto","background-attachment":"scroll","background-type":"","background-media":"","overlay-type":"","overlay-color":"","overlay-opacity":"","overlay-gradient":""}},"ast-content-background-meta":{"desktop":{"background-color":"var(--ast-global-color-5)","background-image":"","background-repeat":"repeat","background-position":"center center","background-size":"auto","background-attachment":"scroll","background-type":"","background-media":"","overlay-type":"","overlay-color":"","overlay-opacity":"","overlay-gradient":""},"tablet":{"background-color":"var(--ast-global-color-5)","background-image":"","background-repeat":"repeat","background-position":"center center","background-size":"auto","background-attachment":"scroll","background-type":"","background-media":"","overlay-type":"","overlay-color":"","overlay-opacity":"","overlay-gradient":""},"mobile":{"background-color":"var(--ast-global-color-5)","background-image":"","background-repeat":"repeat","background-position":"center center","background-size":"auto","background-attachment":"scroll","background-type":"","background-media":"","overlay-type":"","overlay-color":"","overlay-opacity":"","overlay-gradient":""}}},"product_brand":[],"product_cat":[142,144,15],"product_tag":[],"class_list":{"0":"post-750","1":"product","2":"type-product","3":"status-publish","4":"has-post-thumbnail","6":"product_cat-soiuri-rosii-roz","7":"product_cat-soiuri-tip-inima-de-bou","8":"product_cat-tomate-soi","9":"desktop-align-left","10":"tablet-align-left","11":"mobile-align-left","13":"first","14":"instock","15":"taxable","16":"shipping-taxable","17":"purchasable","18":"product-type-simple"},"_links":{"self":[{"href":"https:\/\/vivasem.ro\/index.php?rest_route=\/wp\/v2\/product\/750","targetHints":{"allow":["GET"]}}],"collection":[{"href":"https:\/\/vivasem.ro\/index.php?rest_route=\/wp\/v2\/product"}],"about":[{"href":"https:\/\/vivasem.ro\/index.php?rest_route=\/wp\/v2\/types\/product"}],"replies":[{"embeddable":true,"href":"https:\/\/vivasem.ro\/index.php?rest_route=%2Fwp%2Fv2%2Fcomments&post=750"}],"wp:featuredmedia":[{"embeddable":true,"href":"https:\/\/vivasem.ro\/index.php?rest_route=\/wp\/v2\/media\/2950"}],"wp:attachment":[{"href":"https:\/\/vivasem.ro\/index.php?rest_route=%2Fwp%2Fv2%2Fmedia&parent=750"}],"wp:term":[{"taxonomy":"product_brand","embeddable":true,"href":"https:\/\/vivasem.ro\/index.php?rest_route=%2Fwp%2Fv2%2Fproduct_brand&post=750"},{"taxonomy":"product_cat","embeddable":true,"href":"https:\/\/vivasem.ro\/index.php?rest_route=%2Fwp%2Fv2%2Fproduct_cat&post=750"},{"taxonomy":"product_tag","embeddable":true,"href":"https:\/\/vivasem.ro\/index.php?rest_route=%2Fwp%2Fv2%2Fproduct_tag&post=750"}],"curies":[{"name":"wp","href":"https:\/\/api.w.org\/{rel}","templated":true}]}}