{"id":7495,"date":"2022-08-17T21:12:19","date_gmt":"2022-08-17T19:12:19","guid":{"rendered":"https:\/\/vivasem.ro\/?post_type=product&#038;p=7495"},"modified":"2026-01-01T12:09:18","modified_gmt":"2026-01-01T10:09:18","slug":"black-dragon","status":"publish","type":"product","link":"https:\/\/vivasem.ro\/?product=black-dragon","title":{"rendered":"BLACK DRAGON 25s"},"content":{"rendered":"<h6><span style=\"color: #ff0000;\">BLACK DRAGON\/DRAGONUL NEGRU,<\/span><\/h6>\n<h6><span style=\"color: #000080;\">ACEST SOI DE TOMATE NEGRE, ESTE EXTREM DE PROLIFIC, <span style=\"color: #ff0000;\">SE PARE C\u0102, POATE PRODUCE LA O SINGUR\u0102 PLANT\u0102, \u00ceN CONDI\u021aII OPTIME DE CULTUR\u0102, \u0218I 20 de kilograme.<\/span><\/span><\/h6>\n<h6><span style=\"color: #000080;\">COAJA ESTE NETED\u0102, LUCIOAS\u0102, PULPA FERM\u0102, REZISTENT\u0102 LA TRANSPORT \u0218I P\u0102STRARE.<\/span><\/h6>\n<h6><span style=\"color: #000080;\">TEXTURA ESTE SUCULENT\u0102,FIIND FOARTE POTRIVITE DE CONSUMAT \u00ceN STARE PROASP\u0102T\u0102, \u00ceN SALATE .<\/span><\/h6>\n<h6><span style=\"color: #ff0000;\">GUSTUL ESTE EXCELENT, DULCE-AROMAT, FOARTE SLAB ACID, CU PARFUMUL SPECIFIC TOMATELOR NEGRE.<\/span><\/h6>\n<h6><span style=\"color: #000080;\">FRUCTELE SUNT OVALE, \u00ceN FORM\u0102 DE PRUN\u0102, DE CULOAREA SPECIFIC\u0102 SOIURILOR NEGRE, MAHON-RO\u0218CAT,UNEORI \u00ceNCHIS\u0102 SPRE NEGRU, LA COACERE, MARI DE 100-200 GRAME.<\/span><\/h6>\n<h6><span style=\"color: #000080;\">SOI NEDETERMINAT, MEDIU-TIMPURIU, 75 ZILE, BINE ADAPTAT LA VARIA\u021aII DE TEMPERATURI , INCLUSIV SC\u0102ZUTE, CU PLANTE VIGUROASE, CU FOLIAJ BOGAT.<\/span><\/h6>\n<h6><span style=\"color: #000080;\">PROVINE DIN UCRAINA, UNDE A FOST ACLIMATIZAT , DAR ARE ORIGINI ASIATICE ,\u00ceN CHINA.<\/span><\/h6>\n","protected":false},"excerpt":{"rendered":"<h6><span style=\"color: #0000ff;\">25 SEMIN\u021aE<img loading=\"lazy\" decoding=\"async\" class=\"alignnone wp-image-5567\" src=\"https:\/\/vivasem.ro\/wp-content\/uploads\/2021\/11\/NOU3.jpg\" alt=\"\" width=\"62\" height=\"60\" srcset=\"https:\/\/vivasem.ro\/wp-content\/uploads\/2021\/11\/NOU3.jpg 270w, https:\/\/vivasem.ro\/wp-content\/uploads\/2021\/11\/NOU3-248x241.jpg 248w\" sizes=\"auto, (max-width: 62px) 100vw, 62px\" \/><\/span><\/h6>\n<h6><span style=\"color: #ff00ff;\">PRODUCTIVITATE \u00ceNALT\u0102, SOI FOARTE REZISTENT !<\/span><\/h6>\n","protected":false},"featured_media":10582,"comment_status":"open","ping_status":"closed","template":"","meta":{"site-sidebar-layout":"default","site-content-layout":"default","ast-site-content-layout":"default","site-content-style":"default","site-sidebar-style":"default","ast-global-header-display":"","ast-banner-title-visibility":"","ast-main-header-display":"","ast-hfb-above-header-display":"","ast-hfb-below-header-display":"","ast-hfb-mobile-header-display":"","site-post-title":"","ast-breadcrumbs-content":"","ast-featured-img":"","footer-sml-layout":"","ast-disable-related-posts":"","theme-transparent-header-meta":"default","adv-header-id-meta":"","stick-header-meta":"","header-above-stick-meta":"","header-main-stick-meta":"","header-below-stick-meta":"","astra-migrate-meta-layouts":"set","ast-page-background-enabled":"default","ast-page-background-meta":{"desktop":{"background-color":"var(--ast-global-color-4)","background-image":"","background-repeat":"repeat","background-position":"center center","background-size":"auto","background-attachment":"scroll","background-type":"","background-media":"","overlay-type":"","overlay-color":"","overlay-opacity":"","overlay-gradient":""},"tablet":{"background-color":"","background-image":"","background-repeat":"repeat","background-position":"center center","background-size":"auto","background-attachment":"scroll","background-type":"","background-media":"","overlay-type":"","overlay-color":"","overlay-opacity":"","overlay-gradient":""},"mobile":{"background-color":"","background-image":"","background-repeat":"repeat","background-position":"center center","background-size":"auto","background-attachment":"scroll","background-type":"","background-media":"","overlay-type":"","overlay-color":"","overlay-opacity":"","overlay-gradient":""}},"ast-content-background-meta":{"desktop":{"background-color":"var(--ast-global-color-5)","background-image":"","background-repeat":"repeat","background-position":"center center","background-size":"auto","background-attachment":"scroll","background-type":"","background-media":"","overlay-type":"","overlay-color":"","overlay-opacity":"","overlay-gradient":""},"tablet":{"background-color":"var(--ast-global-color-5)","background-image":"","background-repeat":"repeat","background-position":"center center","background-size":"auto","background-attachment":"scroll","background-type":"","background-media":"","overlay-type":"","overlay-color":"","overlay-opacity":"","overlay-gradient":""},"mobile":{"background-color":"var(--ast-global-color-5)","background-image":"","background-repeat":"repeat","background-position":"center center","background-size":"auto","background-attachment":"scroll","background-type":"","background-media":"","overlay-type":"","overlay-color":"","overlay-opacity":"","overlay-gradient":""}}},"product_brand":[],"product_cat":[143,178,138,15],"product_tag":[],"class_list":{"0":"post-7495","1":"product","2":"type-product","3":"status-publish","4":"has-post-thumbnail","6":"product_cat-soiuri-timpurii-cherry","7":"product_cat-soiuri-lungi","8":"product_cat-soiuri-negre","9":"product_cat-tomate-soi","10":"desktop-align-left","11":"tablet-align-left","12":"mobile-align-left","14":"first","15":"instock","16":"taxable","17":"shipping-taxable","18":"purchasable","19":"product-type-simple"},"_links":{"self":[{"href":"https:\/\/vivasem.ro\/index.php?rest_route=\/wp\/v2\/product\/7495","targetHints":{"allow":["GET"]}}],"collection":[{"href":"https:\/\/vivasem.ro\/index.php?rest_route=\/wp\/v2\/product"}],"about":[{"href":"https:\/\/vivasem.ro\/index.php?rest_route=\/wp\/v2\/types\/product"}],"replies":[{"embeddable":true,"href":"https:\/\/vivasem.ro\/index.php?rest_route=%2Fwp%2Fv2%2Fcomments&post=7495"}],"wp:featuredmedia":[{"embeddable":true,"href":"https:\/\/vivasem.ro\/index.php?rest_route=\/wp\/v2\/media\/10582"}],"wp:attachment":[{"href":"https:\/\/vivasem.ro\/index.php?rest_route=%2Fwp%2Fv2%2Fmedia&parent=7495"}],"wp:term":[{"taxonomy":"product_brand","embeddable":true,"href":"https:\/\/vivasem.ro\/index.php?rest_route=%2Fwp%2Fv2%2Fproduct_brand&post=7495"},{"taxonomy":"product_cat","embeddable":true,"href":"https:\/\/vivasem.ro\/index.php?rest_route=%2Fwp%2Fv2%2Fproduct_cat&post=7495"},{"taxonomy":"product_tag","embeddable":true,"href":"https:\/\/vivasem.ro\/index.php?rest_route=%2Fwp%2Fv2%2Fproduct_tag&post=7495"}],"curies":[{"name":"wp","href":"https:\/\/api.w.org\/{rel}","templated":true}]}}