{"id":7492,"date":"2022-08-17T21:03:39","date_gmt":"2022-08-17T19:03:39","guid":{"rendered":"https:\/\/vivasem.ro\/?post_type=product&#038;p=7492"},"modified":"2025-12-28T11:21:36","modified_gmt":"2025-12-28T09:21:36","slug":"violet-jasper","status":"publish","type":"product","link":"https:\/\/vivasem.ro\/?product=violet-jasper","title":{"rendered":"VIOLET JASPER (Ofert\u0103\/G. 80-95%)"},"content":{"rendered":"<h6><span style=\"color: #ff0000;\">VIOLET JASPER,<\/span><\/h6>\n<h6>Lot cu germina\u021bie de 80-95%.<\/h6>\n<h6><span style=\"color: #0000ff;\">SOI RAR, SPECTACULOS, CARE DEZVOLT\u0102 CULORI NEOBI\u0218NUITE PENTRU O TOMAT\u0102.<\/span><\/h6>\n<h6><span style=\"color: #ff0000;\"> ASPECTUL FRUCTELOR, ESTE COMPARAT CU AL BIJUTERIILOR, DEOARECE, \u00ceSI SCHIMB\u0102 MULT CULOAREA PE M\u0102SUR\u0102 CE SE COC , INI\u021aIAL FIIND VERZI, CU DUNGI VERDE-\u00ceNCHIS, AJUNG\u00c2ND LA NUAN\u021aE PURPURII -VI\u0218INII, COMBINATE CU\u00a0 DUNGI VERZI-AURII FOSFORESCENTE.<\/span><\/h6>\n<h6><span style=\"color: #0000ff;\">MIEZUL ESTE ROZ-PURPURIU \u00ceNCHIS, GUSTUL EXCELENT , DULCE, ECHILIBRAT CU PU\u021aIN\u0102 ACIDITATE, \u0218I AROM\u0102 INTENS\u0102.<\/span><\/h6>\n<h6>FORMA ESTE ROTUND\u0102, GREUTATEA MEDIE ESTE \u00ceNTRE 20-40 grame ,DAR UNELE FRUCTE AJUNG LA 80 grame.<\/h6>\n<h6>PLANTELE SUNT NEDETERMINATE CU O FOARTE BUN\u0102 PRODUCTIVITATE. FRUNZELE SUNT NORMALE.<\/h6>\n<h6><span style=\"color: #0000ff;\">SOI\u00a0 ORIGINAR DIN CHINA, CREEAT DE TZI BI U, REZISTENT\u00a0 LA C\u0102LDUR\u0102, DAR \u0218I LA FRIG, FIIND DE SEZON LUNG.<\/span><\/h6>\n","protected":false},"excerpt":{"rendered":"<h6><span style=\"color: #ff00ff;\">SOI-BIJUTERIE SPECTACULOS !<\/span><\/h6>\n","protected":false},"featured_media":8430,"comment_status":"open","ping_status":"closed","template":"","meta":{"site-sidebar-layout":"default","site-content-layout":"default","ast-site-content-layout":"default","site-content-style":"default","site-sidebar-style":"default","ast-global-header-display":"","ast-banner-title-visibility":"","ast-main-header-display":"","ast-hfb-above-header-display":"","ast-hfb-below-header-display":"","ast-hfb-mobile-header-display":"","site-post-title":"","ast-breadcrumbs-content":"","ast-featured-img":"","footer-sml-layout":"","ast-disable-related-posts":"","theme-transparent-header-meta":"default","adv-header-id-meta":"","stick-header-meta":"","header-above-stick-meta":"","header-main-stick-meta":"","header-below-stick-meta":"","astra-migrate-meta-layouts":"set","ast-page-background-enabled":"default","ast-page-background-meta":{"desktop":{"background-color":"var(--ast-global-color-4)","background-image":"","background-repeat":"repeat","background-position":"center center","background-size":"auto","background-attachment":"scroll","background-type":"","background-media":"","overlay-type":"","overlay-color":"","overlay-opacity":"","overlay-gradient":""},"tablet":{"background-color":"","background-image":"","background-repeat":"repeat","background-position":"center center","background-size":"auto","background-attachment":"scroll","background-type":"","background-media":"","overlay-type":"","overlay-color":"","overlay-opacity":"","overlay-gradient":""},"mobile":{"background-color":"","background-image":"","background-repeat":"repeat","background-position":"center center","background-size":"auto","background-attachment":"scroll","background-type":"","background-media":"","overlay-type":"","overlay-color":"","overlay-opacity":"","overlay-gradient":""}},"ast-content-background-meta":{"desktop":{"background-color":"var(--ast-global-color-5)","background-image":"","background-repeat":"repeat","background-position":"center center","background-size":"auto","background-attachment":"scroll","background-type":"","background-media":"","overlay-type":"","overlay-color":"","overlay-opacity":"","overlay-gradient":""},"tablet":{"background-color":"var(--ast-global-color-5)","background-image":"","background-repeat":"repeat","background-position":"center center","background-size":"auto","background-attachment":"scroll","background-type":"","background-media":"","overlay-type":"","overlay-color":"","overlay-opacity":"","overlay-gradient":""},"mobile":{"background-color":"var(--ast-global-color-5)","background-image":"","background-repeat":"repeat","background-position":"center center","background-size":"auto","background-attachment":"scroll","background-type":"","background-media":"","overlay-type":"","overlay-color":"","overlay-opacity":"","overlay-gradient":""}}},"product_brand":[],"product_cat":[180,139,138,15],"product_tag":[],"class_list":{"0":"post-7492","1":"product","2":"type-product","3":"status-publish","4":"has-post-thumbnail","6":"product_cat-oferte-de-pret-cantitate","7":"product_cat-tomate-galbene-orange-bicolore-verzi","8":"product_cat-soiuri-negre","9":"product_cat-tomate-soi","10":"pa_cantitate-10-seminte","11":"pa_cantitate-100-seminte","12":"pa_cantitate-200-seminte","13":"pa_cantitate-25-seminte","14":"pa_cantitate-250-seminte","15":"pa_cantitate-5-seminte","16":"pa_cantitate-50-seminte","17":"pa_cantitate-500-seminte","18":"desktop-align-left","19":"tablet-align-left","20":"mobile-align-left","22":"first","23":"instock","24":"sale","25":"taxable","26":"shipping-taxable","27":"purchasable","28":"product-type-variable"},"_links":{"self":[{"href":"https:\/\/vivasem.ro\/index.php?rest_route=\/wp\/v2\/product\/7492","targetHints":{"allow":["GET"]}}],"collection":[{"href":"https:\/\/vivasem.ro\/index.php?rest_route=\/wp\/v2\/product"}],"about":[{"href":"https:\/\/vivasem.ro\/index.php?rest_route=\/wp\/v2\/types\/product"}],"replies":[{"embeddable":true,"href":"https:\/\/vivasem.ro\/index.php?rest_route=%2Fwp%2Fv2%2Fcomments&post=7492"}],"wp:featuredmedia":[{"embeddable":true,"href":"https:\/\/vivasem.ro\/index.php?rest_route=\/wp\/v2\/media\/8430"}],"wp:attachment":[{"href":"https:\/\/vivasem.ro\/index.php?rest_route=%2Fwp%2Fv2%2Fmedia&parent=7492"}],"wp:term":[{"taxonomy":"product_brand","embeddable":true,"href":"https:\/\/vivasem.ro\/index.php?rest_route=%2Fwp%2Fv2%2Fproduct_brand&post=7492"},{"taxonomy":"product_cat","embeddable":true,"href":"https:\/\/vivasem.ro\/index.php?rest_route=%2Fwp%2Fv2%2Fproduct_cat&post=7492"},{"taxonomy":"product_tag","embeddable":true,"href":"https:\/\/vivasem.ro\/index.php?rest_route=%2Fwp%2Fv2%2Fproduct_tag&post=7492"}],"curies":[{"name":"wp","href":"https:\/\/api.w.org\/{rel}","templated":true}]}}