{"id":7488,"date":"2022-08-17T20:58:08","date_gmt":"2022-08-17T18:58:08","guid":{"rendered":"https:\/\/vivasem.ro\/?post_type=product&#038;p=7488"},"modified":"2025-12-26T11:38:15","modified_gmt":"2025-12-26T09:38:15","slug":"regina-noptii","status":"publish","type":"product","link":"https:\/\/vivasem.ro\/?product=regina-noptii","title":{"rendered":"\u201eREGINA NOPTII"},"content":{"rendered":"<h6><span style=\"color: #ff0000;\">REGINA NOP\u021aII\/ QUEEN OF THE NIGHT\/KONIGIN DER NACHT,<\/span><\/h6>\n<h6><span style=\"color: #0000ff;\">ESTE UNUL DINTRE CELE MAI FRUMOASE \u0218I GUSTOASE\u00a0 SOIURI DE TOMATE PE CARE LE-AM CULTIVAT.<\/span><\/h6>\n<h6><span style=\"color: #0000ff;\">FRUCTELE \u00ceSI SCHIMB\u0102 MULT CULOAREA PE M\u0102SUR\u0102 CE SE COC , AJUNG\u00c2ND LA NUAN\u021aE CASTANIU P\u00c2N\u0102 LA\u00a0 RO\u0218U, COMBINATE CU UMERI\u00a0 MARI \u0218I DUNGI INDIGO, <span style=\"color: #000000;\">(NEGRUL -INDIGO, DOVEDE\u0218TE PREZEN\u021aA UNEI CANTIT\u0102\u021aII MARI DE ANTOCIANIN\u0102<\/span><\/span><span style=\"color: #000000;\">, <\/span>UN ALT ANTIOXIDANT FOARTE PUTERNIC, AL\u0102TURI DE LICOPEN).<\/h6>\n<h6>MIEZUL ESTE ROZ-PURPURIU, <span style=\"color: #0000ff;\">GUSTUL EXCEP\u021aIONAL,TIP CHERRY, DULCE, ECHILIBRAT CU PU\u021aIN\u0102 ACIDITATE, \u0218I AROM\u0102 INTENS\u0102.<\/span><\/h6>\n<h6>FORMA ESTE ROTUND-TURTIT\u0102 , GREUTATEA MEDIE ESTE \u00ceNTRE 50-100 grame ,DAR UNELE FRUCTE AJUNG LA 300 grame.<\/h6>\n<h6>ARE REZISTEN\u021a\u0102 MARE LA C\u0102LDUR\u0102, DAR \u0218I LA FRIG, <span style=\"color: #0000ff;\">FIIND DE SEZON LUNG, RODE\u0218TE \u0218I CAND ALTE SOIURI S-AU TRECUT.<\/span><\/h6>\n<h6>Soi creat de Mark McCaslin, \u00een SUA.<\/h6>\n<h6>PLANTELE SUNT SEMIDETERMINATE CU O BUN\u0102 PRODUCTIVITATE.<\/h6>\n","protected":false},"excerpt":{"rendered":"<h6><span style=\"color: #0000ff;\">25 SEMIN\u021aE<\/span><\/h6>\n<h6><span style=\"color: #ff00ff;\">SOI EXCEP\u021aIONAL !<\/span><\/h6>\n<h6><span style=\"color: #ff00ff;\">GUST EXTRAORDINAR !<\/span><\/h6>\n","protected":false},"featured_media":8748,"comment_status":"open","ping_status":"closed","template":"","meta":{"site-sidebar-layout":"default","site-content-layout":"default","ast-site-content-layout":"default","site-content-style":"default","site-sidebar-style":"default","ast-global-header-display":"","ast-banner-title-visibility":"","ast-main-header-display":"","ast-hfb-above-header-display":"","ast-hfb-below-header-display":"","ast-hfb-mobile-header-display":"","site-post-title":"","ast-breadcrumbs-content":"","ast-featured-img":"","footer-sml-layout":"","ast-disable-related-posts":"","theme-transparent-header-meta":"default","adv-header-id-meta":"","stick-header-meta":"","header-above-stick-meta":"","header-main-stick-meta":"","header-below-stick-meta":"","astra-migrate-meta-layouts":"set","ast-page-background-enabled":"default","ast-page-background-meta":{"desktop":{"background-color":"var(--ast-global-color-4)","background-image":"","background-repeat":"repeat","background-position":"center center","background-size":"auto","background-attachment":"scroll","background-type":"","background-media":"","overlay-type":"","overlay-color":"","overlay-opacity":"","overlay-gradient":""},"tablet":{"background-color":"","background-image":"","background-repeat":"repeat","background-position":"center center","background-size":"auto","background-attachment":"scroll","background-type":"","background-media":"","overlay-type":"","overlay-color":"","overlay-opacity":"","overlay-gradient":""},"mobile":{"background-color":"","background-image":"","background-repeat":"repeat","background-position":"center center","background-size":"auto","background-attachment":"scroll","background-type":"","background-media":"","overlay-type":"","overlay-color":"","overlay-opacity":"","overlay-gradient":""}},"ast-content-background-meta":{"desktop":{"background-color":"var(--ast-global-color-5)","background-image":"","background-repeat":"repeat","background-position":"center center","background-size":"auto","background-attachment":"scroll","background-type":"","background-media":"","overlay-type":"","overlay-color":"","overlay-opacity":"","overlay-gradient":""},"tablet":{"background-color":"var(--ast-global-color-5)","background-image":"","background-repeat":"repeat","background-position":"center center","background-size":"auto","background-attachment":"scroll","background-type":"","background-media":"","overlay-type":"","overlay-color":"","overlay-opacity":"","overlay-gradient":""},"mobile":{"background-color":"var(--ast-global-color-5)","background-image":"","background-repeat":"repeat","background-position":"center center","background-size":"auto","background-attachment":"scroll","background-type":"","background-media":"","overlay-type":"","overlay-color":"","overlay-opacity":"","overlay-gradient":""}}},"product_brand":[],"product_cat":[139,137,15],"product_tag":[],"class_list":{"0":"post-7488","1":"product","2":"type-product","3":"status-publish","4":"has-post-thumbnail","6":"product_cat-tomate-galbene-orange-bicolore-verzi","7":"product_cat-tomate-indigo","8":"product_cat-tomate-soi","9":"desktop-align-left","10":"tablet-align-left","11":"mobile-align-left","13":"first","14":"instock","15":"taxable","16":"shipping-taxable","17":"purchasable","18":"product-type-simple"},"_links":{"self":[{"href":"https:\/\/vivasem.ro\/index.php?rest_route=\/wp\/v2\/product\/7488","targetHints":{"allow":["GET"]}}],"collection":[{"href":"https:\/\/vivasem.ro\/index.php?rest_route=\/wp\/v2\/product"}],"about":[{"href":"https:\/\/vivasem.ro\/index.php?rest_route=\/wp\/v2\/types\/product"}],"replies":[{"embeddable":true,"href":"https:\/\/vivasem.ro\/index.php?rest_route=%2Fwp%2Fv2%2Fcomments&post=7488"}],"wp:featuredmedia":[{"embeddable":true,"href":"https:\/\/vivasem.ro\/index.php?rest_route=\/wp\/v2\/media\/8748"}],"wp:attachment":[{"href":"https:\/\/vivasem.ro\/index.php?rest_route=%2Fwp%2Fv2%2Fmedia&parent=7488"}],"wp:term":[{"taxonomy":"product_brand","embeddable":true,"href":"https:\/\/vivasem.ro\/index.php?rest_route=%2Fwp%2Fv2%2Fproduct_brand&post=7488"},{"taxonomy":"product_cat","embeddable":true,"href":"https:\/\/vivasem.ro\/index.php?rest_route=%2Fwp%2Fv2%2Fproduct_cat&post=7488"},{"taxonomy":"product_tag","embeddable":true,"href":"https:\/\/vivasem.ro\/index.php?rest_route=%2Fwp%2Fv2%2Fproduct_tag&post=7488"}],"curies":[{"name":"wp","href":"https:\/\/api.w.org\/{rel}","templated":true}]}}