{"id":744,"date":"2021-11-03T21:57:36","date_gmt":"2021-11-03T19:57:36","guid":{"rendered":"https:\/\/vivasem.ro\/?post_type=product&#038;p=744"},"modified":"2024-05-08T11:19:42","modified_gmt":"2024-05-08T09:19:42","slug":"ukrainean-purple","status":"publish","type":"product","link":"https:\/\/vivasem.ro\/?product=ukrainean-purple","title":{"rendered":"\u201e\u201eUKRAINEAN PURPLE"},"content":{"rendered":"<h6><span style=\"color: #ff0000;\">UKRAINEAN PURPLE,<\/span><\/h6>\n<h6><strong>ACEST SOI\u00a0 ORIGINAR DIN UCRAINA, DE \u00ceNALT\u0102 CLAS\u0102 , <span style=\"color: #0000ff;\">PRODUCE ABUNDENT PRUNI\u0218OARE MARI, LUNGI DE PANA LA 10 CM \u0218I 170\u00a0 grame.,DE CULOARE DEOSEBIT\u0102, PURPURIE<\/span><\/strong><span style=\"color: #0000ff;\"> CE POATE AJUNGE P\u00c2N\u0102 LA NEGRU.<\/span><\/h6>\n<h6>FRUCTELE SUNT INTENS AROMATE, FOARTE GUSTOASE,\u00a0 DULCI, FOARTE POTRIVITE DE A LE CONSUMA PROASP\u0102TE.<\/h6>\n<h6>GREUTATEA SE SITUEAZ\u0102 \u00ceNTRE 80-170 grame.<\/h6>\n<h6><span style=\"color: #0000ff;\">DINTRE CELE MAI BUNE SOIURI PURPURII-NEGRE, TOMATELE NU CRAP\u0102, NU FAC CAPAC VERDE<\/span><\/h6>\n<h6>PLANTE NEDETERMINATE, FOARTE PRODUCTIVE.<\/h6>\n","protected":false},"excerpt":{"rendered":"<h6><span style=\"color: #0000ff;\">15 SEMIN\u021aE<\/span><\/h6>\n<h6><span style=\"color: #ff6600;\">SOI DEOSEBIT,FOARTE PRODUCTIV !<\/span><\/h6>\n<h6><span style=\"color: #ff6600;\">GUST EXCEP\u021aIONAL !<\/span><\/h6>\n","protected":false},"featured_media":3168,"comment_status":"open","ping_status":"closed","template":"","meta":{"site-sidebar-layout":"default","site-content-layout":"default","ast-site-content-layout":"default","site-content-style":"default","site-sidebar-style":"default","ast-global-header-display":"","ast-banner-title-visibility":"","ast-main-header-display":"","ast-hfb-above-header-display":"","ast-hfb-below-header-display":"","ast-hfb-mobile-header-display":"","site-post-title":"","ast-breadcrumbs-content":"","ast-featured-img":"","footer-sml-layout":"","ast-disable-related-posts":"","theme-transparent-header-meta":"default","adv-header-id-meta":"","stick-header-meta":"","header-above-stick-meta":"","header-main-stick-meta":"","header-below-stick-meta":"","astra-migrate-meta-layouts":"set","ast-page-background-enabled":"default","ast-page-background-meta":{"desktop":{"background-color":"var(--ast-global-color-4)","background-image":"","background-repeat":"repeat","background-position":"center center","background-size":"auto","background-attachment":"scroll","background-type":"","background-media":"","overlay-type":"","overlay-color":"","overlay-opacity":"","overlay-gradient":""},"tablet":{"background-color":"","background-image":"","background-repeat":"repeat","background-position":"center center","background-size":"auto","background-attachment":"scroll","background-type":"","background-media":"","overlay-type":"","overlay-color":"","overlay-opacity":"","overlay-gradient":""},"mobile":{"background-color":"","background-image":"","background-repeat":"repeat","background-position":"center center","background-size":"auto","background-attachment":"scroll","background-type":"","background-media":"","overlay-type":"","overlay-color":"","overlay-opacity":"","overlay-gradient":""}},"ast-content-background-meta":{"desktop":{"background-color":"var(--ast-global-color-5)","background-image":"","background-repeat":"repeat","background-position":"center center","background-size":"auto","background-attachment":"scroll","background-type":"","background-media":"","overlay-type":"","overlay-color":"","overlay-opacity":"","overlay-gradient":""},"tablet":{"background-color":"var(--ast-global-color-5)","background-image":"","background-repeat":"repeat","background-position":"center center","background-size":"auto","background-attachment":"scroll","background-type":"","background-media":"","overlay-type":"","overlay-color":"","overlay-opacity":"","overlay-gradient":""},"mobile":{"background-color":"var(--ast-global-color-5)","background-image":"","background-repeat":"repeat","background-position":"center center","background-size":"auto","background-attachment":"scroll","background-type":"","background-media":"","overlay-type":"","overlay-color":"","overlay-opacity":"","overlay-gradient":""}}},"product_brand":[],"product_cat":[178,138,15],"product_tag":[],"class_list":{"0":"post-744","1":"product","2":"type-product","3":"status-publish","4":"has-post-thumbnail","6":"product_cat-soiuri-lungi","7":"product_cat-soiuri-negre","8":"product_cat-tomate-soi","9":"desktop-align-left","10":"tablet-align-left","11":"mobile-align-left","13":"first","14":"outofstock","15":"taxable","16":"shipping-taxable","17":"purchasable","18":"product-type-simple"},"_links":{"self":[{"href":"https:\/\/vivasem.ro\/index.php?rest_route=\/wp\/v2\/product\/744","targetHints":{"allow":["GET"]}}],"collection":[{"href":"https:\/\/vivasem.ro\/index.php?rest_route=\/wp\/v2\/product"}],"about":[{"href":"https:\/\/vivasem.ro\/index.php?rest_route=\/wp\/v2\/types\/product"}],"replies":[{"embeddable":true,"href":"https:\/\/vivasem.ro\/index.php?rest_route=%2Fwp%2Fv2%2Fcomments&post=744"}],"wp:featuredmedia":[{"embeddable":true,"href":"https:\/\/vivasem.ro\/index.php?rest_route=\/wp\/v2\/media\/3168"}],"wp:attachment":[{"href":"https:\/\/vivasem.ro\/index.php?rest_route=%2Fwp%2Fv2%2Fmedia&parent=744"}],"wp:term":[{"taxonomy":"product_brand","embeddable":true,"href":"https:\/\/vivasem.ro\/index.php?rest_route=%2Fwp%2Fv2%2Fproduct_brand&post=744"},{"taxonomy":"product_cat","embeddable":true,"href":"https:\/\/vivasem.ro\/index.php?rest_route=%2Fwp%2Fv2%2Fproduct_cat&post=744"},{"taxonomy":"product_tag","embeddable":true,"href":"https:\/\/vivasem.ro\/index.php?rest_route=%2Fwp%2Fv2%2Fproduct_tag&post=744"}],"curies":[{"name":"wp","href":"https:\/\/api.w.org\/{rel}","templated":true}]}}