{"id":741,"date":"2021-11-03T21:34:08","date_gmt":"2021-11-03T19:34:08","guid":{"rendered":"https:\/\/vivasem.ro\/?post_type=product&#038;p=741"},"modified":"2026-01-05T10:59:25","modified_gmt":"2026-01-05T08:59:25","slug":"golden-banana","status":"publish","type":"product","link":"https:\/\/vivasem.ro\/?product=golden-banana","title":{"rendered":"GOLDEN BANANA"},"content":{"rendered":"<h6><span style=\"color: #ff0000;\">GOLDEN BANANA ,<\/span><\/h6>\n<h6><span style=\"color: #0000ff;\">UNUL DINTRE CEL MAI REZISTENTE SOIURI LA FRIG, PE CARE LE-AM PROBAT !<\/span><\/h6>\n<h6><span style=\"color: #0000ff;\">EXTREM DE\u00a0 PRODUCTIV, CE RODE\u0218TE P\u00c2N\u0102 LA \u00ceNGHE\u021a, \u00ceN CIORCHINI BOGA\u021aI .<\/span><\/h6>\n<h6><span style=\"color: #0000ff;\">FRUCTELE SUNT GALBENE, FRUMOASE, OVALE, FOARTE C\u0102RNOASE,CU PU\u021aINE SEMIN\u021aE, NEZEMOASE, DAR SUCULENTE. <\/span><\/h6>\n<h6><span style=\"color: #0000ff;\">AU GUST EXCELENT, DULCI, NEACIDE<\/span>, CU AROM\u0102 U\u0218OR FRUCTAT\u0102.<\/h6>\n<h6>GREUTATEA MEDIE ESTE DE 70-160 grame.<\/h6>\n<h6>EXCELENT DE CONSUMAT IN SALATE, SOSURI, DAR \u0218I DE CONSERVAT.<\/h6>\n<h6>PLANTELE SUNT VIGUROASE, NEDETERMINATE.<\/h6>\n<h6>ORIGINAR DIN UCRAINA.<\/h6>\n","protected":false},"excerpt":{"rendered":"<h6><span style=\"color: #0000ff;\">30 SEMIN\u021aE<\/span><\/h6>\n<h6>EXTRAORDINAR DE REZISTENT !<\/h6>\n<h6>EXTREM DE PRODUCTIV !<\/h6>\n<h6>GUST DEOSEBIT !<\/h6>\n","protected":false},"featured_media":2693,"comment_status":"open","ping_status":"closed","template":"","meta":{"site-sidebar-layout":"default","site-content-layout":"default","ast-site-content-layout":"default","site-content-style":"default","site-sidebar-style":"default","ast-global-header-display":"","ast-banner-title-visibility":"","ast-main-header-display":"","ast-hfb-above-header-display":"","ast-hfb-below-header-display":"","ast-hfb-mobile-header-display":"","site-post-title":"","ast-breadcrumbs-content":"","ast-featured-img":"","footer-sml-layout":"","ast-disable-related-posts":"","theme-transparent-header-meta":"default","adv-header-id-meta":"","stick-header-meta":"","header-above-stick-meta":"","header-main-stick-meta":"","header-below-stick-meta":"","astra-migrate-meta-layouts":"set","ast-page-background-enabled":"default","ast-page-background-meta":{"desktop":{"background-color":"var(--ast-global-color-4)","background-image":"","background-repeat":"repeat","background-position":"center center","background-size":"auto","background-attachment":"scroll","background-type":"","background-media":"","overlay-type":"","overlay-color":"","overlay-opacity":"","overlay-gradient":""},"tablet":{"background-color":"","background-image":"","background-repeat":"repeat","background-position":"center center","background-size":"auto","background-attachment":"scroll","background-type":"","background-media":"","overlay-type":"","overlay-color":"","overlay-opacity":"","overlay-gradient":""},"mobile":{"background-color":"","background-image":"","background-repeat":"repeat","background-position":"center center","background-size":"auto","background-attachment":"scroll","background-type":"","background-media":"","overlay-type":"","overlay-color":"","overlay-opacity":"","overlay-gradient":""}},"ast-content-background-meta":{"desktop":{"background-color":"var(--ast-global-color-5)","background-image":"","background-repeat":"repeat","background-position":"center center","background-size":"auto","background-attachment":"scroll","background-type":"","background-media":"","overlay-type":"","overlay-color":"","overlay-opacity":"","overlay-gradient":""},"tablet":{"background-color":"var(--ast-global-color-5)","background-image":"","background-repeat":"repeat","background-position":"center center","background-size":"auto","background-attachment":"scroll","background-type":"","background-media":"","overlay-type":"","overlay-color":"","overlay-opacity":"","overlay-gradient":""},"mobile":{"background-color":"var(--ast-global-color-5)","background-image":"","background-repeat":"repeat","background-position":"center center","background-size":"auto","background-attachment":"scroll","background-type":"","background-media":"","overlay-type":"","overlay-color":"","overlay-opacity":"","overlay-gradient":""}}},"product_brand":[],"product_cat":[139,143,178,15],"product_tag":[],"class_list":{"0":"post-741","1":"product","2":"type-product","3":"status-publish","4":"has-post-thumbnail","6":"product_cat-tomate-galbene-orange-bicolore-verzi","7":"product_cat-soiuri-timpurii-cherry","8":"product_cat-soiuri-lungi","9":"product_cat-tomate-soi","10":"desktop-align-left","11":"tablet-align-left","12":"mobile-align-left","14":"first","15":"instock","16":"taxable","17":"shipping-taxable","18":"purchasable","19":"product-type-simple"},"_links":{"self":[{"href":"https:\/\/vivasem.ro\/index.php?rest_route=\/wp\/v2\/product\/741","targetHints":{"allow":["GET"]}}],"collection":[{"href":"https:\/\/vivasem.ro\/index.php?rest_route=\/wp\/v2\/product"}],"about":[{"href":"https:\/\/vivasem.ro\/index.php?rest_route=\/wp\/v2\/types\/product"}],"replies":[{"embeddable":true,"href":"https:\/\/vivasem.ro\/index.php?rest_route=%2Fwp%2Fv2%2Fcomments&post=741"}],"wp:featuredmedia":[{"embeddable":true,"href":"https:\/\/vivasem.ro\/index.php?rest_route=\/wp\/v2\/media\/2693"}],"wp:attachment":[{"href":"https:\/\/vivasem.ro\/index.php?rest_route=%2Fwp%2Fv2%2Fmedia&parent=741"}],"wp:term":[{"taxonomy":"product_brand","embeddable":true,"href":"https:\/\/vivasem.ro\/index.php?rest_route=%2Fwp%2Fv2%2Fproduct_brand&post=741"},{"taxonomy":"product_cat","embeddable":true,"href":"https:\/\/vivasem.ro\/index.php?rest_route=%2Fwp%2Fv2%2Fproduct_cat&post=741"},{"taxonomy":"product_tag","embeddable":true,"href":"https:\/\/vivasem.ro\/index.php?rest_route=%2Fwp%2Fv2%2Fproduct_tag&post=741"}],"curies":[{"name":"wp","href":"https:\/\/api.w.org\/{rel}","templated":true}]}}