{"id":7401,"date":"2022-07-31T20:26:31","date_gmt":"2022-07-31T18:26:31","guid":{"rendered":"https:\/\/vivasem.ro\/?post_type=product&#038;p=7401"},"modified":"2024-12-08T07:23:28","modified_gmt":"2024-12-08T05:23:28","slug":"ildi-cherry","status":"publish","type":"product","link":"https:\/\/vivasem.ro\/?product=ildi-cherry","title":{"rendered":"CHERRY ILDI"},"content":{"rendered":"<h6 style=\"text-align: left;\"><span style=\"color: #993300;\"><strong><u>CHERRY <\/u><\/strong><\/span><span style=\"color: #993300;\"><strong><u>ILDI\u00a0 <\/u><\/strong><\/span><span style=\"color: #993300;\"><strong><u>,<\/u><\/strong><\/span><\/h6>\n<h6><span style=\"color: #0000ff;\"><strong>\u00a0SOI<\/strong><\/span><span style=\"color: #0000ff;\"><strong>\u00a0 SPECTACULOS, TIP MULTIFLORA, <\/strong><\/span><span style=\"color: #0000ff;\"><strong>FIIND UNUL DINTRE MAI PRODUCTIVE DIN LUME ! UN CIORCHINE PRODUCE 50-100 DE FRUCTE, IAR \u00ceN TOT SEZONUL SE ADUN\u0102 \u0218I 1000 DE TOMATE !\u00a0 \u00a0 \u00a0<\/strong><\/span><\/h6>\n<h6><span style=\"color: #0000ff;\"><strong> <span style=\"color: #000080;\">A FOST INTRODUS PE PIA\u021a\u0102 \u0218I POPULARIZAT, DE COMPANIA THOMPSON-MORGAN DIN ANGLIA, IAR ORIGINEA ESTE CONTROVERSAT\u0102, SPECIALI\u0218TII FIIND \u00ceMP\u0102R\u021aI\u021aI \u00ceNTRE A O ATRIBUI MEXICULUI SAU UNGARIEI.<\/span><\/strong><\/span><\/h6>\n<h6><strong>ACESTEA SUNT \u00ceN GREUTATE DE 10-25<\/strong><strong> \u00a0grame, <\/strong><strong>OVALE, UNEORI MAI ROTUNDE,\u00a0 SUCULENTE, CU SEMIN\u021aE \u0218I GEL, REZISTENTE LA CR\u0102PARE. <\/strong><\/h6>\n<h6><span style=\"color: #0000ff;\">SOIUL SE DISTINGE NU NUMAI PRIN ASPECTUL DEOSEBIT, DAT DE CIORCHINII IMEN\u0218I , CU FRUCTE DE CULOAREA GALBEN\u0102, DAR ESTE \u0218I UNUL DINTRE CELE MAI GUSTOASE SOIURI DE CHERRY. <\/span>DEOSEBIT DE DULCI, NEACIDE, INTENS AROMATE, SUNT O ALEGERE EXCELENT\u0102 PENTRU SALATE, ORNAREA PREPARATELOR, GUST\u0102RI .<\/h6>\n<h6>PLANTELE VIGUROASE, EXTRAORDINAR DE<span style=\"color: #0000ff;\">\u00a0 PRODUCTIVE<\/span> <span style=\"color: #0000ff;\">\u0218I DAU FOARTE BUNE REZULTATE \u00ceN\u00a0 TOATE ZONELE CLIMATICE<\/span> , \u00ceN GR\u0102DIN\u0102, DAR \u0218I \u00ceN SOLAR &#8230; SPECTACULOAS\u0102 ESTE \u0218I IMAGINEA SUTELOR DE FLORI GALBENE &#8230;VEZI FOTO&#8230;<\/h6>\n<h6>\u00a0PLANTELE SUNT VIGUROASE , AU NEVOIE DE MAI MULT LOC DEC\u00c2T SOIURILE OBI\u0218NUITE ,A\u0218 RECOMANDA MINIM 60&#215;60 cm. \u0218I, PENTRU C\u0102 EMIT MUL\u021aI COPILI, CARE, DAC\u0102 NU SUNT T\u0102IA\u021aI, FORMEAZ\u0102 TUFE MARI, AR NECESITA CAM 1 metru p\u0103trat .<\/h6>\n<h6>SE CERE UN SUPORT SOLID !<\/h6>\n<h6>\u00a0MEDIU TIMPURII, 70-75 ZILE, NEDETERMINATE.<\/h6>\n<h6><span style=\"color: #0000ff;\">SOI HEIRLOOM.<\/span><\/h6>\n","protected":false},"excerpt":{"rendered":"<h6><span style=\"color: #0000ff;\">25 SEMIN\u021aE<\/span><img loading=\"lazy\" decoding=\"async\" class=\"alignnone wp-image-5567\" src=\"https:\/\/vivasem.ro\/wp-content\/uploads\/2021\/11\/NOU3.jpg\" alt=\"\" width=\"71\" height=\"69\" srcset=\"https:\/\/vivasem.ro\/wp-content\/uploads\/2021\/11\/NOU3.jpg 270w, https:\/\/vivasem.ro\/wp-content\/uploads\/2021\/11\/NOU3-248x241.jpg 248w\" sizes=\"auto, (max-width: 71px) 100vw, 71px\" \/><\/h6>\n<h6>EXTREM DE PRODUCTIV !<\/h6>\n<h6>GUST EXCELENT !<\/h6>\n","protected":false},"featured_media":9006,"comment_status":"open","ping_status":"closed","template":"","meta":{"site-sidebar-layout":"default","site-content-layout":"default","ast-site-content-layout":"default","site-content-style":"default","site-sidebar-style":"default","ast-global-header-display":"","ast-banner-title-visibility":"","ast-main-header-display":"","ast-hfb-above-header-display":"","ast-hfb-below-header-display":"","ast-hfb-mobile-header-display":"","site-post-title":"","ast-breadcrumbs-content":"","ast-featured-img":"","footer-sml-layout":"","ast-disable-related-posts":"","theme-transparent-header-meta":"default","adv-header-id-meta":"","stick-header-meta":"","header-above-stick-meta":"","header-main-stick-meta":"","header-below-stick-meta":"","astra-migrate-meta-layouts":"set","ast-page-background-enabled":"default","ast-page-background-meta":{"desktop":{"background-color":"var(--ast-global-color-4)","background-image":"","background-repeat":"repeat","background-position":"center center","background-size":"auto","background-attachment":"scroll","background-type":"","background-media":"","overlay-type":"","overlay-color":"","overlay-opacity":"","overlay-gradient":""},"tablet":{"background-color":"","background-image":"","background-repeat":"repeat","background-position":"center center","background-size":"auto","background-attachment":"scroll","background-type":"","background-media":"","overlay-type":"","overlay-color":"","overlay-opacity":"","overlay-gradient":""},"mobile":{"background-color":"","background-image":"","background-repeat":"repeat","background-position":"center center","background-size":"auto","background-attachment":"scroll","background-type":"","background-media":"","overlay-type":"","overlay-color":"","overlay-opacity":"","overlay-gradient":""}},"ast-content-background-meta":{"desktop":{"background-color":"var(--ast-global-color-5)","background-image":"","background-repeat":"repeat","background-position":"center center","background-size":"auto","background-attachment":"scroll","background-type":"","background-media":"","overlay-type":"","overlay-color":"","overlay-opacity":"","overlay-gradient":""},"tablet":{"background-color":"var(--ast-global-color-5)","background-image":"","background-repeat":"repeat","background-position":"center center","background-size":"auto","background-attachment":"scroll","background-type":"","background-media":"","overlay-type":"","overlay-color":"","overlay-opacity":"","overlay-gradient":""},"mobile":{"background-color":"var(--ast-global-color-5)","background-image":"","background-repeat":"repeat","background-position":"center center","background-size":"auto","background-attachment":"scroll","background-type":"","background-media":"","overlay-type":"","overlay-color":"","overlay-opacity":"","overlay-gradient":""}}},"product_brand":[],"product_cat":[139,143,15],"product_tag":[],"class_list":{"0":"post-7401","1":"product","2":"type-product","3":"status-publish","4":"has-post-thumbnail","6":"product_cat-tomate-galbene-orange-bicolore-verzi","7":"product_cat-soiuri-timpurii-cherry","8":"product_cat-tomate-soi","9":"desktop-align-left","10":"tablet-align-left","11":"mobile-align-left","13":"first","14":"instock","15":"taxable","16":"shipping-taxable","17":"purchasable","18":"product-type-simple"},"_links":{"self":[{"href":"https:\/\/vivasem.ro\/index.php?rest_route=\/wp\/v2\/product\/7401","targetHints":{"allow":["GET"]}}],"collection":[{"href":"https:\/\/vivasem.ro\/index.php?rest_route=\/wp\/v2\/product"}],"about":[{"href":"https:\/\/vivasem.ro\/index.php?rest_route=\/wp\/v2\/types\/product"}],"replies":[{"embeddable":true,"href":"https:\/\/vivasem.ro\/index.php?rest_route=%2Fwp%2Fv2%2Fcomments&post=7401"}],"wp:featuredmedia":[{"embeddable":true,"href":"https:\/\/vivasem.ro\/index.php?rest_route=\/wp\/v2\/media\/9006"}],"wp:attachment":[{"href":"https:\/\/vivasem.ro\/index.php?rest_route=%2Fwp%2Fv2%2Fmedia&parent=7401"}],"wp:term":[{"taxonomy":"product_brand","embeddable":true,"href":"https:\/\/vivasem.ro\/index.php?rest_route=%2Fwp%2Fv2%2Fproduct_brand&post=7401"},{"taxonomy":"product_cat","embeddable":true,"href":"https:\/\/vivasem.ro\/index.php?rest_route=%2Fwp%2Fv2%2Fproduct_cat&post=7401"},{"taxonomy":"product_tag","embeddable":true,"href":"https:\/\/vivasem.ro\/index.php?rest_route=%2Fwp%2Fv2%2Fproduct_tag&post=7401"}],"curies":[{"name":"wp","href":"https:\/\/api.w.org\/{rel}","templated":true}]}}