{"id":7271,"date":"2022-03-30T16:42:59","date_gmt":"2022-03-30T14:42:59","guid":{"rendered":"https:\/\/vivasem.ro\/?post_type=product&#038;p=7271"},"modified":"2023-01-01T09:47:10","modified_gmt":"2023-01-01T07:47:10","slug":"varza-kale-halbhoher-gruner","status":"publish","type":"product","link":"https:\/\/vivasem.ro\/?product=varza-kale-halbhoher-gruner","title":{"rendered":"\u201eVARZ\u0102 KALE HALBHOHER GRUNER"},"content":{"rendered":"<h6><span style=\"color: #ff0000;\"><strong><u>VARZ\u0102 KALE HALBHOHER GRUNER-Sluis Garden.Olanda,<\/u><\/strong><\/span><\/h6>\n<h6><strong>Varietate crea\u021b\u0103,foarte productiv\u0103,de talie medie spre mare,ce ajunge la 60-80 cm \u00een\u0103l\u021bime, <\/strong>nepreten\u021bioas\u0103 la condi\u021bii de cultur\u0103 , rezist\u0103 la temperaturi sc\u0103zute.Este foarte bogat\u0103 \u00een minerale \u0219i vitamine,\u00een special C \u0219i B,ca toate soiurile de kale.Se poate \u00eens\u0103m\u00e2n\u021ba direct sau se face r\u0103sad care se transplanteaz\u0103 la 50 cm \u00eentre plante, tufele fiind dense, compacte, aspectuoase.<\/h6>\n<h6>FOARTE REZISTENT LA FRIG,SE POATE CULTIVA IMEDIAT DUPA TOPIREA Z\u0102PEZII.<\/h6>\n<h6><strong>Varza Kale este o cultur\u0103 timpurie, minunat\u0103 pentru sezonul rece si de primavara<\/strong> .<\/h6>\n<h6>\u00a0Gustul \u0219i textura se \u00eembun\u0103t\u0103\u021besc cu frigul de la \u00eenceputul iernii c\u00e2nd acumuleaza zaharuri .<\/h6>\n<h6>Se culeg frunzele exterioare.Se poate consuma crud\u0103,in salate sau g\u0103tit\u0103.<\/h6>\n<h6>Se poate \u00eens\u0103m\u00e2n\u021ba direct sau se face r\u0103sad, care se transplanteaz\u0103 la 50 cm \u00eentre plante.<\/h6>\n","protected":false},"excerpt":{"rendered":"<p><span style=\"color: #0000ff;\">240 SEMIN\u021aE\/(0,7 grame)<\/span><\/p>\n","protected":false},"featured_media":7272,"comment_status":"open","ping_status":"closed","template":"","meta":{"site-sidebar-layout":"default","site-content-layout":"default","ast-site-content-layout":"default","site-content-style":"default","site-sidebar-style":"default","ast-global-header-display":"","ast-banner-title-visibility":"","ast-main-header-display":"","ast-hfb-above-header-display":"","ast-hfb-below-header-display":"","ast-hfb-mobile-header-display":"","site-post-title":"","ast-breadcrumbs-content":"","ast-featured-img":"","footer-sml-layout":"","ast-disable-related-posts":"","theme-transparent-header-meta":"default","adv-header-id-meta":"","stick-header-meta":"","header-above-stick-meta":"","header-main-stick-meta":"","header-below-stick-meta":"","astra-migrate-meta-layouts":"default","ast-page-background-enabled":"default","ast-page-background-meta":{"desktop":{"background-color":"var(--ast-global-color-4)","background-image":"","background-repeat":"repeat","background-position":"center center","background-size":"auto","background-attachment":"scroll","background-type":"","background-media":"","overlay-type":"","overlay-color":"","overlay-opacity":"","overlay-gradient":""},"tablet":{"background-color":"","background-image":"","background-repeat":"repeat","background-position":"center center","background-size":"auto","background-attachment":"scroll","background-type":"","background-media":"","overlay-type":"","overlay-color":"","overlay-opacity":"","overlay-gradient":""},"mobile":{"background-color":"","background-image":"","background-repeat":"repeat","background-position":"center center","background-size":"auto","background-attachment":"scroll","background-type":"","background-media":"","overlay-type":"","overlay-color":"","overlay-opacity":"","overlay-gradient":""}},"ast-content-background-meta":{"desktop":{"background-color":"var(--ast-global-color-5)","background-image":"","background-repeat":"repeat","background-position":"center center","background-size":"auto","background-attachment":"scroll","background-type":"","background-media":"","overlay-type":"","overlay-color":"","overlay-opacity":"","overlay-gradient":""},"tablet":{"background-color":"var(--ast-global-color-5)","background-image":"","background-repeat":"repeat","background-position":"center center","background-size":"auto","background-attachment":"scroll","background-type":"","background-media":"","overlay-type":"","overlay-color":"","overlay-opacity":"","overlay-gradient":""},"mobile":{"background-color":"var(--ast-global-color-5)","background-image":"","background-repeat":"repeat","background-position":"center center","background-size":"auto","background-attachment":"scroll","background-type":"","background-media":"","overlay-type":"","overlay-color":"","overlay-opacity":"","overlay-gradient":""}}},"product_brand":[],"product_cat":[149],"product_tag":[],"class_list":{"0":"post-7271","1":"product","2":"type-product","3":"status-publish","4":"has-post-thumbnail","6":"product_cat-33-produse-epuizate","7":"desktop-align-left","8":"tablet-align-left","9":"mobile-align-left","11":"first","12":"outofstock","13":"taxable","14":"shipping-taxable","15":"purchasable","16":"product-type-simple"},"_links":{"self":[{"href":"https:\/\/vivasem.ro\/index.php?rest_route=\/wp\/v2\/product\/7271","targetHints":{"allow":["GET"]}}],"collection":[{"href":"https:\/\/vivasem.ro\/index.php?rest_route=\/wp\/v2\/product"}],"about":[{"href":"https:\/\/vivasem.ro\/index.php?rest_route=\/wp\/v2\/types\/product"}],"replies":[{"embeddable":true,"href":"https:\/\/vivasem.ro\/index.php?rest_route=%2Fwp%2Fv2%2Fcomments&post=7271"}],"wp:featuredmedia":[{"embeddable":true,"href":"https:\/\/vivasem.ro\/index.php?rest_route=\/wp\/v2\/media\/7272"}],"wp:attachment":[{"href":"https:\/\/vivasem.ro\/index.php?rest_route=%2Fwp%2Fv2%2Fmedia&parent=7271"}],"wp:term":[{"taxonomy":"product_brand","embeddable":true,"href":"https:\/\/vivasem.ro\/index.php?rest_route=%2Fwp%2Fv2%2Fproduct_brand&post=7271"},{"taxonomy":"product_cat","embeddable":true,"href":"https:\/\/vivasem.ro\/index.php?rest_route=%2Fwp%2Fv2%2Fproduct_cat&post=7271"},{"taxonomy":"product_tag","embeddable":true,"href":"https:\/\/vivasem.ro\/index.php?rest_route=%2Fwp%2Fv2%2Fproduct_tag&post=7271"}],"curies":[{"name":"wp","href":"https:\/\/api.w.org\/{rel}","templated":true}]}}