{"id":724,"date":"2021-11-03T16:20:30","date_gmt":"2021-11-03T14:20:30","guid":{"rendered":"https:\/\/vivasem.ro\/?post_type=product&#038;p=724"},"modified":"2025-12-06T11:51:40","modified_gmt":"2025-12-06T09:51:40","slug":"marunte-de-buzau","status":"publish","type":"product","link":"https:\/\/vivasem.ro\/?product=marunte-de-buzau","title":{"rendered":"MULTE DE BUZ\u0102U- 25s"},"content":{"rendered":"<h6><span style=\"color: #ff0000;\">MULTE DE BUZ\u0102U,<\/span><\/h6>\n<h6><strong>VECHI SOI ROMANESC, TRADITIONAL , DIN ZONA BAZINUL LEGUMICOL BUZ\u0102U, <span style=\"color: #0000ff;\">CU GUST EXTRAORDINAR DE RO\u0218IE CLASIC\u0102 , ARMONIOS ECHILIBRAT DULCE-ACID, CU AROM\u0102 \u00ceN GENUL RO\u0218IILOR CHERRY.<\/span><\/strong><\/h6>\n<h6>PLANTELE TIMPURII,\u00a0 VIGUROASE, NEDETERMINATE, <span style=\"color: #0000ff;\">EXTREM DE PRODUCTIVE<\/span>, RODESC FRUCTE CE AJUNG,IN MEDIE,LA 60- 80 grame , IAR UNELE\u00a0 CHIAR P\u00c2N\u0102 LA 120 grame, <span style=\"color: #0000ff;\">MICI CA M\u0102RIME DAR MULTE PE CIORCHINE ,<\/span>FRUMOASE,RO\u0218U- APRINS ,CU PULPA FERM\u0102.<\/h6>\n<h6>DIN PREFERATELE NOASTRE PENTRU GUST \u0218I PRODUCTIVITATE.<\/h6>\n","protected":false},"excerpt":{"rendered":"<h6><span style=\"color: #0000ff;\">25 SEMIN\u021aE<\/span><\/h6>\n<h6><span style=\"color: #ff00ff;\">SOI MINUNAT, <\/span><span style=\"color: #ff00ff;\">EXTREM<\/span><span style=\"color: #ff00ff;\"> DE PRODUCTIV<\/span><\/h6>\n<h6><span style=\"color: #ff00ff;\">CU <\/span><span style=\"color: #ff00ff;\">GUST EXCEP\u021aIONAL <\/span><span style=\"color: #ff00ff;\">!<\/span><\/h6>\n<p><img loading=\"lazy\" decoding=\"async\" class=\"alignnone size-medium wp-image-17985\" src=\"https:\/\/vivasem.ro\/wp-content\/uploads\/2025\/05\/SOI-ROMANESC-300x106.jpg\" alt=\"\" width=\"300\" height=\"106\" srcset=\"https:\/\/vivasem.ro\/wp-content\/uploads\/2025\/05\/SOI-ROMANESC-300x106.jpg 300w, https:\/\/vivasem.ro\/wp-content\/uploads\/2025\/05\/SOI-ROMANESC-150x53.jpg 150w, https:\/\/vivasem.ro\/wp-content\/uploads\/2025\/05\/SOI-ROMANESC-248x88.jpg 248w, https:\/\/vivasem.ro\/wp-content\/uploads\/2025\/05\/SOI-ROMANESC-590x209.jpg 590w, https:\/\/vivasem.ro\/wp-content\/uploads\/2025\/05\/SOI-ROMANESC.jpg 700w\" sizes=\"auto, (max-width: 300px) 100vw, 300px\" \/><\/p>\n<h6><\/h6>\n","protected":false},"featured_media":2856,"comment_status":"open","ping_status":"closed","template":"","meta":{"site-sidebar-layout":"default","site-content-layout":"default","ast-site-content-layout":"default","site-content-style":"default","site-sidebar-style":"default","ast-global-header-display":"","ast-banner-title-visibility":"","ast-main-header-display":"","ast-hfb-above-header-display":"","ast-hfb-below-header-display":"","ast-hfb-mobile-header-display":"","site-post-title":"","ast-breadcrumbs-content":"","ast-featured-img":"","footer-sml-layout":"","ast-disable-related-posts":"","theme-transparent-header-meta":"default","adv-header-id-meta":"","stick-header-meta":"","header-above-stick-meta":"","header-main-stick-meta":"","header-below-stick-meta":"","astra-migrate-meta-layouts":"set","ast-page-background-enabled":"default","ast-page-background-meta":{"desktop":{"background-color":"var(--ast-global-color-4)","background-image":"","background-repeat":"repeat","background-position":"center center","background-size":"auto","background-attachment":"scroll","background-type":"","background-media":"","overlay-type":"","overlay-color":"","overlay-opacity":"","overlay-gradient":""},"tablet":{"background-color":"","background-image":"","background-repeat":"repeat","background-position":"center center","background-size":"auto","background-attachment":"scroll","background-type":"","background-media":"","overlay-type":"","overlay-color":"","overlay-opacity":"","overlay-gradient":""},"mobile":{"background-color":"","background-image":"","background-repeat":"repeat","background-position":"center center","background-size":"auto","background-attachment":"scroll","background-type":"","background-media":"","overlay-type":"","overlay-color":"","overlay-opacity":"","overlay-gradient":""}},"ast-content-background-meta":{"desktop":{"background-color":"var(--ast-global-color-5)","background-image":"","background-repeat":"repeat","background-position":"center center","background-size":"auto","background-attachment":"scroll","background-type":"","background-media":"","overlay-type":"","overlay-color":"","overlay-opacity":"","overlay-gradient":""},"tablet":{"background-color":"var(--ast-global-color-5)","background-image":"","background-repeat":"repeat","background-position":"center center","background-size":"auto","background-attachment":"scroll","background-type":"","background-media":"","overlay-type":"","overlay-color":"","overlay-opacity":"","overlay-gradient":""},"mobile":{"background-color":"var(--ast-global-color-5)","background-image":"","background-repeat":"repeat","background-position":"center center","background-size":"auto","background-attachment":"scroll","background-type":"","background-media":"","overlay-type":"","overlay-color":"","overlay-opacity":"","overlay-gradient":""}}},"product_brand":[],"product_cat":[143,140,142,15],"product_tag":[],"class_list":{"0":"post-724","1":"product","2":"type-product","3":"status-publish","4":"has-post-thumbnail","6":"product_cat-soiuri-timpurii-cherry","7":"product_cat-soiuri-romanesti","8":"product_cat-soiuri-rosii-roz","9":"product_cat-tomate-soi","10":"desktop-align-left","11":"tablet-align-left","12":"mobile-align-left","14":"first","15":"instock","16":"taxable","17":"shipping-taxable","18":"purchasable","19":"product-type-simple"},"_links":{"self":[{"href":"https:\/\/vivasem.ro\/index.php?rest_route=\/wp\/v2\/product\/724","targetHints":{"allow":["GET"]}}],"collection":[{"href":"https:\/\/vivasem.ro\/index.php?rest_route=\/wp\/v2\/product"}],"about":[{"href":"https:\/\/vivasem.ro\/index.php?rest_route=\/wp\/v2\/types\/product"}],"replies":[{"embeddable":true,"href":"https:\/\/vivasem.ro\/index.php?rest_route=%2Fwp%2Fv2%2Fcomments&post=724"}],"wp:featuredmedia":[{"embeddable":true,"href":"https:\/\/vivasem.ro\/index.php?rest_route=\/wp\/v2\/media\/2856"}],"wp:attachment":[{"href":"https:\/\/vivasem.ro\/index.php?rest_route=%2Fwp%2Fv2%2Fmedia&parent=724"}],"wp:term":[{"taxonomy":"product_brand","embeddable":true,"href":"https:\/\/vivasem.ro\/index.php?rest_route=%2Fwp%2Fv2%2Fproduct_brand&post=724"},{"taxonomy":"product_cat","embeddable":true,"href":"https:\/\/vivasem.ro\/index.php?rest_route=%2Fwp%2Fv2%2Fproduct_cat&post=724"},{"taxonomy":"product_tag","embeddable":true,"href":"https:\/\/vivasem.ro\/index.php?rest_route=%2Fwp%2Fv2%2Fproduct_tag&post=724"}],"curies":[{"name":"wp","href":"https:\/\/api.w.org\/{rel}","templated":true}]}}