{"id":7193,"date":"2022-03-22T21:06:51","date_gmt":"2022-03-22T19:06:51","guid":{"rendered":"https:\/\/vivasem.ro\/?post_type=product&#038;p=7193"},"modified":"2024-02-29T14:01:21","modified_gmt":"2024-02-29T12:01:21","slug":"varza-de-buzau-scdl-buzau","status":"publish","type":"product","link":"https:\/\/vivasem.ro\/?product=varza-de-buzau-scdl-buzau","title":{"rendered":"\u201e\u201eVARZ\u0102 DE TOAMN\u0102 DE BUZ\u0102U &#8211; SCDL BUZ\u0102U"},"content":{"rendered":"<h6><span style=\"color: #ff0000;\">VARZ\u0102\u00a0 DE TOAMN\u0102 DE BUZ\u0102U,<\/span><\/h6>\n<h6><span style=\"color: #ff0000;\">PRODUC\u0102TOR: <strong><u>STA\u021aIUNEA DE CERCETARE \u0218I DEZVOLTARE LEGUMICOL\u0102 BUZ\u0102U,<\/u><\/strong>SCDL BUZ\u0102U,<\/span><\/h6>\n<h6>FRUCTUL (c\u0103p\u0103\u0163\u00e2na)<br \/>\nGreutatea medie: 2-3.5kg<br \/>\nForma: oval\u2013u\u015for turtit\u0103<br \/>\nLungimea c\u0103p\u0103\u0163\u00e2nii scurte: 19.9 cm<br \/>\nDiametrul rozetei de frunze: 90-100 cm<br \/>\nDiametrul c\u0103p\u0103\u0163\u00e2nii mare: 23.5 cm<br \/>\nLungimea tulpinii interne: 7.5 cm<br \/>\nCuloarea: verde<br \/>\nIndice de form\u0103: 0.85<br \/>\nTIPUL DE PLANT\u0102<br \/>\nSoi: semit\u00e2rziu (90 zile de la plantat la maturitatea de consum)<br \/>\nVigoare: mare<br \/>\nToleran\u0163\u0103: buna la Fusarium oxysporum f. sp. conglutinans rasa1<br \/>\nPoten\u0163ial de produc\u0163ie: 65-80 t\/ha<br \/>\nOBSERVA\u0162II<br \/>\nSoi pretabil pentru industrializare (murat) \u015fi pentru consum \u00een stare proasp\u0103t\u0103 \u2013 ca salat\u0103 \u015fi preparat\u0103,<br \/>\ndatorit\u0103 gustului foarte pl\u0103cut \u015fi fine\u0163ii frunzelor.<\/h6>\n","protected":false},"excerpt":{"rendered":"<h6><span style=\"color: #0000ff;\">10 grame\/2000 SEMIN\u021aE<\/span><\/h6>\n<h6><img loading=\"lazy\" decoding=\"async\" class=\"alignnone wp-image-7098\" src=\"https:\/\/vivasem.ro\/wp-content\/uploads\/2021\/11\/RO-1-300x107.jpg\" alt=\"\" width=\"182\" height=\"65\" \/><\/h6>\n<h6><span style=\"color: #ff00ff;\">CEL MAI BUN SOI DE VARZ\u0102 PENTRU MURAT !<\/span><\/h6>\n","protected":false},"featured_media":7209,"comment_status":"open","ping_status":"closed","template":"","meta":{"site-sidebar-layout":"default","site-content-layout":"default","ast-site-content-layout":"default","site-content-style":"default","site-sidebar-style":"default","ast-global-header-display":"","ast-banner-title-visibility":"","ast-main-header-display":"","ast-hfb-above-header-display":"","ast-hfb-below-header-display":"","ast-hfb-mobile-header-display":"","site-post-title":"","ast-breadcrumbs-content":"","ast-featured-img":"","footer-sml-layout":"","ast-disable-related-posts":"","theme-transparent-header-meta":"default","adv-header-id-meta":"","stick-header-meta":"","header-above-stick-meta":"","header-main-stick-meta":"","header-below-stick-meta":"","astra-migrate-meta-layouts":"set","ast-page-background-enabled":"default","ast-page-background-meta":{"desktop":{"background-color":"var(--ast-global-color-4)","background-image":"","background-repeat":"repeat","background-position":"center center","background-size":"auto","background-attachment":"scroll","background-type":"","background-media":"","overlay-type":"","overlay-color":"","overlay-opacity":"","overlay-gradient":""},"tablet":{"background-color":"","background-image":"","background-repeat":"repeat","background-position":"center center","background-size":"auto","background-attachment":"scroll","background-type":"","background-media":"","overlay-type":"","overlay-color":"","overlay-opacity":"","overlay-gradient":""},"mobile":{"background-color":"","background-image":"","background-repeat":"repeat","background-position":"center center","background-size":"auto","background-attachment":"scroll","background-type":"","background-media":"","overlay-type":"","overlay-color":"","overlay-opacity":"","overlay-gradient":""}},"ast-content-background-meta":{"desktop":{"background-color":"var(--ast-global-color-5)","background-image":"","background-repeat":"repeat","background-position":"center center","background-size":"auto","background-attachment":"scroll","background-type":"","background-media":"","overlay-type":"","overlay-color":"","overlay-opacity":"","overlay-gradient":""},"tablet":{"background-color":"var(--ast-global-color-5)","background-image":"","background-repeat":"repeat","background-position":"center center","background-size":"auto","background-attachment":"scroll","background-type":"","background-media":"","overlay-type":"","overlay-color":"","overlay-opacity":"","overlay-gradient":""},"mobile":{"background-color":"var(--ast-global-color-5)","background-image":"","background-repeat":"repeat","background-position":"center center","background-size":"auto","background-attachment":"scroll","background-type":"","background-media":"","overlay-type":"","overlay-color":"","overlay-opacity":"","overlay-gradient":""}}},"product_brand":[],"product_cat":[148],"product_tag":[],"class_list":{"0":"post-7193","1":"product","2":"type-product","3":"status-publish","4":"has-post-thumbnail","6":"product_cat-10-varza-varza-kale","7":"desktop-align-left","8":"tablet-align-left","9":"mobile-align-left","11":"first","12":"outofstock","13":"taxable","14":"shipping-taxable","15":"purchasable","16":"product-type-simple"},"_links":{"self":[{"href":"https:\/\/vivasem.ro\/index.php?rest_route=\/wp\/v2\/product\/7193","targetHints":{"allow":["GET"]}}],"collection":[{"href":"https:\/\/vivasem.ro\/index.php?rest_route=\/wp\/v2\/product"}],"about":[{"href":"https:\/\/vivasem.ro\/index.php?rest_route=\/wp\/v2\/types\/product"}],"replies":[{"embeddable":true,"href":"https:\/\/vivasem.ro\/index.php?rest_route=%2Fwp%2Fv2%2Fcomments&post=7193"}],"wp:featuredmedia":[{"embeddable":true,"href":"https:\/\/vivasem.ro\/index.php?rest_route=\/wp\/v2\/media\/7209"}],"wp:attachment":[{"href":"https:\/\/vivasem.ro\/index.php?rest_route=%2Fwp%2Fv2%2Fmedia&parent=7193"}],"wp:term":[{"taxonomy":"product_brand","embeddable":true,"href":"https:\/\/vivasem.ro\/index.php?rest_route=%2Fwp%2Fv2%2Fproduct_brand&post=7193"},{"taxonomy":"product_cat","embeddable":true,"href":"https:\/\/vivasem.ro\/index.php?rest_route=%2Fwp%2Fv2%2Fproduct_cat&post=7193"},{"taxonomy":"product_tag","embeddable":true,"href":"https:\/\/vivasem.ro\/index.php?rest_route=%2Fwp%2Fv2%2Fproduct_tag&post=7193"}],"curies":[{"name":"wp","href":"https:\/\/api.w.org\/{rel}","templated":true}]}}