{"id":7191,"date":"2022-03-22T20:59:10","date_gmt":"2022-03-22T18:59:10","guid":{"rendered":"https:\/\/vivasem.ro\/?post_type=product&#038;p=7191"},"modified":"2024-04-05T10:37:55","modified_gmt":"2024-04-05T08:37:55","slug":"spanac-romanesc-buzau-scdl","status":"publish","type":"product","link":"https:\/\/vivasem.ro\/?product=spanac-romanesc-buzau-scdl","title":{"rendered":"\u201e\u201eSPANAC ROM\u00c2NESC-BUZ\u0102U SCDL (100g)"},"content":{"rendered":"<h6><span style=\"color: #ff0000;\">SPANAC SOIUL : ROM\u00c2NESC\u00a0 \u00a0 \u00a0 <a href=\"https:\/\/vivasem.ro\/wp-content\/uploads\/2022\/03\/SCDL.jpg\"><img loading=\"lazy\" decoding=\"async\" class=\"alignnone wp-image-10628\" src=\"https:\/\/vivasem.ro\/wp-content\/uploads\/2022\/03\/SCDL-300x297.jpg\" alt=\"\" width=\"92\" height=\"91\" srcset=\"https:\/\/vivasem.ro\/wp-content\/uploads\/2022\/03\/SCDL-300x297.jpg 300w, https:\/\/vivasem.ro\/wp-content\/uploads\/2022\/03\/SCDL-248x246.jpg 248w, https:\/\/vivasem.ro\/wp-content\/uploads\/2022\/03\/SCDL-100x100.jpg 100w, https:\/\/vivasem.ro\/wp-content\/uploads\/2022\/03\/SCDL-590x585.jpg 590w, https:\/\/vivasem.ro\/wp-content\/uploads\/2022\/03\/SCDL-150x150.jpg 150w, https:\/\/vivasem.ro\/wp-content\/uploads\/2022\/03\/SCDL.jpg 645w\" sizes=\"auto, (max-width: 92px) 100vw, 92px\" \/><\/a><\/span><\/h6>\n<h6><span style=\"color: #ff0000;\"><strong><u>Produc\u0103tor :Sta\u021biunea de Cercetare \u0219i Dezvoltare Legumicol\u0103 BUZ\u0102U,<\/u><\/strong><\/span><\/h6>\n<h6>TIPUL DE PLANT\u0102<br \/>\nSoi: semitimpuriu<br \/>\nCuloare rozet\u0103 de frunze: verde mediu lucios<br \/>\nToleran\u0163\u0103: buna la Peronospora spinaciae<br \/>\n<span style=\"color: #0000ff;\">Poten\u0163ial de produc\u0163ie: 15 \u2013 20 t\/ha<\/span><br \/>\nOBSERVA\u0162II<br \/>\nDestinat culturii \u00een c\u00e2mp, ser\u0103, solarii. Pentru consum \u00een stare proasp\u0103t\u0103 \u015fi industrializare.<\/h6>\n<h6>Se consuma in stare proaspata sau conservate.<\/h6>\n<p>Sunt 90 seminte\/gram<\/p>\n","protected":false},"excerpt":{"rendered":"<h6><span style=\"color: #0000ff;\">100 grame\/9000 SEMIN\u021aE<\/span><\/h6>\n<p><img loading=\"lazy\" decoding=\"async\" class=\"alignnone wp-image-7098\" src=\"https:\/\/vivasem.ro\/wp-content\/uploads\/2021\/11\/RO-1-300x107.jpg\" alt=\"\" width=\"182\" height=\"65\" \/><\/p>\n","protected":false},"featured_media":7210,"comment_status":"open","ping_status":"closed","template":"","meta":{"site-sidebar-layout":"default","site-content-layout":"default","ast-site-content-layout":"default","site-content-style":"default","site-sidebar-style":"default","ast-global-header-display":"","ast-banner-title-visibility":"","ast-main-header-display":"","ast-hfb-above-header-display":"","ast-hfb-below-header-display":"","ast-hfb-mobile-header-display":"","site-post-title":"","ast-breadcrumbs-content":"","ast-featured-img":"","footer-sml-layout":"","ast-disable-related-posts":"","theme-transparent-header-meta":"default","adv-header-id-meta":"","stick-header-meta":"","header-above-stick-meta":"","header-main-stick-meta":"","header-below-stick-meta":"","astra-migrate-meta-layouts":"set","ast-page-background-enabled":"default","ast-page-background-meta":{"desktop":{"background-color":"var(--ast-global-color-4)","background-image":"","background-repeat":"repeat","background-position":"center center","background-size":"auto","background-attachment":"scroll","background-type":"","background-media":"","overlay-type":"","overlay-color":"","overlay-opacity":"","overlay-gradient":""},"tablet":{"background-color":"","background-image":"","background-repeat":"repeat","background-position":"center center","background-size":"auto","background-attachment":"scroll","background-type":"","background-media":"","overlay-type":"","overlay-color":"","overlay-opacity":"","overlay-gradient":""},"mobile":{"background-color":"","background-image":"","background-repeat":"repeat","background-position":"center center","background-size":"auto","background-attachment":"scroll","background-type":"","background-media":"","overlay-type":"","overlay-color":"","overlay-opacity":"","overlay-gradient":""}},"ast-content-background-meta":{"desktop":{"background-color":"var(--ast-global-color-5)","background-image":"","background-repeat":"repeat","background-position":"center center","background-size":"auto","background-attachment":"scroll","background-type":"","background-media":"","overlay-type":"","overlay-color":"","overlay-opacity":"","overlay-gradient":""},"tablet":{"background-color":"var(--ast-global-color-5)","background-image":"","background-repeat":"repeat","background-position":"center center","background-size":"auto","background-attachment":"scroll","background-type":"","background-media":"","overlay-type":"","overlay-color":"","overlay-opacity":"","overlay-gradient":""},"mobile":{"background-color":"var(--ast-global-color-5)","background-image":"","background-repeat":"repeat","background-position":"center center","background-size":"auto","background-attachment":"scroll","background-type":"","background-media":"","overlay-type":"","overlay-color":"","overlay-opacity":"","overlay-gradient":""}}},"product_brand":[],"product_cat":[114],"product_tag":[],"class_list":{"0":"post-7191","1":"product","2":"type-product","3":"status-publish","4":"has-post-thumbnail","6":"product_cat-spanac","7":"desktop-align-left","8":"tablet-align-left","9":"mobile-align-left","11":"first","12":"outofstock","13":"taxable","14":"shipping-taxable","15":"purchasable","16":"product-type-simple"},"_links":{"self":[{"href":"https:\/\/vivasem.ro\/index.php?rest_route=\/wp\/v2\/product\/7191","targetHints":{"allow":["GET"]}}],"collection":[{"href":"https:\/\/vivasem.ro\/index.php?rest_route=\/wp\/v2\/product"}],"about":[{"href":"https:\/\/vivasem.ro\/index.php?rest_route=\/wp\/v2\/types\/product"}],"replies":[{"embeddable":true,"href":"https:\/\/vivasem.ro\/index.php?rest_route=%2Fwp%2Fv2%2Fcomments&post=7191"}],"wp:featuredmedia":[{"embeddable":true,"href":"https:\/\/vivasem.ro\/index.php?rest_route=\/wp\/v2\/media\/7210"}],"wp:attachment":[{"href":"https:\/\/vivasem.ro\/index.php?rest_route=%2Fwp%2Fv2%2Fmedia&parent=7191"}],"wp:term":[{"taxonomy":"product_brand","embeddable":true,"href":"https:\/\/vivasem.ro\/index.php?rest_route=%2Fwp%2Fv2%2Fproduct_brand&post=7191"},{"taxonomy":"product_cat","embeddable":true,"href":"https:\/\/vivasem.ro\/index.php?rest_route=%2Fwp%2Fv2%2Fproduct_cat&post=7191"},{"taxonomy":"product_tag","embeddable":true,"href":"https:\/\/vivasem.ro\/index.php?rest_route=%2Fwp%2Fv2%2Fproduct_tag&post=7191"}],"curies":[{"name":"wp","href":"https:\/\/api.w.org\/{rel}","templated":true}]}}