{"id":7187,"date":"2022-03-22T20:37:08","date_gmt":"2022-03-22T18:37:08","guid":{"rendered":"https:\/\/vivasem.ro\/?post_type=product&#038;p=7187"},"modified":"2023-03-13T17:53:25","modified_gmt":"2023-03-13T15:53:25","slug":"leustean-topaz-buzau-scdl-5g","status":"publish","type":"product","link":"https:\/\/vivasem.ro\/?product=leustean-topaz-buzau-scdl-5g","title":{"rendered":"LEUSTEAN TOPAZ-BUZ\u0102U SCDL (5g)"},"content":{"rendered":"<h6><span style=\"color: #ff6600;\"><strong><u>LEUSTEAN TOPAZ -Produc\u0103tor SCDL BUZ\u0102U,<\/u><\/strong><\/span><\/h6>\n<h6><strong>SOI FOARTE PARFUMAT, SPECIFIC ROM\u00c2NESC, MULT FOLOSIT \u00ceN BUC\u0102T\u0102RIE LA AROMATIZAREA CIORBELOR, DAR \u0218I A ALTOR PREPARATE CULINARE.<\/strong><\/h6>\n<h6><strong>U\u0218OR DE CULTIVAT, \u00ceN GR\u0102DIN\u0102 ,IAR\u00a0 \u00ceN GHIVECE, SE CULTIV\u0102 CU EXCELENTE REZULTATE, \u00ceN SPECIAL \u00ceN ANOTIMPUL RECE.<\/strong><\/h6>\n<div class=\"woocommerce-tabs wc-tabs-wrapper\">\n<div id=\"tab-description\" class=\"woocommerce-Tabs-panel woocommerce-Tabs-panel--description panel entry-content wc-tab\" role=\"tabpanel\" aria-labelledby=\"tab-title-description\">\n<div id=\"tab-description\" class=\"tab-content\">\n<h6>PLANTA PERENA CU CRESTERE VIGUROASA,INALTIME 100-150 CM, FRUNZE NETEDE SI LUCIOASE DE CULOARE VERDE-INCHIS.<\/h6>\n<h6>FLORILE MICI, GALBENE ,GRUPATE IN INFLORESCENTA.<\/h6>\n<h6>Leusteanul este o planta perena\u00a0cu crestere viguroasa, cu pretentii moderate fata de sol.<\/h6>\n<h6>FRUNZELE SE UTILIZEAZA IN AROMATIZAREA PREPARATELOR CULINARE.<\/h6>\n<h6>RADACINILE SE FOLOSESC IN PREPARAREA UNOR MEDICAMENTE.<\/h6>\n<h6>ULEIUL (ESENTA) DE LEUSTEAN ARE ACTIUNE DIURETICA SI HIPOTENSIVA.<\/h6>\n<h6>\u00a0CEAIUL DIN S\u0102MANTA SE UTILIZEAZA IN BOLILE DE STOMAC, IAR DECOCTUL ARE EFECT DIURETIC.<\/h6>\n<h6>SEMANATUL SE FACE IN AUGUST IN RASADNITE.<\/h6>\n<h6>RASARIREA ARE LOC IN APROX. 20 ZILE.<\/h6>\n<h6>PLANTAREA EFECTIVA DE FACE IN PRIMAVARA URMATOARE LA DISTANTA DE 50-60 CM IN TOATE SENSURILE.<\/h6>\n<h6>CULTURA POATE DURA MAI MULTI ANI DACA ESTE BINE INGRIJITA.<\/h6>\n<h6>LA INCEPUTUL IERNII PLANTA VA FI TAIATA LA CCA 10 CM DE SOL.<\/h6>\n<\/div>\n<div id=\"carousel-824239285\" class=\"carousel-75 box journal-carousel carousel-product bullets-on arrows-top \">\n<div>\n<h6 class=\"htabs box-heading \"><span style=\"font-size: 1.1em; font-weight: bold;\">Se consuma in stare proaspata ,<\/span><span style=\"font-size: 1.1em; font-weight: bold;\">din luna mai, p\u00e2na \u00een octombrie <\/span><span style=\"font-size: 1.1em; font-weight: bold;\">sau conservat .<\/span><\/h6>\n<h6 class=\"htabs box-heading \">Seminte\/gram: 200-250.<\/h6>\n<\/div>\n<\/div>\n<\/div>\n<\/div>\n","protected":false},"excerpt":{"rendered":"<h6><span style=\"color: #0000ff;\">5 grame\/ 1100 SEMIN\u021aE<\/span><\/h6>\n<p><img loading=\"lazy\" decoding=\"async\" class=\"alignnone wp-image-7098\" src=\"https:\/\/vivasem.ro\/wp-content\/uploads\/2021\/11\/RO-1-300x107.jpg\" alt=\"\" width=\"182\" height=\"65\" \/><\/p>\n","protected":false},"featured_media":7226,"comment_status":"open","ping_status":"closed","template":"","meta":{"site-sidebar-layout":"default","site-content-layout":"default","ast-site-content-layout":"default","site-content-style":"default","site-sidebar-style":"default","ast-global-header-display":"","ast-banner-title-visibility":"","ast-main-header-display":"","ast-hfb-above-header-display":"","ast-hfb-below-header-display":"","ast-hfb-mobile-header-display":"","site-post-title":"","ast-breadcrumbs-content":"","ast-featured-img":"","footer-sml-layout":"","ast-disable-related-posts":"","theme-transparent-header-meta":"default","adv-header-id-meta":"","stick-header-meta":"","header-above-stick-meta":"","header-main-stick-meta":"","header-below-stick-meta":"","astra-migrate-meta-layouts":"default","ast-page-background-enabled":"default","ast-page-background-meta":{"desktop":{"background-color":"var(--ast-global-color-4)","background-image":"","background-repeat":"repeat","background-position":"center center","background-size":"auto","background-attachment":"scroll","background-type":"","background-media":"","overlay-type":"","overlay-color":"","overlay-opacity":"","overlay-gradient":""},"tablet":{"background-color":"","background-image":"","background-repeat":"repeat","background-position":"center center","background-size":"auto","background-attachment":"scroll","background-type":"","background-media":"","overlay-type":"","overlay-color":"","overlay-opacity":"","overlay-gradient":""},"mobile":{"background-color":"","background-image":"","background-repeat":"repeat","background-position":"center center","background-size":"auto","background-attachment":"scroll","background-type":"","background-media":"","overlay-type":"","overlay-color":"","overlay-opacity":"","overlay-gradient":""}},"ast-content-background-meta":{"desktop":{"background-color":"var(--ast-global-color-5)","background-image":"","background-repeat":"repeat","background-position":"center center","background-size":"auto","background-attachment":"scroll","background-type":"","background-media":"","overlay-type":"","overlay-color":"","overlay-opacity":"","overlay-gradient":""},"tablet":{"background-color":"var(--ast-global-color-5)","background-image":"","background-repeat":"repeat","background-position":"center center","background-size":"auto","background-attachment":"scroll","background-type":"","background-media":"","overlay-type":"","overlay-color":"","overlay-opacity":"","overlay-gradient":""},"mobile":{"background-color":"var(--ast-global-color-5)","background-image":"","background-repeat":"repeat","background-position":"center center","background-size":"auto","background-attachment":"scroll","background-type":"","background-media":"","overlay-type":"","overlay-color":"","overlay-opacity":"","overlay-gradient":""}}},"product_brand":[],"product_cat":[149],"product_tag":[],"class_list":{"0":"post-7187","1":"product","2":"type-product","3":"status-publish","4":"has-post-thumbnail","6":"product_cat-33-produse-epuizate","7":"desktop-align-left","8":"tablet-align-left","9":"mobile-align-left","11":"first","12":"outofstock","13":"taxable","14":"shipping-taxable","15":"purchasable","16":"product-type-simple"},"_links":{"self":[{"href":"https:\/\/vivasem.ro\/index.php?rest_route=\/wp\/v2\/product\/7187","targetHints":{"allow":["GET"]}}],"collection":[{"href":"https:\/\/vivasem.ro\/index.php?rest_route=\/wp\/v2\/product"}],"about":[{"href":"https:\/\/vivasem.ro\/index.php?rest_route=\/wp\/v2\/types\/product"}],"replies":[{"embeddable":true,"href":"https:\/\/vivasem.ro\/index.php?rest_route=%2Fwp%2Fv2%2Fcomments&post=7187"}],"wp:featuredmedia":[{"embeddable":true,"href":"https:\/\/vivasem.ro\/index.php?rest_route=\/wp\/v2\/media\/7226"}],"wp:attachment":[{"href":"https:\/\/vivasem.ro\/index.php?rest_route=%2Fwp%2Fv2%2Fmedia&parent=7187"}],"wp:term":[{"taxonomy":"product_brand","embeddable":true,"href":"https:\/\/vivasem.ro\/index.php?rest_route=%2Fwp%2Fv2%2Fproduct_brand&post=7187"},{"taxonomy":"product_cat","embeddable":true,"href":"https:\/\/vivasem.ro\/index.php?rest_route=%2Fwp%2Fv2%2Fproduct_cat&post=7187"},{"taxonomy":"product_tag","embeddable":true,"href":"https:\/\/vivasem.ro\/index.php?rest_route=%2Fwp%2Fv2%2Fproduct_tag&post=7187"}],"curies":[{"name":"wp","href":"https:\/\/api.w.org\/{rel}","templated":true}]}}