{"id":7185,"date":"2022-03-22T20:24:43","date_gmt":"2022-03-22T18:24:43","guid":{"rendered":"https:\/\/vivasem.ro\/?post_type=product&#038;p=7185"},"modified":"2024-04-06T07:47:55","modified_gmt":"2024-04-06T05:47:55","slug":"dovlecei-happy-buzau-scdl","status":"publish","type":"product","link":"https:\/\/vivasem.ro\/?product=dovlecei-happy-buzau-scdl","title":{"rendered":"\u201e\u201eDOVLECEI HAPPY"},"content":{"rendered":"<h6><span style=\"color: #ff0000;\"><strong><u>DOVLECEI HAPPY -Agrosem Tg. Mure\u0219,<\/u><\/strong><\/span><\/h6>\n<h6><span style=\"color: #ff0000;\"><strong><u>Produc\u0103tor semin\u021be ; SCDL BUZ\u0102U,<\/u><\/strong><\/span><\/h6>\n<h6>DOVLECEL F\u0102R\u0102 VREJ \u2013 Cucurbita pepo \u2013 HAPY<br \/>\nOrigine: ob\u0163inut la SCDL Buz\u0103u<br \/>\nAn omologare: 2007<\/h6>\n<h6>Productivitate ridicat\u0103, poten\u0163ial de produc\u0163ie: 5-10 t\/ha<\/h6>\n<h6>FRUCTUL<br \/>\nGreutatea medie: 225 g<br \/>\nForma: melonid\u0103 cilindric\u0103<br \/>\nLungime: 15-20 cm<br \/>\nDiametru: 4-6 cm<\/h6>\n<h6><strong><em>Pulpa este alb\u0103, consistent\u0103<\/em><\/strong><\/h6>\n<h6>Culoarea la maturitatea de consum: verde deschis spre alb<br \/>\nCuloarea la maturitatea fiziologic\u0103: galben-portocaliu<\/h6>\n<h6>Pentru consum \u00een stare proasp\u0103t\u0103 \u015fi industrializare.<\/h6>\n<h6>TIPUL DE PLANT\u0102<br \/>\nSoi: semitimpuriu (60-70 zile)<br \/>\nTip de cre\u015ftere: semit\u00e2r\u00e2tor<br \/>\nVigoare: medie<br \/>\nToleran\u0163\u0103:\u00a0 mic\u0103 la Sphaerotheca fuliginea \u015fi la d\u0103un\u0103tori<\/h6>\n<ul>\n<li>\n<table border=\"1\" cellspacing=\"1\" cellpadding=\"1\" align=\"center\">\n<tbody>\n<tr>\n<td rowspan=\"2\"><em><strong>Semanare in camp<\/strong><\/em><\/td>\n<td rowspan=\"2\"><em><strong>Semanare in rasadnita<\/strong><\/em><\/td>\n<td rowspan=\"2\"><em><strong>Repicare<\/strong><\/em><\/td>\n<td rowspan=\"2\"><em><strong>Rarire<\/strong><\/em><\/td>\n<td rowspan=\"2\"><em><strong>Recoltare<\/strong><\/em><\/td>\n<td rowspan=\"2\"><em><strong>Distanta intre randuri<\/strong><\/em><\/td>\n<td rowspan=\"2\"><em><strong>Distanta intre plante<\/strong><\/em><\/td>\n<td colspan=\"2\"><strong><em>Temperatura de germinare<\/em><\/strong><\/td>\n<\/tr>\n<tr>\n<td><em><strong>minima<\/strong><\/em><\/td>\n<td><em><strong>maxima<\/strong><\/em><\/td>\n<\/tr>\n<tr>\n<td><em><strong>martie-iulie<\/strong><\/em><\/td>\n<td><em><strong>februarie-iunie<\/strong><\/em><\/td>\n<td><em><strong>martie-iulie<\/strong><\/em><\/td>\n<td><strong><em>aprilie-august<\/em><\/strong><\/td>\n<td><strong><em>iulie-octombrie<\/em><\/strong><\/td>\n<td><em><strong>70 cm<\/strong><\/em><\/td>\n<td><em><strong>50 cm<\/strong><\/em><\/td>\n<td><em><strong>15\u00b0<\/strong><\/em><\/td>\n<td><em><strong>35\u00b0<\/strong><\/em><\/td>\n<\/tr>\n<\/tbody>\n<\/table>\n<\/li>\n<\/ul>\n<h6><\/h6>\n<h6>Se consuma in stare proaspata sau conserva\u021bi.<\/h6>\n","protected":false},"excerpt":{"rendered":"<h6><span style=\"color: #0000ff;\">1,5 grame\/10 SEMIN\u021aE<\/span><\/h6>\n<p><img loading=\"lazy\" decoding=\"async\" class=\"alignnone wp-image-7098\" src=\"https:\/\/vivasem.ro\/wp-content\/uploads\/2021\/11\/RO-1-300x107.jpg\" alt=\"\" width=\"182\" height=\"65\" \/><\/p>\n","protected":false},"featured_media":9172,"comment_status":"open","ping_status":"closed","template":"","meta":{"site-sidebar-layout":"default","site-content-layout":"default","ast-site-content-layout":"default","site-content-style":"default","site-sidebar-style":"default","ast-global-header-display":"","ast-banner-title-visibility":"","ast-main-header-display":"","ast-hfb-above-header-display":"","ast-hfb-below-header-display":"","ast-hfb-mobile-header-display":"","site-post-title":"","ast-breadcrumbs-content":"","ast-featured-img":"","footer-sml-layout":"","ast-disable-related-posts":"","theme-transparent-header-meta":"default","adv-header-id-meta":"","stick-header-meta":"","header-above-stick-meta":"","header-main-stick-meta":"","header-below-stick-meta":"","astra-migrate-meta-layouts":"set","ast-page-background-enabled":"default","ast-page-background-meta":{"desktop":{"background-color":"var(--ast-global-color-4)","background-image":"","background-repeat":"repeat","background-position":"center center","background-size":"auto","background-attachment":"scroll","background-type":"","background-media":"","overlay-type":"","overlay-color":"","overlay-opacity":"","overlay-gradient":""},"tablet":{"background-color":"","background-image":"","background-repeat":"repeat","background-position":"center center","background-size":"auto","background-attachment":"scroll","background-type":"","background-media":"","overlay-type":"","overlay-color":"","overlay-opacity":"","overlay-gradient":""},"mobile":{"background-color":"","background-image":"","background-repeat":"repeat","background-position":"center center","background-size":"auto","background-attachment":"scroll","background-type":"","background-media":"","overlay-type":"","overlay-color":"","overlay-opacity":"","overlay-gradient":""}},"ast-content-background-meta":{"desktop":{"background-color":"var(--ast-global-color-5)","background-image":"","background-repeat":"repeat","background-position":"center center","background-size":"auto","background-attachment":"scroll","background-type":"","background-media":"","overlay-type":"","overlay-color":"","overlay-opacity":"","overlay-gradient":""},"tablet":{"background-color":"var(--ast-global-color-5)","background-image":"","background-repeat":"repeat","background-position":"center center","background-size":"auto","background-attachment":"scroll","background-type":"","background-media":"","overlay-type":"","overlay-color":"","overlay-opacity":"","overlay-gradient":""},"mobile":{"background-color":"var(--ast-global-color-5)","background-image":"","background-repeat":"repeat","background-position":"center center","background-size":"auto","background-attachment":"scroll","background-type":"","background-media":"","overlay-type":"","overlay-color":"","overlay-opacity":"","overlay-gradient":""}}},"product_brand":[],"product_cat":[87],"product_tag":[],"class_list":{"0":"post-7185","1":"product","2":"type-product","3":"status-publish","4":"has-post-thumbnail","6":"product_cat-dovlecei","7":"desktop-align-left","8":"tablet-align-left","9":"mobile-align-left","11":"first","12":"outofstock","13":"taxable","14":"shipping-taxable","15":"purchasable","16":"product-type-simple"},"_links":{"self":[{"href":"https:\/\/vivasem.ro\/index.php?rest_route=\/wp\/v2\/product\/7185","targetHints":{"allow":["GET"]}}],"collection":[{"href":"https:\/\/vivasem.ro\/index.php?rest_route=\/wp\/v2\/product"}],"about":[{"href":"https:\/\/vivasem.ro\/index.php?rest_route=\/wp\/v2\/types\/product"}],"replies":[{"embeddable":true,"href":"https:\/\/vivasem.ro\/index.php?rest_route=%2Fwp%2Fv2%2Fcomments&post=7185"}],"wp:featuredmedia":[{"embeddable":true,"href":"https:\/\/vivasem.ro\/index.php?rest_route=\/wp\/v2\/media\/9172"}],"wp:attachment":[{"href":"https:\/\/vivasem.ro\/index.php?rest_route=%2Fwp%2Fv2%2Fmedia&parent=7185"}],"wp:term":[{"taxonomy":"product_brand","embeddable":true,"href":"https:\/\/vivasem.ro\/index.php?rest_route=%2Fwp%2Fv2%2Fproduct_brand&post=7185"},{"taxonomy":"product_cat","embeddable":true,"href":"https:\/\/vivasem.ro\/index.php?rest_route=%2Fwp%2Fv2%2Fproduct_cat&post=7185"},{"taxonomy":"product_tag","embeddable":true,"href":"https:\/\/vivasem.ro\/index.php?rest_route=%2Fwp%2Fv2%2Fproduct_tag&post=7185"}],"curies":[{"name":"wp","href":"https:\/\/api.w.org\/{rel}","templated":true}]}}