{"id":7183,"date":"2022-03-22T20:11:49","date_gmt":"2022-03-22T18:11:49","guid":{"rendered":"https:\/\/vivasem.ro\/?post_type=product&#038;p=7183"},"modified":"2024-03-02T08:23:47","modified_gmt":"2024-03-02T06:23:47","slug":"cimbru-mircea-buzau-scdl","status":"publish","type":"product","link":"https:\/\/vivasem.ro\/?product=cimbru-mircea-buzau-scdl","title":{"rendered":"\u201e\u201eCIMBRU MIRCEA-BUZ\u0102U SCDL"},"content":{"rendered":"<h6><span style=\"color: #ff6600;\"><strong><u>CIMBRU MIRCEA-Produc\u0103tor SCDL BUZ\u0102U,<\/u><\/strong><\/span><\/h6>\n<h6>CIMBRUL ESTE PLANTA MEDICINAL\u0102 \u0218I CONDIMENT,<strong>MULT FOLOSIT \u00ceN BUC\u0102T\u0102RIE LA AROMATIZAREA DIVERSELOR PREPARATE CULINARE \u0218I A MUR\u0102TURILOR.<\/strong><\/h6>\n<h6>UN CONDIMENT PERFECT PENTRU SUPE CREME, CARNE, BR\u00c2NZETURI,VARZ\u0102 MURAT\u0102.<\/h6>\n<h6>PARTEA AERIAN\u0102 CON\u021aINE PANA LA 2,5% ULEI ETERIC, CARE IMPRIMA PLANTEI O AROM\u0102 FOARTE PLACUT\u0102.<\/h6>\n<h6>AJUT\u0102 LA AMELIORAREA CRAMPELOR ABDOMINALE SI A NEVRALGIILOR.<\/h6>\n<h6>PLANTA PERENA CARE CRESTE CCA. 40 CM .<\/h6>\n<h6>METODA PLANTARE: SE INSAMANTEAZA IN RASADNITE IN LUNA APRILIE, IAR IN SOL IN MAI.<\/h6>\n<h6>TERENUL PE CARE SE CULTIVA CIMBRUL TREBUIE ABUNDENT INGRASAT CU GUNOI DE GRAJD LA INFIINTAREA PLANTATIEI (SUB ARATURA ADINCA, 40\u201460 T\/HA).<\/h6>\n<h6>O DATA CU GUNOIUL DE GRAJD SE ADMINISTREAZA SI INGRASAMINTE COMPLEXE.<\/h6>\n<p><strong>U\u0218OR DE CULTIVAT, \u00ceN GR\u0102DIN\u0102 , DAR \u0218I \u00ceN GHIVECE.<\/strong><\/p>\n<h6>700-900 SEMINTE \/ GRAM<\/h6>\n","protected":false},"excerpt":{"rendered":"<h6><span style=\"color: #0000ff;\">5 grame\/4000 SEMIN\u021aE\/ 11 LEI<\/span><\/h6>\n<p><img loading=\"lazy\" decoding=\"async\" class=\"alignnone wp-image-7098\" src=\"https:\/\/vivasem.ro\/wp-content\/uploads\/2021\/11\/RO-1-300x107.jpg\" alt=\"\" width=\"182\" height=\"65\" \/><\/p>\n","protected":false},"featured_media":10523,"comment_status":"open","ping_status":"closed","template":"","meta":{"site-sidebar-layout":"default","site-content-layout":"default","ast-site-content-layout":"default","site-content-style":"default","site-sidebar-style":"default","ast-global-header-display":"","ast-banner-title-visibility":"","ast-main-header-display":"","ast-hfb-above-header-display":"","ast-hfb-below-header-display":"","ast-hfb-mobile-header-display":"","site-post-title":"","ast-breadcrumbs-content":"","ast-featured-img":"","footer-sml-layout":"","ast-disable-related-posts":"","theme-transparent-header-meta":"default","adv-header-id-meta":"","stick-header-meta":"","header-above-stick-meta":"","header-main-stick-meta":"","header-below-stick-meta":"","astra-migrate-meta-layouts":"set","ast-page-background-enabled":"default","ast-page-background-meta":{"desktop":{"background-color":"var(--ast-global-color-4)","background-image":"","background-repeat":"repeat","background-position":"center center","background-size":"auto","background-attachment":"scroll","background-type":"","background-media":"","overlay-type":"","overlay-color":"","overlay-opacity":"","overlay-gradient":""},"tablet":{"background-color":"","background-image":"","background-repeat":"repeat","background-position":"center center","background-size":"auto","background-attachment":"scroll","background-type":"","background-media":"","overlay-type":"","overlay-color":"","overlay-opacity":"","overlay-gradient":""},"mobile":{"background-color":"","background-image":"","background-repeat":"repeat","background-position":"center center","background-size":"auto","background-attachment":"scroll","background-type":"","background-media":"","overlay-type":"","overlay-color":"","overlay-opacity":"","overlay-gradient":""}},"ast-content-background-meta":{"desktop":{"background-color":"var(--ast-global-color-5)","background-image":"","background-repeat":"repeat","background-position":"center center","background-size":"auto","background-attachment":"scroll","background-type":"","background-media":"","overlay-type":"","overlay-color":"","overlay-opacity":"","overlay-gradient":""},"tablet":{"background-color":"var(--ast-global-color-5)","background-image":"","background-repeat":"repeat","background-position":"center center","background-size":"auto","background-attachment":"scroll","background-type":"","background-media":"","overlay-type":"","overlay-color":"","overlay-opacity":"","overlay-gradient":""},"mobile":{"background-color":"var(--ast-global-color-5)","background-image":"","background-repeat":"repeat","background-position":"center center","background-size":"auto","background-attachment":"scroll","background-type":"","background-media":"","overlay-type":"","overlay-color":"","overlay-opacity":"","overlay-gradient":""}}},"product_brand":[],"product_cat":[90],"product_tag":[],"class_list":{"0":"post-7183","1":"product","2":"type-product","3":"status-publish","4":"has-post-thumbnail","6":"product_cat-plante-aromatice","7":"desktop-align-left","8":"tablet-align-left","9":"mobile-align-left","11":"first","12":"outofstock","13":"taxable","14":"shipping-taxable","15":"purchasable","16":"product-type-simple"},"_links":{"self":[{"href":"https:\/\/vivasem.ro\/index.php?rest_route=\/wp\/v2\/product\/7183","targetHints":{"allow":["GET"]}}],"collection":[{"href":"https:\/\/vivasem.ro\/index.php?rest_route=\/wp\/v2\/product"}],"about":[{"href":"https:\/\/vivasem.ro\/index.php?rest_route=\/wp\/v2\/types\/product"}],"replies":[{"embeddable":true,"href":"https:\/\/vivasem.ro\/index.php?rest_route=%2Fwp%2Fv2%2Fcomments&post=7183"}],"wp:featuredmedia":[{"embeddable":true,"href":"https:\/\/vivasem.ro\/index.php?rest_route=\/wp\/v2\/media\/10523"}],"wp:attachment":[{"href":"https:\/\/vivasem.ro\/index.php?rest_route=%2Fwp%2Fv2%2Fmedia&parent=7183"}],"wp:term":[{"taxonomy":"product_brand","embeddable":true,"href":"https:\/\/vivasem.ro\/index.php?rest_route=%2Fwp%2Fv2%2Fproduct_brand&post=7183"},{"taxonomy":"product_cat","embeddable":true,"href":"https:\/\/vivasem.ro\/index.php?rest_route=%2Fwp%2Fv2%2Fproduct_cat&post=7183"},{"taxonomy":"product_tag","embeddable":true,"href":"https:\/\/vivasem.ro\/index.php?rest_route=%2Fwp%2Fv2%2Fproduct_tag&post=7183"}],"curies":[{"name":"wp","href":"https:\/\/api.w.org\/{rel}","templated":true}]}}