{"id":7182,"date":"2022-03-22T20:08:59","date_gmt":"2022-03-22T18:08:59","guid":{"rendered":"https:\/\/vivasem.ro\/?post_type=product&#038;p=7182"},"modified":"2024-01-31T02:57:51","modified_gmt":"2024-01-31T00:57:51","slug":"ardei-iute-vladimir-buzau-scdl","status":"publish","type":"product","link":"https:\/\/vivasem.ro\/?product=ardei-iute-vladimir-buzau-scdl","title":{"rendered":"\u201e\u201eARDEI IUTE VLADIMIR-BUZ\u0102U SCDL (50s)"},"content":{"rendered":"<h6><span style=\"color: #ff6600;\"><strong><u>ARDEI IUTE VLADIMIR -Produc\u0103tor SCDL BUZ\u0102U,<\/u><\/strong><\/span><\/h6>\n<h6>Cercet\u0103rile \u00eentreprinse \u00een cadrul sta\u0163iunii au relevat faptul c\u0103 acest soi este pu\u0163in preten\u0163ios fa\u0163\u0103 de condi\u0163iile ecologice \u015fi nu necesit\u0103 lucr\u0103ri speciale de \u00eentre\u0163inere.<\/h6>\n<h6>Dac\u0103 este cultivat \u00een spa\u0163ii protejate necesit\u0103 palisare.<\/h6>\n<h6>Planta are o vigoare medie, cu o \u00een\u0103l\u0163ime de 186.3 cm \u00een ser\u0103 \u015fi 65.8 cm \u00een c\u00e2mp, iar diametrul mediu al tufei este de 36.8 cm \u00een ser\u0103, respectiv 52.1 cm \u00een c\u00e2mp.<\/h6>\n<h6>Foliajul este bogat \u015fi are o culoare verde intens\u0103.<\/h6>\n<h6>Soiul de ardei iute este unul semitimpuriu, cu un interval de 90 zile de la r\u0103s\u0103rit la prima recoltare \u015fi<span style=\"color: #0000ff;\"> prezint\u0103 un num\u0103r mediu de fructe pe plant\u0103: 102 \u00een ser\u0103 \u015fi 142 \u00een c\u00e2mp. <\/span><\/h6>\n<h6>Fructele au aspectul unor pendule, de form\u0103 \u00eengust triunghiular\u0103 \u015fi prezint\u0103 dou\u0103 loji seminale.<\/h6>\n<h6><span style=\"color: #0000ff;\">Acestea au o lungime medie de 9.2 cm \u00een ser\u0103 \u015fi 10.3 cm \u00een c\u00e2mp \u015fi diametrul bazal de 1.4 \u2013 1.7 cm.<\/span><\/h6>\n<h6>Greutatea medie a fructului este de 9.4 g \u00een ser\u0103 \u015fi 12.2 g \u00een c\u00e2mp, iar grosimea medie a pulpei este de 0.2 mm.<\/h6>\n<h6>Fructul are un pericarp gros, aspect, gust \u015fi arom\u0103 pl\u0103cute, este picant.<\/h6>\n<h6>La maturitatea de consum ardeiul are o culoare verde \u00eenchis, iar la maturitatea fiziologic\u0103 culoarea este ro\u015fu intens cu luciu. G<\/h6>\n<h6><span style=\"color: #0000ff;\">Poten\u0163ial de produc\u0163ie<\/span><\/h6>\n<h6>Soiul de ardei iute Vladimir este foarte productiv, at\u00e2t \u00een spa\u0163ii protejate (sere, solarii), c\u00e2t \u015fi \u00een c\u00e2mp.<\/h6>\n<h6>Din punctul de vedere al eficien\u0163ei economice, <span style=\"color: #0000ff;\">se pot ob\u0163ine u\u015for produc\u0163ii de la 33 tone p\u00e2n\u0103 la 55 tone\/ha pe terenuri permeabile,<\/span> cu un con\u0163inut adecvat \u00een elemente fertilizante \u015fi peste 2.5 t\/1.000 m2 \u00een cazul culturilor din sere \u015fi solarii.<\/h6>\n<h6>Produc\u0163ia mare \u00eenregistrat\u0103 per plant\u0103 \u015fi la unitatea de suprafa\u0163\u0103 asigur\u0103 un beneficiu substan\u0163ial cultivatorului. Acest soi prezint\u0103 o capacitate de p\u0103strare bun\u0103 \u015fi este destinat consumului \u00een stare proasp\u0103t\u0103, dar \u015fi pentru industrializare. Un alt avantaj care recomand\u0103 cultivarea ardeiului Vladimir este fenomenul de plasticitate ecologic\u0103 \u015fi faptul c\u0103 se poate cultiva \u00een toate zonele cu condi\u0163ii pedoclimatice corespunz\u0103toare acestei culturi.<\/h6>\n<h6>\u00cen medicin\u0103, consumul fructelor de la acest soi ajut\u0103 la cre\u015fterea secre\u0163iei gastrice, a peristaltismului intestinal \u015fi la sc\u0103derea presiunii arteriale prin efectul vasodilatator, fiind folosite \u015fi \u00een ameliorarea durerilor musculare \u015fi reumatismale, a herpesului \u015fi zona zoster. \u00cen plus, capsaicina din fructele de ardei iute vitalizeaz\u0103 organismul, \u00eent\u0103re\u015fte sistemul imunitar, determin\u0103 reducerea colesterolului din s\u00e2nge. Este foarte eficient \u00een curele de sl\u0103bire prin faptul c\u0103 accelereaz\u0103 arderea gr\u0103similor. Combate oboseala corzilor vocale, deger\u0103turile \u015fi angina, iar \u00een industria cosmetic\u0103 ajut\u0103 la tratarea alopeciei (a cheliei).<\/h6>\n<h6><\/h6>\n<h6><strong>\u00ceN SOLAR, SE SEAMAN\u0102 DIN APRILIE ,R\u0102SARE \u00ceN 6-7 ZILE \u0218I SE RECOLTEAZ\u0102 DIN IUNIE.<\/strong><\/h6>\n<h6><strong>\u00ceN C\u00c2MP, SE SEAMAN\u0102 DIN APRILIE-MAI ,R\u0102SARE \u00ceN 6-7 ZILE \u0218I SE RECOLTEAZ\u0102 DIN IUNIE-IULIE.<\/strong><\/h6>\n<h6><strong>Soi semitimpuriu\u00a0 pentru cultura \u00een c\u00e2mp \u0219i solar.<\/strong><\/h6>\n<h6>Capacitate de pastrare buna.<\/h6>\n<h6>Se consuma in stare proaspata sau conserva\u021bi.<\/h6>\n","protected":false},"excerpt":{"rendered":"<h6><span style=\"color: #0000ff;\">50 SEMIN\u021aE<\/span><\/h6>\n<p><img loading=\"lazy\" decoding=\"async\" class=\"alignnone wp-image-7098\" src=\"https:\/\/vivasem.ro\/wp-content\/uploads\/2021\/11\/RO-1-300x107.jpg\" alt=\"\" width=\"182\" height=\"65\" \/><\/p>\n","protected":false},"featured_media":7207,"comment_status":"open","ping_status":"closed","template":"","meta":{"site-sidebar-layout":"default","site-content-layout":"default","ast-site-content-layout":"default","site-content-style":"default","site-sidebar-style":"default","ast-global-header-display":"","ast-banner-title-visibility":"","ast-main-header-display":"","ast-hfb-above-header-display":"","ast-hfb-below-header-display":"","ast-hfb-mobile-header-display":"","site-post-title":"","ast-breadcrumbs-content":"","ast-featured-img":"","footer-sml-layout":"","ast-disable-related-posts":"","theme-transparent-header-meta":"default","adv-header-id-meta":"","stick-header-meta":"","header-above-stick-meta":"","header-main-stick-meta":"","header-below-stick-meta":"","astra-migrate-meta-layouts":"set","ast-page-background-enabled":"default","ast-page-background-meta":{"desktop":{"background-color":"var(--ast-global-color-4)","background-image":"","background-repeat":"repeat","background-position":"center center","background-size":"auto","background-attachment":"scroll","background-type":"","background-media":"","overlay-type":"","overlay-color":"","overlay-opacity":"","overlay-gradient":""},"tablet":{"background-color":"","background-image":"","background-repeat":"repeat","background-position":"center center","background-size":"auto","background-attachment":"scroll","background-type":"","background-media":"","overlay-type":"","overlay-color":"","overlay-opacity":"","overlay-gradient":""},"mobile":{"background-color":"","background-image":"","background-repeat":"repeat","background-position":"center center","background-size":"auto","background-attachment":"scroll","background-type":"","background-media":"","overlay-type":"","overlay-color":"","overlay-opacity":"","overlay-gradient":""}},"ast-content-background-meta":{"desktop":{"background-color":"var(--ast-global-color-5)","background-image":"","background-repeat":"repeat","background-position":"center center","background-size":"auto","background-attachment":"scroll","background-type":"","background-media":"","overlay-type":"","overlay-color":"","overlay-opacity":"","overlay-gradient":""},"tablet":{"background-color":"var(--ast-global-color-5)","background-image":"","background-repeat":"repeat","background-position":"center center","background-size":"auto","background-attachment":"scroll","background-type":"","background-media":"","overlay-type":"","overlay-color":"","overlay-opacity":"","overlay-gradient":""},"mobile":{"background-color":"var(--ast-global-color-5)","background-image":"","background-repeat":"repeat","background-position":"center center","background-size":"auto","background-attachment":"scroll","background-type":"","background-media":"","overlay-type":"","overlay-color":"","overlay-opacity":"","overlay-gradient":""}}},"product_brand":[],"product_cat":[111],"product_tag":[],"class_list":{"0":"post-7182","1":"product","2":"type-product","3":"status-publish","4":"has-post-thumbnail","6":"product_cat-ardei-iute","7":"desktop-align-left","8":"tablet-align-left","9":"mobile-align-left","11":"first","12":"outofstock","13":"taxable","14":"shipping-taxable","15":"purchasable","16":"product-type-simple"},"_links":{"self":[{"href":"https:\/\/vivasem.ro\/index.php?rest_route=\/wp\/v2\/product\/7182","targetHints":{"allow":["GET"]}}],"collection":[{"href":"https:\/\/vivasem.ro\/index.php?rest_route=\/wp\/v2\/product"}],"about":[{"href":"https:\/\/vivasem.ro\/index.php?rest_route=\/wp\/v2\/types\/product"}],"replies":[{"embeddable":true,"href":"https:\/\/vivasem.ro\/index.php?rest_route=%2Fwp%2Fv2%2Fcomments&post=7182"}],"wp:featuredmedia":[{"embeddable":true,"href":"https:\/\/vivasem.ro\/index.php?rest_route=\/wp\/v2\/media\/7207"}],"wp:attachment":[{"href":"https:\/\/vivasem.ro\/index.php?rest_route=%2Fwp%2Fv2%2Fmedia&parent=7182"}],"wp:term":[{"taxonomy":"product_brand","embeddable":true,"href":"https:\/\/vivasem.ro\/index.php?rest_route=%2Fwp%2Fv2%2Fproduct_brand&post=7182"},{"taxonomy":"product_cat","embeddable":true,"href":"https:\/\/vivasem.ro\/index.php?rest_route=%2Fwp%2Fv2%2Fproduct_cat&post=7182"},{"taxonomy":"product_tag","embeddable":true,"href":"https:\/\/vivasem.ro\/index.php?rest_route=%2Fwp%2Fv2%2Fproduct_tag&post=7182"}],"curies":[{"name":"wp","href":"https:\/\/api.w.org\/{rel}","templated":true}]}}