{"id":7179,"date":"2022-03-22T19:54:58","date_gmt":"2022-03-22T17:54:58","guid":{"rendered":"https:\/\/vivasem.ro\/?post_type=product&#038;p=7179"},"modified":"2023-11-26T07:37:22","modified_gmt":"2023-11-26T05:37:22","slug":"castraveti-slanic-buzau-scdl-cornison","status":"publish","type":"product","link":"https:\/\/vivasem.ro\/?product=castraveti-slanic-buzau-scdl-cornison","title":{"rendered":"\u201e\u201eCASTRAVETI CORNICHON SL\u0102NIC-STATIUNEA DE CERCETARE \u0218I DEZVOLTARE LEGUMICOL\u0102 BUZ\u0102U"},"content":{"rendered":"<h6><span style=\"color: #ff6600;\"><strong><u>.CASTRAVETI SL\u0102NIC-Produc\u0103tor SCDL BUZ\u0102U,<\/u><\/strong><\/span><\/h6>\n<h6><span style=\"color: #0000ff;\">Soi rom\u00e2nesc, ob\u021binut de SCDL Buz\u0103u, cu fructe de tip cornichon, de dimensiuni mici, cu ornamenta\u021bie fin\u0103, \u0219i v\u00e2rful albicios, cu gust excelent \u0219i arom\u0103 specific\u0103, pronun\u021bat\u0103.<\/span><\/h6>\n<h6>Destinat cultiv\u0103rii \u00een c\u00e2mp \u0219i spa\u021bii protejate, \u00een sistem palisat.<\/h6>\n<h6><span style=\"color: #0000ff;\">Foarte productiv, CU POTEN\u021aIAL DE PRODUC\u021aIE DE PESTE 35 tone\/ hectar ,\u00ceN C\u00c2MP .<\/span><\/h6>\n<h6>Potrivit cultiv\u0103rii \u00een sistem ecologic.<\/h6>\n<h6><strong>\u00ceN SPA\u021aII PROTEJATE \u00ceNC\u0102LZITE, SE SEAMAN\u0102 DIN IANUARIE ,R\u0102SARE \u00ceN 7-8 ZILE \u0218I SE RECOLTEAZ\u0102 DIN MARTIE, \u00ceN 45 DE ZILE DE LA PLANTARE.\u00a0<\/strong><\/h6>\n<h6><strong>\u00ceN C\u00c2MP, SE SEAMAN\u0102 DIN APRILIE-MAI ,R\u0102SARE \u00ceN 7-8 ZILE \u0218I SE RECOLTEAZ\u0102 DIN IUNIE-IULIE, \u00ceN 60 DE ZILE DE LA PLANTARE .<\/strong><\/h6>\n<h6>Se consuma in stare proaspata sau conserva\u021bi.<\/h6>\n<h6>FRUCTUL:<br \/>\nForma: : tip cornichon<br \/>\nLungime: 8 \u2013 10 cm<br \/>\nCuloare: verde, luciul mijlociu<br \/>\nEpiderma: ornat\u0103 cu peri\u015fori de culoare maro<br \/>\nTIPUL DE PLANT\u0102<br \/>\nSoi: timpuriu (75 de zile)<br \/>\nToleran\u0163\u0103: mare la Pseudomonas syringae v. Lachrymans, Erysiphe cichoriacearum, Corynespora<br \/>\nmelonis, CMV<br \/>\nPoten\u0163ial de produc\u0163ie: 50\u201355 t\/ha \u00een spatii protejate.<br \/>\nOBSERVA\u0162II<br \/>\nDestinat pentru c\u00e2mp deschis, ser\u0103, solar. Se poate consuma \u00een stare proasp\u0103t\u0103 \u015fi industrializare.<\/h6>\n","protected":false},"excerpt":{"rendered":"<h6><span style=\"color: #0000ff;\">100 SEMIN\u021aE<\/span><\/h6>\n<p><img loading=\"lazy\" decoding=\"async\" class=\"alignnone wp-image-7098\" src=\"https:\/\/vivasem.ro\/wp-content\/uploads\/2021\/11\/RO-1-300x107.jpg\" alt=\"\" width=\"182\" height=\"65\" \/><\/p>\n","protected":false},"featured_media":7196,"comment_status":"open","ping_status":"closed","template":"","meta":{"site-sidebar-layout":"default","site-content-layout":"default","ast-site-content-layout":"default","site-content-style":"default","site-sidebar-style":"default","ast-global-header-display":"","ast-banner-title-visibility":"","ast-main-header-display":"","ast-hfb-above-header-display":"","ast-hfb-below-header-display":"","ast-hfb-mobile-header-display":"","site-post-title":"","ast-breadcrumbs-content":"","ast-featured-img":"","footer-sml-layout":"","ast-disable-related-posts":"","theme-transparent-header-meta":"default","adv-header-id-meta":"","stick-header-meta":"","header-above-stick-meta":"","header-main-stick-meta":"","header-below-stick-meta":"","astra-migrate-meta-layouts":"set","ast-page-background-enabled":"default","ast-page-background-meta":{"desktop":{"background-color":"var(--ast-global-color-4)","background-image":"","background-repeat":"repeat","background-position":"center center","background-size":"auto","background-attachment":"scroll","background-type":"","background-media":"","overlay-type":"","overlay-color":"","overlay-opacity":"","overlay-gradient":""},"tablet":{"background-color":"","background-image":"","background-repeat":"repeat","background-position":"center center","background-size":"auto","background-attachment":"scroll","background-type":"","background-media":"","overlay-type":"","overlay-color":"","overlay-opacity":"","overlay-gradient":""},"mobile":{"background-color":"","background-image":"","background-repeat":"repeat","background-position":"center center","background-size":"auto","background-attachment":"scroll","background-type":"","background-media":"","overlay-type":"","overlay-color":"","overlay-opacity":"","overlay-gradient":""}},"ast-content-background-meta":{"desktop":{"background-color":"var(--ast-global-color-5)","background-image":"","background-repeat":"repeat","background-position":"center center","background-size":"auto","background-attachment":"scroll","background-type":"","background-media":"","overlay-type":"","overlay-color":"","overlay-opacity":"","overlay-gradient":""},"tablet":{"background-color":"var(--ast-global-color-5)","background-image":"","background-repeat":"repeat","background-position":"center center","background-size":"auto","background-attachment":"scroll","background-type":"","background-media":"","overlay-type":"","overlay-color":"","overlay-opacity":"","overlay-gradient":""},"mobile":{"background-color":"var(--ast-global-color-5)","background-image":"","background-repeat":"repeat","background-position":"center center","background-size":"auto","background-attachment":"scroll","background-type":"","background-media":"","overlay-type":"","overlay-color":"","overlay-opacity":"","overlay-gradient":""}}},"product_brand":[],"product_cat":[136],"product_tag":[],"class_list":{"0":"post-7179","1":"product","2":"type-product","3":"status-publish","4":"has-post-thumbnail","6":"product_cat-castraveti-soi","7":"desktop-align-left","8":"tablet-align-left","9":"mobile-align-left","11":"first","12":"outofstock","13":"taxable","14":"shipping-taxable","15":"purchasable","16":"product-type-simple"},"_links":{"self":[{"href":"https:\/\/vivasem.ro\/index.php?rest_route=\/wp\/v2\/product\/7179","targetHints":{"allow":["GET"]}}],"collection":[{"href":"https:\/\/vivasem.ro\/index.php?rest_route=\/wp\/v2\/product"}],"about":[{"href":"https:\/\/vivasem.ro\/index.php?rest_route=\/wp\/v2\/types\/product"}],"replies":[{"embeddable":true,"href":"https:\/\/vivasem.ro\/index.php?rest_route=%2Fwp%2Fv2%2Fcomments&post=7179"}],"wp:featuredmedia":[{"embeddable":true,"href":"https:\/\/vivasem.ro\/index.php?rest_route=\/wp\/v2\/media\/7196"}],"wp:attachment":[{"href":"https:\/\/vivasem.ro\/index.php?rest_route=%2Fwp%2Fv2%2Fmedia&parent=7179"}],"wp:term":[{"taxonomy":"product_brand","embeddable":true,"href":"https:\/\/vivasem.ro\/index.php?rest_route=%2Fwp%2Fv2%2Fproduct_brand&post=7179"},{"taxonomy":"product_cat","embeddable":true,"href":"https:\/\/vivasem.ro\/index.php?rest_route=%2Fwp%2Fv2%2Fproduct_cat&post=7179"},{"taxonomy":"product_tag","embeddable":true,"href":"https:\/\/vivasem.ro\/index.php?rest_route=%2Fwp%2Fv2%2Fproduct_tag&post=7179"}],"curies":[{"name":"wp","href":"https:\/\/api.w.org\/{rel}","templated":true}]}}