{"id":7177,"date":"2022-03-22T17:34:47","date_gmt":"2022-03-22T15:34:47","guid":{"rendered":"https:\/\/vivasem.ro\/?post_type=product&#038;p=7177"},"modified":"2023-08-14T08:45:14","modified_gmt":"2023-08-14T06:45:14","slug":"fasole-urcatoare-teodora-buzau-scdl","status":"publish","type":"product","link":"https:\/\/vivasem.ro\/?product=fasole-urcatoare-teodora-buzau-scdl","title":{"rendered":"\u201eFASOLE URC\u0102TOARE TEODORA -BUZ\u0102U SCDL"},"content":{"rendered":"<h6><span style=\"color: #ff6600;\"><strong><u>FASOLE\u00a0 TEODORA-Produc\u0103tor SCDL BUZ\u0102U,<\/u><\/strong><\/span><\/h6>\n<h6><span style=\"color: #0000ff;\"><strong>SOI DE FASOLE URC\u0102TOARE, CU P\u0102STAIA LAT\u0102,\u00a0 CE PRODUCE\u00a0 P\u0102STAI\u00a0 VERZI, LUNGI DE 24-25 centimetrii.\u00a0<\/strong><\/span><\/h6>\n<h6><strong>P\u0102ST\u0102ILE SUNT DREPTE, <span style=\"color: #0000ff;\">C\u0102RNOASE, F\u0102R\u0102 A\u021aE \u0218I FOARTE GUSTOASE,<\/span> DULCI, CE CON\u021aIN 6-8 BOABE\/ P\u0102STAIE.<\/strong><\/h6>\n<h6><strong><span style=\"color: #0000ff;\">PLANTA C\u0102\u021a\u0102R\u0102TOARE , FOARTE PRODUCTIV\u0102, AJUNGE LA\u00a0 2,5 m IN\u0102L\u021aIME \u00ceN GR\u0102DIN\u0102 \u0218I LA 4 m \u00ceN SOLAR\u00a0 \u0218I POATE PRODUCE \u00ceNTRE 90 \u0218I 180 DE P\u0102ST\u0102I , CANTITATEA RECOLTAT\u0102 , PER PLANT\u0102, ATING\u00c2ND 1,3 kg. \u00ceN C\u00c2MP \u0218I 2,3 kg. \u00ceN SOLAR, \u00ceN TOT SEZONUL . <\/span><\/strong><\/h6>\n<h6><strong>CULTIVAREA NECESIT\u0102 O TEMPERATUR\u0102 DE MINIM 12 grade Celsius. <\/strong><\/h6>\n<h6><strong>\u00ceN SOLAR, SE SEAMAN\u0102 DIN APRILIE ,R\u0102SARE \u00ceN 6-7 ZILE \u0218I SE RECOLTEAZ\u0102 DIN IUNIE.<\/strong><\/h6>\n<h6><strong>\u00ceN C\u00c2MP, SE SEAMAN\u0102 DIN APRILIE-MAI ,R\u0102SARE \u00ceN 6-7 ZILE \u0218I SE RECOLTEAZ\u0102 DIN IUNIE-IULIE.<\/strong><\/h6>\n<h6><strong>Soi semitimpuriu\u00a0 pentru cultura \u00een c\u00e2mp \u0219i solar.<\/strong><\/h6>\n<h6>Capacitate de pastrare buna.<\/h6>\n<h6>Se consuma in stare proaspata sau congelata.<\/h6>\n","protected":false},"excerpt":{"rendered":"<h6><span style=\"color: #0000ff;\">30 SEMIN\u021aE<\/span><\/h6>\n<p><img loading=\"lazy\" decoding=\"async\" class=\"alignnone wp-image-7098\" src=\"https:\/\/vivasem.ro\/wp-content\/uploads\/2021\/11\/RO-1-300x107.jpg\" alt=\"\" width=\"182\" height=\"65\" \/><\/p>\n","protected":false},"featured_media":7178,"comment_status":"open","ping_status":"closed","template":"","meta":{"site-sidebar-layout":"default","site-content-layout":"default","ast-site-content-layout":"default","site-content-style":"default","site-sidebar-style":"default","ast-global-header-display":"","ast-banner-title-visibility":"","ast-main-header-display":"","ast-hfb-above-header-display":"","ast-hfb-below-header-display":"","ast-hfb-mobile-header-display":"","site-post-title":"","ast-breadcrumbs-content":"","ast-featured-img":"","footer-sml-layout":"","ast-disable-related-posts":"","theme-transparent-header-meta":"default","adv-header-id-meta":"","stick-header-meta":"","header-above-stick-meta":"","header-main-stick-meta":"","header-below-stick-meta":"","astra-migrate-meta-layouts":"default","ast-page-background-enabled":"default","ast-page-background-meta":{"desktop":{"background-color":"var(--ast-global-color-4)","background-image":"","background-repeat":"repeat","background-position":"center center","background-size":"auto","background-attachment":"scroll","background-type":"","background-media":"","overlay-type":"","overlay-color":"","overlay-opacity":"","overlay-gradient":""},"tablet":{"background-color":"","background-image":"","background-repeat":"repeat","background-position":"center center","background-size":"auto","background-attachment":"scroll","background-type":"","background-media":"","overlay-type":"","overlay-color":"","overlay-opacity":"","overlay-gradient":""},"mobile":{"background-color":"","background-image":"","background-repeat":"repeat","background-position":"center center","background-size":"auto","background-attachment":"scroll","background-type":"","background-media":"","overlay-type":"","overlay-color":"","overlay-opacity":"","overlay-gradient":""}},"ast-content-background-meta":{"desktop":{"background-color":"var(--ast-global-color-5)","background-image":"","background-repeat":"repeat","background-position":"center center","background-size":"auto","background-attachment":"scroll","background-type":"","background-media":"","overlay-type":"","overlay-color":"","overlay-opacity":"","overlay-gradient":""},"tablet":{"background-color":"var(--ast-global-color-5)","background-image":"","background-repeat":"repeat","background-position":"center center","background-size":"auto","background-attachment":"scroll","background-type":"","background-media":"","overlay-type":"","overlay-color":"","overlay-opacity":"","overlay-gradient":""},"mobile":{"background-color":"var(--ast-global-color-5)","background-image":"","background-repeat":"repeat","background-position":"center center","background-size":"auto","background-attachment":"scroll","background-type":"","background-media":"","overlay-type":"","overlay-color":"","overlay-opacity":"","overlay-gradient":""}}},"product_brand":[],"product_cat":[85],"product_tag":[],"class_list":{"0":"post-7177","1":"product","2":"type-product","3":"status-publish","4":"has-post-thumbnail","6":"product_cat-fasole","7":"desktop-align-left","8":"tablet-align-left","9":"mobile-align-left","11":"first","12":"outofstock","13":"taxable","14":"shipping-taxable","15":"purchasable","16":"product-type-simple"},"_links":{"self":[{"href":"https:\/\/vivasem.ro\/index.php?rest_route=\/wp\/v2\/product\/7177","targetHints":{"allow":["GET"]}}],"collection":[{"href":"https:\/\/vivasem.ro\/index.php?rest_route=\/wp\/v2\/product"}],"about":[{"href":"https:\/\/vivasem.ro\/index.php?rest_route=\/wp\/v2\/types\/product"}],"replies":[{"embeddable":true,"href":"https:\/\/vivasem.ro\/index.php?rest_route=%2Fwp%2Fv2%2Fcomments&post=7177"}],"wp:featuredmedia":[{"embeddable":true,"href":"https:\/\/vivasem.ro\/index.php?rest_route=\/wp\/v2\/media\/7178"}],"wp:attachment":[{"href":"https:\/\/vivasem.ro\/index.php?rest_route=%2Fwp%2Fv2%2Fmedia&parent=7177"}],"wp:term":[{"taxonomy":"product_brand","embeddable":true,"href":"https:\/\/vivasem.ro\/index.php?rest_route=%2Fwp%2Fv2%2Fproduct_brand&post=7177"},{"taxonomy":"product_cat","embeddable":true,"href":"https:\/\/vivasem.ro\/index.php?rest_route=%2Fwp%2Fv2%2Fproduct_cat&post=7177"},{"taxonomy":"product_tag","embeddable":true,"href":"https:\/\/vivasem.ro\/index.php?rest_route=%2Fwp%2Fv2%2Fproduct_tag&post=7177"}],"curies":[{"name":"wp","href":"https:\/\/api.w.org\/{rel}","templated":true}]}}