{"id":7176,"date":"2022-03-22T17:27:24","date_gmt":"2022-03-22T15:27:24","guid":{"rendered":"https:\/\/vivasem.ro\/?post_type=product&#038;p=7176"},"modified":"2023-02-22T22:09:14","modified_gmt":"2023-02-22T20:09:14","slug":"fasole-pitica-menuet-buzau-scdl-31-gratisoferta","status":"publish","type":"product","link":"https:\/\/vivasem.ro\/?product=fasole-pitica-menuet-buzau-scdl-31-gratisoferta","title":{"rendered":"FASOLE PITIC\u0102 MENUET -BUZ\u0102U SCDL (3+1 GRATIS)"},"content":{"rendered":"<h6><span style=\"color: #ff6600;\"><strong><u>FASOLE PITIC\u0102 MENUET-Produc\u0103tor SCDL BUZ\u0102U,<\/u><\/strong><\/span><\/h6>\n<h6><strong>SOI DE FASOLE OLOAG\u0102, CU P\u0102STAIA TIP FIDELU\u021a\u0102 CE PRODUCE\u00a0 P\u0102STAI GALBENE, LUNGI DE 14-15 centimetrii, GROASE DE 9 mm, GREUTATEA MEDIE DE 6.5 g .<\/strong><\/h6>\n<h6><strong>SUNT DREPTE, CILINDRICE, C\u0102RNOASE, F\u0102R\u0102 A\u021aE \u0218I FOARTE GUSTOASE, CON\u021aIN 6-8 BOABE\/ P\u0102STAIE.<\/strong><\/h6>\n<h6><strong>TUFA PITIC\u0102,AJUNGE LA 40-45 centimetrii IN\u0102L\u021aIME \u0218I PRODUCE 30-45 P\u0102ST\u0102I\/ PLANT\u0102.<\/strong><\/h6>\n<h6>Potential de produc\u021bie: peste 12 t\/ha.<\/h6>\n<h6><strong>Soi timpuriu (45\u201355 zile) pentru cultura \u00een c\u00e2mp.<\/strong><\/h6>\n<h6>Toleran\u021b\u0103 la boli: buna fata de Colletrotrichum lindemuthianum Rasa Lambda si la Virusul Mozaicului Comun (BCMV)<\/h6>\n<h6>Capacitate de pastrare buna.<\/h6>\n<h6>Se consuma in stare proaspata sau congelata.<\/h6>\n","protected":false},"excerpt":{"rendered":"<h6><span style=\"color: #0000ff;\">4 x 100=400 SEMIN\u021aE\/ 15 LEI<\/span><\/h6>\n<h6><span style=\"color: #ff6600;\">OFERT\u0102 !<\/span><\/h6>\n<p><img loading=\"lazy\" decoding=\"async\" class=\"alignnone wp-image-7098\" src=\"https:\/\/vivasem.ro\/wp-content\/uploads\/2021\/11\/RO-1-300x107.jpg\" alt=\"\" width=\"182\" height=\"65\" \/><\/p>\n","protected":false},"featured_media":7175,"comment_status":"open","ping_status":"closed","template":"","meta":{"site-sidebar-layout":"default","site-content-layout":"default","ast-site-content-layout":"default","site-content-style":"default","site-sidebar-style":"default","ast-global-header-display":"","ast-banner-title-visibility":"","ast-main-header-display":"","ast-hfb-above-header-display":"","ast-hfb-below-header-display":"","ast-hfb-mobile-header-display":"","site-post-title":"","ast-breadcrumbs-content":"","ast-featured-img":"","footer-sml-layout":"","ast-disable-related-posts":"","theme-transparent-header-meta":"default","adv-header-id-meta":"","stick-header-meta":"","header-above-stick-meta":"","header-main-stick-meta":"","header-below-stick-meta":"","astra-migrate-meta-layouts":"default","ast-page-background-enabled":"default","ast-page-background-meta":{"desktop":{"background-color":"var(--ast-global-color-4)","background-image":"","background-repeat":"repeat","background-position":"center center","background-size":"auto","background-attachment":"scroll","background-type":"","background-media":"","overlay-type":"","overlay-color":"","overlay-opacity":"","overlay-gradient":""},"tablet":{"background-color":"","background-image":"","background-repeat":"repeat","background-position":"center center","background-size":"auto","background-attachment":"scroll","background-type":"","background-media":"","overlay-type":"","overlay-color":"","overlay-opacity":"","overlay-gradient":""},"mobile":{"background-color":"","background-image":"","background-repeat":"repeat","background-position":"center center","background-size":"auto","background-attachment":"scroll","background-type":"","background-media":"","overlay-type":"","overlay-color":"","overlay-opacity":"","overlay-gradient":""}},"ast-content-background-meta":{"desktop":{"background-color":"var(--ast-global-color-5)","background-image":"","background-repeat":"repeat","background-position":"center center","background-size":"auto","background-attachment":"scroll","background-type":"","background-media":"","overlay-type":"","overlay-color":"","overlay-opacity":"","overlay-gradient":""},"tablet":{"background-color":"var(--ast-global-color-5)","background-image":"","background-repeat":"repeat","background-position":"center center","background-size":"auto","background-attachment":"scroll","background-type":"","background-media":"","overlay-type":"","overlay-color":"","overlay-opacity":"","overlay-gradient":""},"mobile":{"background-color":"var(--ast-global-color-5)","background-image":"","background-repeat":"repeat","background-position":"center center","background-size":"auto","background-attachment":"scroll","background-type":"","background-media":"","overlay-type":"","overlay-color":"","overlay-opacity":"","overlay-gradient":""}}},"product_brand":[],"product_cat":[149],"product_tag":[],"class_list":{"0":"post-7176","1":"product","2":"type-product","3":"status-publish","4":"has-post-thumbnail","6":"product_cat-33-produse-epuizate","7":"desktop-align-left","8":"tablet-align-left","9":"mobile-align-left","11":"first","12":"outofstock","13":"taxable","14":"shipping-taxable","15":"purchasable","16":"product-type-simple"},"_links":{"self":[{"href":"https:\/\/vivasem.ro\/index.php?rest_route=\/wp\/v2\/product\/7176","targetHints":{"allow":["GET"]}}],"collection":[{"href":"https:\/\/vivasem.ro\/index.php?rest_route=\/wp\/v2\/product"}],"about":[{"href":"https:\/\/vivasem.ro\/index.php?rest_route=\/wp\/v2\/types\/product"}],"replies":[{"embeddable":true,"href":"https:\/\/vivasem.ro\/index.php?rest_route=%2Fwp%2Fv2%2Fcomments&post=7176"}],"wp:featuredmedia":[{"embeddable":true,"href":"https:\/\/vivasem.ro\/index.php?rest_route=\/wp\/v2\/media\/7175"}],"wp:attachment":[{"href":"https:\/\/vivasem.ro\/index.php?rest_route=%2Fwp%2Fv2%2Fmedia&parent=7176"}],"wp:term":[{"taxonomy":"product_brand","embeddable":true,"href":"https:\/\/vivasem.ro\/index.php?rest_route=%2Fwp%2Fv2%2Fproduct_brand&post=7176"},{"taxonomy":"product_cat","embeddable":true,"href":"https:\/\/vivasem.ro\/index.php?rest_route=%2Fwp%2Fv2%2Fproduct_cat&post=7176"},{"taxonomy":"product_tag","embeddable":true,"href":"https:\/\/vivasem.ro\/index.php?rest_route=%2Fwp%2Fv2%2Fproduct_tag&post=7176"}],"curies":[{"name":"wp","href":"https:\/\/api.w.org\/{rel}","templated":true}]}}