{"id":716,"date":"2021-11-03T11:01:46","date_gmt":"2021-11-03T09:01:46","guid":{"rendered":"https:\/\/vivasem.ro\/?post_type=product&#038;p=716"},"modified":"2025-11-11T13:43:10","modified_gmt":"2025-11-11T11:43:10","slug":"matina","status":"publish","type":"product","link":"https:\/\/vivasem.ro\/?product=matina","title":{"rendered":"MATINA"},"content":{"rendered":"<h6><span style=\"color: #ff0000;\"><strong>MATINA,<\/strong><\/span><\/h6>\n<h6><strong>SOI VECHI GERMAN, HEIRLOOM, <span style=\"color: #ff00ff;\">DINTRE CELE MAI TIMPURII\u00a0 CUNOSCUTE \u00ceN LUME, CU 55-62 ZILE DE VEGETATIE<\/span><\/strong><\/h6>\n<h6><span style=\"color: #0000ff;\"><strong> PLANTELE\u00a0 DEOSEBIT DE REZISTENTE LA TEMPERATURI SC\u0102ZUTE<\/strong>,\u00a0 PRODUC CONTINUU, P\u00c2N\u0102 LA \u00ceNGHE\u021a, \u0218I FORMEAZ\u0102 CIORCHINI DE 6-8 TOMATE , \u00ceNTRE 90 \u0218I 150 grame.<\/span><\/h6>\n<h6><span style=\"color: #0000ff;\"><span style=\"color: #000000;\">Din aceast\u0103 cauz\u0103 mai este denumit<\/span> <span style=\"color: #ff0000;\">NEM\u021aOAICA CEA HARNIC\u0102 !<\/span><\/span><\/h6>\n<h6>DE CULOARE RO\u0218U-APRINS, FRUCTELE SUNT <span style=\"color: #0000ff;\">FOARTE GUSTOASE, ECHILIBRATE BINE DULCE-ACID, CU AROM\u0102 CLASIC\u0102.<\/span><\/h6>\n<h6>PLANTELE SUNT NEDETERMINATE, VIGUROASE, FRUNZELE SUNT\u00a0 TIP CARTOF , <span style=\"color: #0000ff;\">MERG FOARTE FOARTE BINE \u00ceN GR\u0102DIN\u0102 , DAR \u0218I \u00ceN SOLAR, UNDE AJUNG \u0218I LA 3 metrii.<\/span><\/h6>\n","protected":false},"excerpt":{"rendered":"<h6><span style=\"color: #0000ff;\">30 SEMIN\u021aE<\/span><\/h6>\n<h6><span style=\"color: #ff00ff;\">SOI EXCEP\u021aIONAL, EXTRATIMPURIU, GUST EXCELENT !<\/span><\/h6>\n","protected":false},"featured_media":2868,"comment_status":"open","ping_status":"closed","template":"","meta":{"site-sidebar-layout":"default","site-content-layout":"default","ast-site-content-layout":"default","site-content-style":"default","site-sidebar-style":"default","ast-global-header-display":"","ast-banner-title-visibility":"","ast-main-header-display":"","ast-hfb-above-header-display":"","ast-hfb-below-header-display":"","ast-hfb-mobile-header-display":"","site-post-title":"","ast-breadcrumbs-content":"","ast-featured-img":"","footer-sml-layout":"","ast-disable-related-posts":"","theme-transparent-header-meta":"default","adv-header-id-meta":"","stick-header-meta":"","header-above-stick-meta":"","header-main-stick-meta":"","header-below-stick-meta":"","astra-migrate-meta-layouts":"set","ast-page-background-enabled":"default","ast-page-background-meta":{"desktop":{"background-color":"var(--ast-global-color-4)","background-image":"","background-repeat":"repeat","background-position":"center center","background-size":"auto","background-attachment":"scroll","background-type":"","background-media":"","overlay-type":"","overlay-color":"","overlay-opacity":"","overlay-gradient":""},"tablet":{"background-color":"","background-image":"","background-repeat":"repeat","background-position":"center center","background-size":"auto","background-attachment":"scroll","background-type":"","background-media":"","overlay-type":"","overlay-color":"","overlay-opacity":"","overlay-gradient":""},"mobile":{"background-color":"","background-image":"","background-repeat":"repeat","background-position":"center center","background-size":"auto","background-attachment":"scroll","background-type":"","background-media":"","overlay-type":"","overlay-color":"","overlay-opacity":"","overlay-gradient":""}},"ast-content-background-meta":{"desktop":{"background-color":"var(--ast-global-color-5)","background-image":"","background-repeat":"repeat","background-position":"center center","background-size":"auto","background-attachment":"scroll","background-type":"","background-media":"","overlay-type":"","overlay-color":"","overlay-opacity":"","overlay-gradient":""},"tablet":{"background-color":"var(--ast-global-color-5)","background-image":"","background-repeat":"repeat","background-position":"center center","background-size":"auto","background-attachment":"scroll","background-type":"","background-media":"","overlay-type":"","overlay-color":"","overlay-opacity":"","overlay-gradient":""},"mobile":{"background-color":"var(--ast-global-color-5)","background-image":"","background-repeat":"repeat","background-position":"center center","background-size":"auto","background-attachment":"scroll","background-type":"","background-media":"","overlay-type":"","overlay-color":"","overlay-opacity":"","overlay-gradient":""}}},"product_brand":[],"product_cat":[143,142,15],"product_tag":[],"class_list":{"0":"post-716","1":"product","2":"type-product","3":"status-publish","4":"has-post-thumbnail","6":"product_cat-soiuri-timpurii-cherry","7":"product_cat-soiuri-rosii-roz","8":"product_cat-tomate-soi","9":"desktop-align-left","10":"tablet-align-left","11":"mobile-align-left","13":"first","14":"instock","15":"taxable","16":"shipping-taxable","17":"purchasable","18":"product-type-simple"},"_links":{"self":[{"href":"https:\/\/vivasem.ro\/index.php?rest_route=\/wp\/v2\/product\/716","targetHints":{"allow":["GET"]}}],"collection":[{"href":"https:\/\/vivasem.ro\/index.php?rest_route=\/wp\/v2\/product"}],"about":[{"href":"https:\/\/vivasem.ro\/index.php?rest_route=\/wp\/v2\/types\/product"}],"replies":[{"embeddable":true,"href":"https:\/\/vivasem.ro\/index.php?rest_route=%2Fwp%2Fv2%2Fcomments&post=716"}],"wp:featuredmedia":[{"embeddable":true,"href":"https:\/\/vivasem.ro\/index.php?rest_route=\/wp\/v2\/media\/2868"}],"wp:attachment":[{"href":"https:\/\/vivasem.ro\/index.php?rest_route=%2Fwp%2Fv2%2Fmedia&parent=716"}],"wp:term":[{"taxonomy":"product_brand","embeddable":true,"href":"https:\/\/vivasem.ro\/index.php?rest_route=%2Fwp%2Fv2%2Fproduct_brand&post=716"},{"taxonomy":"product_cat","embeddable":true,"href":"https:\/\/vivasem.ro\/index.php?rest_route=%2Fwp%2Fv2%2Fproduct_cat&post=716"},{"taxonomy":"product_tag","embeddable":true,"href":"https:\/\/vivasem.ro\/index.php?rest_route=%2Fwp%2Fv2%2Fproduct_tag&post=716"}],"curies":[{"name":"wp","href":"https:\/\/api.w.org\/{rel}","templated":true}]}}