{"id":7156,"date":"2022-03-19T19:57:00","date_gmt":"2022-03-19T17:57:00","guid":{"rendered":"https:\/\/vivasem.ro\/?post_type=product&#038;p=7156"},"modified":"2023-09-10T11:53:46","modified_gmt":"2023-09-10T09:53:46","slug":"fasole-goldmarie","status":"publish","type":"product","link":"https:\/\/vivasem.ro\/?product=fasole-goldmarie","title":{"rendered":"\u201eFasole GOLDMARIE"},"content":{"rendered":"<h6><span style=\"color: #ff6600;\"><strong><u>GOLDMARIE-Produc\u0103tor :Pieterpikzonen BV.Olanda<\/u><\/strong><\/span><span style=\"color: #ff6600;\"><strong><u>,<\/u><\/strong><\/span><\/h6>\n<h6><span style=\"color: #0000ff;\"><strong>Soi timpuriu, urc\u0103tor, de fasole lat\u0103, cu p\u0103staie de culoare galben\u0103, cu lungime 25-30 cm \u0219i l\u0103\u021bime de 1,5-1,8 -2,2 cm, fragede \u0219i f\u0103r\u0103 a\u021be.<\/strong><\/span><\/h6>\n<h6><span style=\"color: #ff00ff;\"><strong>FASOLEA CARE LA NOI SE COACE PRIMA !<\/strong><\/span><\/h6>\n<h6><strong>Boabele sunt de culoare alb\u0103. <\/strong><\/h6>\n<h6><strong>Coacerea este concentrat\u0103 , cu rezultate foarte bune at\u00e2t \u00een gr\u0103din\u0103, c\u00e2t \u0219i \u00een solar.<\/strong><\/h6>\n<h6><strong>Perioad\u0103 optim\u0103 de sem\u0103nat:Aprilie- Mai, la o ad\u00e2ncime de 4-5 cm.<\/strong><\/h6>\n<h6><strong>Perioada de vegetatie 65-68 zile.<\/strong><\/h6>\n<h6><strong>Schem\u0103 de sem\u0103nat: 20 cm \u00eentre plante pe r\u00e2nd \u0219i 100 cm \u00eentre r\u00e2nduri, consum \u00een stare proaspat\u0103. <\/strong><\/h6>\n<h6><span style=\"color: #0000ff;\"><strong>Rezisten\u021b\u0103 la: <\/strong><\/span><\/h6>\n<h6><span style=\"color: #0000ff;\"><strong>-BCMV &#8211; Bean common mosaic virus (Virusul comun al\u00a0 fasolei)<br \/>\n\u2013 A &#8211; Antracnoz\u0103<br \/>\n\u2013 Psp &#8211; Pseudomonas syringae phaseolicolaArsura aureolar\u0103 (Pseudomonas syringae phaseolicola), <\/strong><\/span><\/h6>\n<h6><span style=\"color: #0000ff;\"><strong>-Mozaicul comun al fasolei<\/strong><\/span><\/h6>\n<h6>Se poate utiliza in stare proaspat\u0103 sau se poate conserva prin fierbere sau congelare.<\/h6>\n<h6>Pentru FRUCTIFICARE TIMPURIE ,SE RECOMAND\u0102 C\u00c2RNITUL PLANTEI LA 0,5m, 1m. \u0219i la 1,5 m.<\/h6>\n","protected":false},"excerpt":{"rendered":"<h6><span style=\"color: #0000ff;\">35 SEMIN\u021aE<\/span><\/h6>\n<h6><span style=\"color: #ff6600;\">SOI EXCELENT, TIMPURIU, FOARTE PRODUCTIV\u00a0<\/span><\/h6>\n<p>&nbsp;<\/p>\n","protected":false},"featured_media":7159,"comment_status":"open","ping_status":"closed","template":"","meta":{"site-sidebar-layout":"default","site-content-layout":"default","ast-site-content-layout":"default","site-content-style":"default","site-sidebar-style":"default","ast-global-header-display":"","ast-banner-title-visibility":"","ast-main-header-display":"","ast-hfb-above-header-display":"","ast-hfb-below-header-display":"","ast-hfb-mobile-header-display":"","site-post-title":"","ast-breadcrumbs-content":"","ast-featured-img":"","footer-sml-layout":"","ast-disable-related-posts":"","theme-transparent-header-meta":"default","adv-header-id-meta":"","stick-header-meta":"","header-above-stick-meta":"","header-main-stick-meta":"","header-below-stick-meta":"","astra-migrate-meta-layouts":"default","ast-page-background-enabled":"default","ast-page-background-meta":{"desktop":{"background-color":"var(--ast-global-color-4)","background-image":"","background-repeat":"repeat","background-position":"center center","background-size":"auto","background-attachment":"scroll","background-type":"","background-media":"","overlay-type":"","overlay-color":"","overlay-opacity":"","overlay-gradient":""},"tablet":{"background-color":"","background-image":"","background-repeat":"repeat","background-position":"center center","background-size":"auto","background-attachment":"scroll","background-type":"","background-media":"","overlay-type":"","overlay-color":"","overlay-opacity":"","overlay-gradient":""},"mobile":{"background-color":"","background-image":"","background-repeat":"repeat","background-position":"center center","background-size":"auto","background-attachment":"scroll","background-type":"","background-media":"","overlay-type":"","overlay-color":"","overlay-opacity":"","overlay-gradient":""}},"ast-content-background-meta":{"desktop":{"background-color":"var(--ast-global-color-5)","background-image":"","background-repeat":"repeat","background-position":"center center","background-size":"auto","background-attachment":"scroll","background-type":"","background-media":"","overlay-type":"","overlay-color":"","overlay-opacity":"","overlay-gradient":""},"tablet":{"background-color":"var(--ast-global-color-5)","background-image":"","background-repeat":"repeat","background-position":"center center","background-size":"auto","background-attachment":"scroll","background-type":"","background-media":"","overlay-type":"","overlay-color":"","overlay-opacity":"","overlay-gradient":""},"mobile":{"background-color":"var(--ast-global-color-5)","background-image":"","background-repeat":"repeat","background-position":"center center","background-size":"auto","background-attachment":"scroll","background-type":"","background-media":"","overlay-type":"","overlay-color":"","overlay-opacity":"","overlay-gradient":""}}},"product_brand":[],"product_cat":[85],"product_tag":[],"class_list":{"0":"post-7156","1":"product","2":"type-product","3":"status-publish","4":"has-post-thumbnail","6":"product_cat-fasole","7":"desktop-align-left","8":"tablet-align-left","9":"mobile-align-left","11":"first","12":"outofstock","13":"taxable","14":"shipping-taxable","15":"purchasable","16":"product-type-simple"},"_links":{"self":[{"href":"https:\/\/vivasem.ro\/index.php?rest_route=\/wp\/v2\/product\/7156","targetHints":{"allow":["GET"]}}],"collection":[{"href":"https:\/\/vivasem.ro\/index.php?rest_route=\/wp\/v2\/product"}],"about":[{"href":"https:\/\/vivasem.ro\/index.php?rest_route=\/wp\/v2\/types\/product"}],"replies":[{"embeddable":true,"href":"https:\/\/vivasem.ro\/index.php?rest_route=%2Fwp%2Fv2%2Fcomments&post=7156"}],"wp:featuredmedia":[{"embeddable":true,"href":"https:\/\/vivasem.ro\/index.php?rest_route=\/wp\/v2\/media\/7159"}],"wp:attachment":[{"href":"https:\/\/vivasem.ro\/index.php?rest_route=%2Fwp%2Fv2%2Fmedia&parent=7156"}],"wp:term":[{"taxonomy":"product_brand","embeddable":true,"href":"https:\/\/vivasem.ro\/index.php?rest_route=%2Fwp%2Fv2%2Fproduct_brand&post=7156"},{"taxonomy":"product_cat","embeddable":true,"href":"https:\/\/vivasem.ro\/index.php?rest_route=%2Fwp%2Fv2%2Fproduct_cat&post=7156"},{"taxonomy":"product_tag","embeddable":true,"href":"https:\/\/vivasem.ro\/index.php?rest_route=%2Fwp%2Fv2%2Fproduct_tag&post=7156"}],"curies":[{"name":"wp","href":"https:\/\/api.w.org\/{rel}","templated":true}]}}