{"id":7136,"date":"2022-03-17T18:33:47","date_gmt":"2022-03-17T16:33:47","guid":{"rendered":"https:\/\/vivasem.ro\/?post_type=product&#038;p=7136"},"modified":"2025-12-07T19:35:30","modified_gmt":"2025-12-07T17:35:30","slug":"gogosari-cornel-21-gratis-240-s","status":"publish","type":"product","link":"https:\/\/vivasem.ro\/?product=gogosari-cornel-21-gratis-240-s","title":{"rendered":"\u201e\u201eGogosari CORNEL -OFERTA  250 seminte"},"content":{"rendered":"<h6><span style=\"color: #ff0000;\"><strong><u><span style=\"color: #ff0000;\"> Gogo\u0219ari CORNEL<\/span><\/u><\/strong><\/span><span style=\"color: #ff0000;\">,<\/span><\/h6>\n<h6><span style=\"color: #0000ff;\">Soi rom\u00e2nesc de gogo\u0219ari,cu fructe mari, destinat culturilor de c\u00e2mp, ameliorat, de catre compania PIETERPIKZONEN B.V, Olanda.<\/span><\/h6>\n<h6>Acesta <span style=\"color: #0000ff;\">este unul dintre cele mai productive<\/span> soiuri \u0219i se seam\u0103n\u0103 \u00een r\u0103sadni\u021be \u00een martie cu transplantare \u00een mai.<\/h6>\n<h6>Se recolteaz\u0103 din iulie p\u00e2n\u0103 \u00een octombrie.<\/h6>\n<h6>\u00a0<span style=\"color: #0000ff;\">Plantele au vigoare mare, port echilibrat \u0219i fructificare concentrat\u0103.<\/span><\/h6>\n<h6>Forma fructelor este rotund aplatizat\u0103, costat\u0103 \u00een 4 lobi.<\/h6>\n<h6>Fructele sunt verde-\u00eenchis, \u0219i de culoare ro\u0219u intens la maturitatea fiziologic\u0103.<\/h6>\n<h6><span style=\"color: #0000ff;\">Pulpa este groas\u0103, iar gustul specific foarte pl\u0103cut.<\/span><br \/>\n<span style=\"color: #0000ff;\">Greutatea medie este cuprins\u0103 \u00eentre 140 &#8211; 200 g\/fruct.<\/span><br \/>\nRecomandat at\u00e2t pentru consum \u00een stare proasp\u0103t\u0103, c\u00e2t \u0219i pentru conservare sau industrializare.<\/h6>\n<h6>\u00a0<span style=\"color: #0000ff;\">Prezint\u0103 poten\u021bial biologic de produc\u021bie ridicat.<\/span><\/h6>\n<h6><span class=\"post-meta-key\">Desime:<\/span>Recomand\u0103m 55.000 plante\/ha Recomandam 55.000 plante\/ha.<\/h6>\n<h6><strong>Distanta de plantare: 50<\/strong> cm. \u00eentre randuri \u0219i 40 cm \u00eentre plante sau 70 cm \u00eentre r\u00e2nduri \u0219i 25-30 cm \u00eentre plante.<\/h6>\n<h6>Soi de gogo\u015far semitardiv, 140 zile, <span style=\"color: #0000ff;\">pentru cultivarea \u00een c\u00e2mp deschis.<\/span><\/h6>\n<h6>Cele mai bune randamente se pot obtine prin fertilizare cu ingrasaminte pe baza de azot sau gunoi de grajd, dar de asemenea si ingrasamantul organic este foarte benefic.<\/h6>\n<h6><span style=\"color: #ff9900;\">Semin\u021bele au fost tratate cu Biostimulatorul ORGANIC\u00a0 OPTIUM, care le-a dat culoarea cafenie.<\/span><\/h6>\n<h6><\/h6>\n<h6><\/h6>\n<p>&nbsp;<\/p>\n<p>&nbsp;<\/p>\n","protected":false},"excerpt":{"rendered":"<h6><span style=\"color: #0000ff;\">250 semin\u021be<\/span><img loading=\"lazy\" decoding=\"async\" class=\"alignnone wp-image-6106\" style=\"font-style: inherit; font-weight: inherit; color: #0000ff;\" src=\"https:\/\/vivasem.ro\/wp-content\/uploads\/2021\/12\/NOU3.jpg\" alt=\"\" width=\"72\" height=\"69\" srcset=\"https:\/\/vivasem.ro\/wp-content\/uploads\/2021\/12\/NOU3.jpg 270w, https:\/\/vivasem.ro\/wp-content\/uploads\/2021\/12\/NOU3-248x241.jpg 248w\" sizes=\"auto, (max-width: 72px) 100vw, 72px\" \/><\/h6>\n<h6><\/h6>\n","protected":false},"featured_media":6672,"comment_status":"open","ping_status":"closed","template":"","meta":{"site-sidebar-layout":"default","site-content-layout":"default","ast-site-content-layout":"default","site-content-style":"default","site-sidebar-style":"default","ast-global-header-display":"","ast-banner-title-visibility":"","ast-main-header-display":"","ast-hfb-above-header-display":"","ast-hfb-below-header-display":"","ast-hfb-mobile-header-display":"","site-post-title":"","ast-breadcrumbs-content":"","ast-featured-img":"","footer-sml-layout":"","ast-disable-related-posts":"","theme-transparent-header-meta":"default","adv-header-id-meta":"","stick-header-meta":"","header-above-stick-meta":"","header-main-stick-meta":"","header-below-stick-meta":"","astra-migrate-meta-layouts":"set","ast-page-background-enabled":"default","ast-page-background-meta":{"desktop":{"background-color":"var(--ast-global-color-4)","background-image":"","background-repeat":"repeat","background-position":"center center","background-size":"auto","background-attachment":"scroll","background-type":"","background-media":"","overlay-type":"","overlay-color":"","overlay-opacity":"","overlay-gradient":""},"tablet":{"background-color":"","background-image":"","background-repeat":"repeat","background-position":"center center","background-size":"auto","background-attachment":"scroll","background-type":"","background-media":"","overlay-type":"","overlay-color":"","overlay-opacity":"","overlay-gradient":""},"mobile":{"background-color":"","background-image":"","background-repeat":"repeat","background-position":"center center","background-size":"auto","background-attachment":"scroll","background-type":"","background-media":"","overlay-type":"","overlay-color":"","overlay-opacity":"","overlay-gradient":""}},"ast-content-background-meta":{"desktop":{"background-color":"var(--ast-global-color-5)","background-image":"","background-repeat":"repeat","background-position":"center center","background-size":"auto","background-attachment":"scroll","background-type":"","background-media":"","overlay-type":"","overlay-color":"","overlay-opacity":"","overlay-gradient":""},"tablet":{"background-color":"var(--ast-global-color-5)","background-image":"","background-repeat":"repeat","background-position":"center center","background-size":"auto","background-attachment":"scroll","background-type":"","background-media":"","overlay-type":"","overlay-color":"","overlay-opacity":"","overlay-gradient":""},"mobile":{"background-color":"var(--ast-global-color-5)","background-image":"","background-repeat":"repeat","background-position":"center center","background-size":"auto","background-attachment":"scroll","background-type":"","background-media":"","overlay-type":"","overlay-color":"","overlay-opacity":"","overlay-gradient":""}}},"product_brand":[],"product_cat":[84,146],"product_tag":[],"class_list":{"0":"post-7136","1":"product","2":"type-product","3":"status-publish","4":"has-post-thumbnail","6":"product_cat-ardei","7":"product_cat-ardei-soi","8":"desktop-align-left","9":"tablet-align-left","10":"mobile-align-left","12":"first","13":"outofstock","14":"taxable","15":"shipping-taxable","16":"purchasable","17":"product-type-simple"},"_links":{"self":[{"href":"https:\/\/vivasem.ro\/index.php?rest_route=\/wp\/v2\/product\/7136","targetHints":{"allow":["GET"]}}],"collection":[{"href":"https:\/\/vivasem.ro\/index.php?rest_route=\/wp\/v2\/product"}],"about":[{"href":"https:\/\/vivasem.ro\/index.php?rest_route=\/wp\/v2\/types\/product"}],"replies":[{"embeddable":true,"href":"https:\/\/vivasem.ro\/index.php?rest_route=%2Fwp%2Fv2%2Fcomments&post=7136"}],"wp:featuredmedia":[{"embeddable":true,"href":"https:\/\/vivasem.ro\/index.php?rest_route=\/wp\/v2\/media\/6672"}],"wp:attachment":[{"href":"https:\/\/vivasem.ro\/index.php?rest_route=%2Fwp%2Fv2%2Fmedia&parent=7136"}],"wp:term":[{"taxonomy":"product_brand","embeddable":true,"href":"https:\/\/vivasem.ro\/index.php?rest_route=%2Fwp%2Fv2%2Fproduct_brand&post=7136"},{"taxonomy":"product_cat","embeddable":true,"href":"https:\/\/vivasem.ro\/index.php?rest_route=%2Fwp%2Fv2%2Fproduct_cat&post=7136"},{"taxonomy":"product_tag","embeddable":true,"href":"https:\/\/vivasem.ro\/index.php?rest_route=%2Fwp%2Fv2%2Fproduct_tag&post=7136"}],"curies":[{"name":"wp","href":"https:\/\/api.w.org\/{rel}","templated":true}]}}